{"id":9,"date":"2021-08-19T11:30:01","date_gmt":"2021-08-19T11:30:01","guid":{"rendered":"http:\/\/www.gustocadiz.com\/?page_id=9"},"modified":"2022-01-04T15:01:47","modified_gmt":"2022-01-04T13:01:47","slug":"territorios","status":"publish","type":"page","link":"https:\/\/www.gustocadiz.com\/es\/territorios\/","title":{"rendered":"Territorios"},"content":{"rendered":"<div class=\"wp-bootstrap-blocks-container container mb-0 sec-1\">\n\t\n<div class=\"wp-bootstrap-blocks-row row\">\n\t\n\n<div class=\"col-12 col-sm-12 col-md-10 col-lg-10 col-xl-10 offset-md-1 offset-lg-1 offset-xl-1 text-center\">\n\t\t\t\n\n<h2 class=\"wp-block-heading\">Gustosa Diversidad<\/h2>\n\n\n\n<p>La provincia de C\u00e1diz, en el extremo m\u00e1s meridional de Espa\u00f1a, tiene forma de tri\u00e1ngulo y gusto a diversidad. Su clima es fruto de variadas combinaciones de horas de sol, nubosidad, lluvia y peculiares vientos. Posee playas espectaculares, marismas y esteros, escarpadas sierras, extensas dehesas y f\u00e9rtiles campi\u00f1as.<br>Pocas zonas del mundo tienen la suerte de contar con este abanico de <em>terroirs<\/em> singulares con tan potente personalidad. El resultado es una amalgama apasionante de productos de la tierra y el mar que definen sus tradiciones gastron\u00f3micas.<\/p>\n\n\t<\/div>\n\n<\/div>\n\n\n<div class=\"wp-bootstrap-blocks-row row\">\n\t\n\n<div class=\"col-12 col-sm-12 col-md-4 col-lg-4 col-xl-4 text-center\">\n\t\t\t\n\n<figure class=\"wp-block-image size-full img-fluid\"><img loading=\"lazy\" decoding=\"async\" width=\"390\" height=\"390\" src=\"http:\/\/www.gustocadiz.com\/wp-content\/uploads\/2021\/12\/territorios-costa.jpg\" alt=\"\" class=\"wp-image-1753\" srcset=\"https:\/\/www.gustocadiz.com\/wp-content\/uploads\/2021\/12\/territorios-costa.jpg 390w, https:\/\/www.gustocadiz.com\/wp-content\/uploads\/2021\/12\/territorios-costa-300x300.jpg 300w, https:\/\/www.gustocadiz.com\/wp-content\/uploads\/2021\/12\/territorios-costa-150x150.jpg 150w\" sizes=\"auto, (max-width: 390px) 100vw, 390px\" \/><\/figure>\n\n\n\n<a href=\"https:\/\/www.gustocadiz.com\/es\/territorios\/la-costa\/\" class=\"cta costa\">La Costa<\/a>\n\n\t<\/div>\n\n\n\n<div class=\"col-12 col-sm-12 col-md-4 col-lg-4 col-xl-4 text-center\">\n\t\t\t\n\n<figure class=\"wp-block-image size-full img-fluid\"><img loading=\"lazy\" decoding=\"async\" width=\"390\" height=\"390\" src=\"http:\/\/www.gustocadiz.com\/wp-content\/uploads\/2021\/12\/territorios-campina.jpg\" alt=\"\" class=\"wp-image-1751\" srcset=\"https:\/\/www.gustocadiz.com\/wp-content\/uploads\/2021\/12\/territorios-campina.jpg 390w, https:\/\/www.gustocadiz.com\/wp-content\/uploads\/2021\/12\/territorios-campina-300x300.jpg 300w, https:\/\/www.gustocadiz.com\/wp-content\/uploads\/2021\/12\/territorios-campina-150x150.jpg 150w\" sizes=\"auto, (max-width: 390px) 100vw, 390px\" \/><\/figure>\n\n\n\n<a href=\"https:\/\/www.gustocadiz.com\/es\/territorios\/la-campina\/\" class=\"cta campana\">La Campi\u00f1a<\/a>\n\n\t<\/div>\n\n\n\n<div class=\"col-12 col-sm-12 col-md-4 col-lg-4 col-xl-4 text-center\">\n\t\t\t\n\n<figure class=\"wp-block-image size-full img-fluid\"><img loading=\"lazy\" decoding=\"async\" width=\"390\" height=\"390\" src=\"http:\/\/www.gustocadiz.com\/wp-content\/uploads\/2021\/12\/territorios-sierra.jpg\" alt=\"\" class=\"wp-image-1749\" srcset=\"https:\/\/www.gustocadiz.com\/wp-content\/uploads\/2021\/12\/territorios-sierra.jpg 390w, https:\/\/www.gustocadiz.com\/wp-content\/uploads\/2021\/12\/territorios-sierra-300x300.jpg 300w, https:\/\/www.gustocadiz.com\/wp-content\/uploads\/2021\/12\/territorios-sierra-150x150.jpg 150w\" sizes=\"auto, (max-width: 390px) 100vw, 390px\" \/><\/figure>\n\n\n\n<a href=\"https:\/\/www.gustocadiz.com\/es\/territorios\/la-sierra\/\" class=\"cta sierra\">La Sierra<\/a>\n\n\t<\/div>\n\n<\/div>\n\n<\/div>\n\n\n<div class=\"wp-bootstrap-blocks-container container mb-2\">\n\t\n<div class=\"wp-bootstrap-blocks-row row\">\n\t\n\n<div class=\"col-12 col-sm-12 col-md-12 col-lg-12 col-xl-12\">\n\t\t\t\n\n<div class=\"wp-block-group banner\"><div class=\"wp-block-group__inner-container is-layout-flow wp-block-group-is-layout-flow\">\n<figure class=\"wp-block-image size-large img-fluid\"><img loading=\"lazy\" decoding=\"async\" width=\"1024\" height=\"250\" src=\"https:\/\/www.gustocadiz.com\/wp-content\/uploads\/2021\/08\/empresas-fondo-1024x250.jpg\" alt=\"\" class=\"wp-image-2074\" srcset=\"https:\/\/www.gustocadiz.com\/wp-content\/uploads\/2021\/08\/empresas-fondo-1024x250.jpg 1024w, https:\/\/www.gustocadiz.com\/wp-content\/uploads\/2021\/08\/empresas-fondo-300x73.jpg 300w, https:\/\/www.gustocadiz.com\/wp-content\/uploads\/2021\/08\/empresas-fondo-768x187.jpg 768w, https:\/\/www.gustocadiz.com\/wp-content\/uploads\/2021\/08\/empresas-fondo.jpg 1230w\" sizes=\"auto, (max-width: 1024px) 100vw, 1024px\" \/><\/figure>\n\n\n\n<div class=\"wp-block-group texto\"><div class=\"wp-block-group__inner-container is-layout-flow wp-block-group-is-layout-flow\">\n<h2 class=\"wp-block-heading\">Empresas de nuestros territorios<\/h2>\n\n\n\n<a href=\"https:\/\/www.gustocadiz.com\/es\/empresas-gastronomicas\/\" class=\"cta white\">Empresas<\/a>\n<\/div><\/div>\n<\/div><\/div>\n\n\n\n<div class=\"wp-block-group banner\"><div class=\"wp-block-group__inner-container is-layout-flow wp-block-group-is-layout-flow\">\n<figure class=\"wp-block-image size-large img-fluid\"><img loading=\"lazy\" decoding=\"async\" width=\"1024\" height=\"250\" src=\"https:\/\/www.gustocadiz.com\/wp-content\/uploads\/2021\/08\/glosario-fondo-1024x250.jpg\" alt=\"\" class=\"wp-image-2076\" srcset=\"https:\/\/www.gustocadiz.com\/wp-content\/uploads\/2021\/08\/glosario-fondo-1024x250.jpg 1024w, https:\/\/www.gustocadiz.com\/wp-content\/uploads\/2021\/08\/glosario-fondo-300x73.jpg 300w, https:\/\/www.gustocadiz.com\/wp-content\/uploads\/2021\/08\/glosario-fondo-768x187.jpg 768w, https:\/\/www.gustocadiz.com\/wp-content\/uploads\/2021\/08\/glosario-fondo.jpg 1230w\" sizes=\"auto, (max-width: 1024px) 100vw, 1024px\" \/><\/figure>\n\n\n\n<div class=\"wp-block-group texto\"><div class=\"wp-block-group__inner-container is-layout-flow wp-block-group-is-layout-flow\">\n<h2 class=\"wp-block-heading\">Glosario Gastron\u00f3mico<\/h2>\n\n\n\n<a href=\"https:\/\/www.gustocadiz.com\/es\/glosario\/\" class=\"cta white\">Glosario Gastron\u00f3mico<\/a>\n<\/div><\/div>\n<\/div><\/div>\n\n\t<\/div>\n\n<\/div>\n\n<\/div>\n","protected":false},"excerpt":{"rendered":"","protected":false},"author":7,"featured_media":0,"parent":0,"menu_order":0,"comment_status":"closed","ping_status":"closed","template":"page-templates\/content-full-width.php","meta":{"inline_featured_image":false,"_monsterinsights_skip_tracking":false,"_monsterinsights_sitenote_active":false,"_monsterinsights_sitenote_note":"","_monsterinsights_sitenote_category":0,"footnotes":""},"class_list":["post-9","page","type-page","status-publish","hentry"],"yoast_head":"<!-- This site is optimized with the Yoast SEO plugin v19.9 - https:\/\/yoast.com\/wordpress\/plugins\/seo\/ -->\n<title>Territorios - Gusto C\u00e1diz<\/title>\n<meta name=\"robots\" content=\"index, follow, max-snippet:-1, max-image-preview:large, max-video-preview:-1\" \/>\n<link rel=\"canonical\" href=\"https:\/\/www.gustocadiz.com\/es\/territorios\/\" \/>\n<meta property=\"og:locale\" content=\"es_ES\" \/>\n<meta property=\"og:type\" content=\"article\" \/>\n<meta property=\"og:title\" content=\"Territorios - Gusto C\u00e1diz\" \/>\n<meta property=\"og:url\" content=\"https:\/\/www.gustocadiz.com\/es\/territorios\/\" \/>\n<meta property=\"og:site_name\" content=\"Gusto C\u00e1diz\" \/>\n<meta property=\"article:modified_time\" content=\"2022-01-04T13:01:47+00:00\" \/>\n<meta property=\"og:image\" content=\"http:\/\/www.gustocadiz.com\/wp-content\/uploads\/2021\/12\/territorios-costa.jpg\" \/>\n<meta name=\"twitter:card\" content=\"summary_large_image\" \/>\n<meta name=\"twitter:label1\" content=\"Tiempo de lectura\" \/>\n\t<meta name=\"twitter:data1\" content=\"2 minutos\" \/>\n<script type=\"application\/ld+json\" class=\"yoast-schema-graph\">{\"@context\":\"https:\/\/schema.org\",\"@graph\":[{\"@type\":\"WebPage\",\"@id\":\"https:\/\/www.gustocadiz.com\/es\/territorios\/\",\"url\":\"https:\/\/www.gustocadiz.com\/es\/territorios\/\",\"name\":\"Territorios - Gusto C\u00e1diz\",\"isPartOf\":{\"@id\":\"https:\/\/www.gustocadiz.com\/#website\"},\"datePublished\":\"2021-08-19T11:30:01+00:00\",\"dateModified\":\"2022-01-04T13:01:47+00:00\",\"breadcrumb\":{\"@id\":\"https:\/\/www.gustocadiz.com\/es\/territorios\/#breadcrumb\"},\"inLanguage\":\"es\",\"potentialAction\":[{\"@type\":\"ReadAction\",\"target\":[\"https:\/\/www.gustocadiz.com\/es\/territorios\/\"]}]},{\"@type\":\"BreadcrumbList\",\"@id\":\"https:\/\/www.gustocadiz.com\/es\/territorios\/#breadcrumb\",\"itemListElement\":[{\"@type\":\"ListItem\",\"position\":1,\"name\":\"Home\",\"item\":\"https:\/\/www.gustocadiz.com\/es\/\"},{\"@type\":\"ListItem\",\"position\":2,\"name\":\"Territorios\"}]},{\"@type\":\"WebSite\",\"@id\":\"https:\/\/www.gustocadiz.com\/#website\",\"url\":\"https:\/\/www.gustocadiz.com\/\",\"name\":\"Gusto C\u00e1diz\",\"description\":\"Alimentos y vinos originales del Sur de Espa\u00f1a\",\"potentialAction\":[{\"@type\":\"SearchAction\",\"target\":{\"@type\":\"EntryPoint\",\"urlTemplate\":\"https:\/\/www.gustocadiz.com\/?s={search_term_string}\"},\"query-input\":\"required name=search_term_string\"}],\"inLanguage\":\"es\"}]}<\/script>\n<!-- \/ Yoast SEO plugin. -->","yoast_head_json":{"title":"Territorios - Gusto C\u00e1diz","robots":{"index":"index","follow":"follow","max-snippet":"max-snippet:-1","max-image-preview":"max-image-preview:large","max-video-preview":"max-video-preview:-1"},"canonical":"https:\/\/www.gustocadiz.com\/es\/territorios\/","og_locale":"es_ES","og_type":"article","og_title":"Territorios - Gusto C\u00e1diz","og_url":"https:\/\/www.gustocadiz.com\/es\/territorios\/","og_site_name":"Gusto C\u00e1diz","article_modified_time":"2022-01-04T13:01:47+00:00","og_image":[{"url":"http:\/\/www.gustocadiz.com\/wp-content\/uploads\/2021\/12\/territorios-costa.jpg"}],"twitter_card":"summary_large_image","twitter_misc":{"Tiempo de lectura":"2 minutos"},"schema":{"@context":"https:\/\/schema.org","@graph":[{"@type":"WebPage","@id":"https:\/\/www.gustocadiz.com\/es\/territorios\/","url":"https:\/\/www.gustocadiz.com\/es\/territorios\/","name":"Territorios - Gusto C\u00e1diz","isPartOf":{"@id":"https:\/\/www.gustocadiz.com\/#website"},"datePublished":"2021-08-19T11:30:01+00:00","dateModified":"2022-01-04T13:01:47+00:00","breadcrumb":{"@id":"https:\/\/www.gustocadiz.com\/es\/territorios\/#breadcrumb"},"inLanguage":"es","potentialAction":[{"@type":"ReadAction","target":["https:\/\/www.gustocadiz.com\/es\/territorios\/"]}]},{"@type":"BreadcrumbList","@id":"https:\/\/www.gustocadiz.com\/es\/territorios\/#breadcrumb","itemListElement":[{"@type":"ListItem","position":1,"name":"Home","item":"https:\/\/www.gustocadiz.com\/es\/"},{"@type":"ListItem","position":2,"name":"Territorios"}]},{"@type":"WebSite","@id":"https:\/\/www.gustocadiz.com\/#website","url":"https:\/\/www.gustocadiz.com\/","name":"Gusto C\u00e1diz","description":"Alimentos y vinos originales del Sur de Espa\u00f1a","potentialAction":[{"@type":"SearchAction","target":{"@type":"EntryPoint","urlTemplate":"https:\/\/www.gustocadiz.com\/?s={search_term_string}"},"query-input":"required name=search_term_string"}],"inLanguage":"es"}]}},"_links":{"self":[{"href":"https:\/\/www.gustocadiz.com\/es\/wp-json\/wp\/v2\/pages\/9","targetHints":{"allow":["GET"]}}],"collection":[{"href":"https:\/\/www.gustocadiz.com\/es\/wp-json\/wp\/v2\/pages"}],"about":[{"href":"https:\/\/www.gustocadiz.com\/es\/wp-json\/wp\/v2\/types\/page"}],"author":[{"embeddable":true,"href":"https:\/\/www.gustocadiz.com\/es\/wp-json\/wp\/v2\/users\/7"}],"replies":[{"embeddable":true,"href":"https:\/\/www.gustocadiz.com\/es\/wp-json\/wp\/v2\/comments?post=9"}],"version-history":[{"count":11,"href":"https:\/\/www.gustocadiz.com\/es\/wp-json\/wp\/v2\/pages\/9\/revisions"}],"predecessor-version":[{"id":2022,"href":"https:\/\/www.gustocadiz.com\/es\/wp-json\/wp\/v2\/pages\/9\/revisions\/2022"}],"wp:attachment":[{"href":"https:\/\/www.gustocadiz.com\/es\/wp-json\/wp\/v2\/media?parent=9"}],"curies":[{"name":"wp","href":"https:\/\/api.w.org\/{rel}","templated":true}]}}