{"id":712,"date":"2021-08-26T10:37:51","date_gmt":"2021-08-26T10:37:51","guid":{"rendered":"http:\/\/www.gustocadiz.com\/?page_id=712"},"modified":"2021-12-03T10:02:59","modified_gmt":"2021-12-03T08:02:59","slug":"bebidas-espirituosas","status":"publish","type":"page","link":"https:\/\/www.gustocadiz.com\/es\/vinos\/bebidas-espirituosas\/","title":{"rendered":"Bebidas espirituosas"},"content":{"rendered":"<div class=\"wp-bootstrap-blocks-container container mb-0\">\n\t\n<div class=\"wp-bootstrap-blocks-container container mb-2\">\n\t\n<div class=\"wp-bootstrap-blocks-row row\">\n\t\n\n<div class=\"col-12 col-sm-12 col-md-8 col-lg-8 col-xl-8 text-center offset-md-2 offset-lg-2 offset-xl-2\">\n\t\t\t\n\n<h1 class=\"wp-block-heading\">Esp\u00edritu<br>Propio<\/h1>\n\n\n\n<p>La provincia de C\u00e1diz posee una rica historia y cierto renombre en la producci\u00f3n de bebidas destiladas. Se producen algunas de las ginebras y licores imprescindibles dentro de la oferta espa\u00f1ola de este tipo de productos. Especial menci\u00f3n merece el famoso Brandy de Jerez, muy apreciado y consumido ampliamente en toda Espa\u00f1a y en el exterior. Sus caracter\u00edsticas organol\u00e9pticas, propias y singulares, fruto de su tradicional sistema de elaboraci\u00f3n, lo diferencian de otros brandies. Calidad, aroma y sabor. \u00a1Un gusto para el esp\u00edritu!<\/p>\n\n\t<\/div>\n\n<\/div>\n\n\n<div class=\"wp-bootstrap-blocks-row row\">\n\t\n\n<div class=\"col-12 col-sm-12 col-md-4 col-lg-4 col-xl-4 offset-md-1 offset-lg-1 offset-xl-1\">\n\t\t\t\n\n<p>Las bebidas espirituosas se obtienen mediante la destilaci\u00f3n de distintos productos naturales fermentados de origen agr\u00edcola (uva, cereales, frutos secos, remolacha, ca\u00f1a, fruta, etc.). Se incluyen en esta designaci\u00f3n, el brandy, la ginebra, los licores, entre otros. Cuenta la provincia de C\u00e1diz con varias empresas elaboradoras de destilados de gran renombre. Algunas se han convertido en importantes grupos empresariales con un amplio cat\u00e1logo de marcas que cubren un gran espectro de bebidas espirituosas, algunas de ellas en posiciones de liderazgo.<\/p>\n\n\t<\/div>\n\n\n\n<div class=\"col-12 col-sm-12 col-md-5 col-lg-5 col-xl-5 offset-md-1 offset-lg-1 offset-xl-1\">\n\t\t\t\n\n<figure class=\"wp-block-image size-full img-fluid\"><img loading=\"lazy\" decoding=\"async\" width=\"495\" height=\"346\" src=\"http:\/\/www.gustocadiz.com\/wp-content\/uploads\/2021\/12\/bebidas-e-img-1.jpg\" alt=\"\" class=\"wp-image-1909\" srcset=\"https:\/\/www.gustocadiz.com\/wp-content\/uploads\/2021\/12\/bebidas-e-img-1.jpg 495w, https:\/\/www.gustocadiz.com\/wp-content\/uploads\/2021\/12\/bebidas-e-img-1-300x210.jpg 300w\" sizes=\"auto, (max-width: 495px) 100vw, 495px\" \/><\/figure>\n\n\t<\/div>\n\n<\/div>\n\n<\/div>\n\n<\/div>\n\n\n\n<div class=\"wp-block-group bg-amarillo_oscuro\"><div class=\"wp-block-group__inner-container is-layout-flow wp-block-group-is-layout-flow\"><div class=\"wp-bootstrap-blocks-container container mb-0\">\n\t\n<div class=\"wp-bootstrap-blocks-row row\">\n\t\n\n<div class=\"col-12 col-sm-12 col-md-8 col-lg-8 col-xl-8 text-center offset-md-2 offset-lg-2 offset-xl-2\">\n\t\t\t\n\n<p class=\"white\">En Espa\u00f1a existe una gran tradici\u00f3n en la elaboraci\u00f3n de Brandy, lo que con el tiempo nos ha convertido en uno de los principales elaboradores y consumidores mundiales. El Brandy de Jerez cuenta, desde 1989, con una Denominaci\u00f3n de Origen.<\/p>\n\n\t<\/div>\n\n<\/div>\n\n<\/div>\n<\/div><\/div>\n\n\n<div class=\"wp-bootstrap-blocks-container container mb-0\">\n\t\n<div class=\"wp-bootstrap-blocks-row row\">\n\t\n\n<div class=\"col-12 col-sm-12 col-md-6 col-lg-6 col-xl-6\">\n\t\t\t\n\n<figure class=\"wp-block-image size-full img-fluid\"><img loading=\"lazy\" decoding=\"async\" width=\"601\" height=\"401\" src=\"http:\/\/www.gustocadiz.com\/wp-content\/uploads\/2021\/12\/bebidas-e-img-2.jpg\" alt=\"\" class=\"wp-image-1907\" srcset=\"https:\/\/www.gustocadiz.com\/wp-content\/uploads\/2021\/12\/bebidas-e-img-2.jpg 601w, https:\/\/www.gustocadiz.com\/wp-content\/uploads\/2021\/12\/bebidas-e-img-2-300x200.jpg 300w\" sizes=\"auto, (max-width: 601px) 100vw, 601px\" \/><\/figure>\n\n\t<\/div>\n\n\n\n<div class=\"col-12 col-sm-12 col-md-6 col-lg-6 col-xl-6\">\n\t\t\t\n\n<p>El Brandy es una bebida destilada con siglos de historia. A principios del siglo XIX, con la llegada a Jerez de comerciantes ingleses y franceses, comenz\u00f3 el caracter\u00edstico proceso de elaboraci\u00f3n y crianza del Brandy de Jerez y se crearon las marcas de renombre. M\u00e1s tarde, en el siglo XX, inici\u00f3 una etapa de expansi\u00f3n y reconocimiento mundial, que se ha consolidado ampliamente en el presente.<br><br>En las \u00faltimas d\u00e9cadas, el desarrollo experimental en el proceso de elaboraci\u00f3n de nuevos brandies mediante la introducci\u00f3n de innovaciones tecnol\u00f3gicas, ha dado como resultado una bebida espirituosa diferente, que destaca en gran parte del mundo.<br><br>El Brandy de Jerez se envejece en las famosas \u201cbotas de Jerez\u201d: barricas de roble americano de 500 litros de capacidad que han debido ser envinadas con algunos de los tipos tradicionales de Vino de Jerez (Fino, Amontillado, Oloroso, Pedro Xim\u00e9nez, etc.). Adem\u00e1s, es de destacar que este envejecimiento est\u00e1 acompa\u00f1ado de las condiciones clim\u00e1ticas y ambientales \u00fanicas que se dan en la zona de elaboraci\u00f3n, y el empleo del tradicional sistema de criaderas y solera para su envejecimiento. Este se produce exclusivamente en los t\u00e9rminos municipales de Jerez de la Frontera, El Puerto de Santa Maria y Sanl\u00facar de Barrameda.<\/p>\n\n\t<\/div>\n\n<\/div>\n\n\n<div class=\"wp-bootstrap-blocks-row row\">\n\t\n\n<div class=\"col-12 col-sm-12 col-md-10 col-lg-10 col-xl-10 text-center offset-md-1 offset-lg-1 offset-xl-1\">\n\t\t\t\n\n<h6 class=\"fichas verde wp-block-heading\">Presenta una demanda creciente entre los consumidores internacionales de este tipo de bebidas, con su singular sabor, rico e intenso, lleno de matices arom\u00e1ticos y notas de roble. Un placer para los sentidos.<\/h6>\n\n\n\n<h6 class=\"fichas verde wp-block-heading\">Las uvas utilizadas son la Air\u00e9n y Palomino. La destilaci\u00f3n se realiza con los vinos sin sus l\u00edas y mediante una destilaci\u00f3n simple, separando las cabezas y colas y escogiendo s\u00f3lo la fracci\u00f3n central de los aguardientes. Se utilizan, para realizarla, alambiques de cobre llamados alquitaras.<\/h6>\n\n\n\n<p><\/p>\n\n\t<\/div>\n\n<\/div>\n\n\n<div class=\"wp-bootstrap-blocks-row row\">\n\t\n\n<div class=\"col-12 col-sm-12 col-md-5 col-lg-5 col-xl-5\">\n\t\t\t\n\n<p>Tipos de brandy: en funci\u00f3n del tiempo de envejecimiento, existen tres tipos de Brandy de Jerez:<\/p>\n\n\n\n<ul class=\"wp-block-list\"><li>Brandy de Jerez Solera: el m\u00e1s joven y afrutado, con un envejecimiento promedio de un a\u00f1o y contenido de componentes vol\u00e1tiles superior a 150 mg. por cada 100 cc. de alcohol puro.<\/li><li>Brandy de Jerez Solera Reserva: envejecimiento promedio de tres a\u00f1os y un contenido total de componentes vol\u00e1tiles de 200 mg. por cada 100 cc. de alcohol puro.<\/li><li>Brandy de Jerez Solera Gran Reserva: envejecimiento promedio de diez a\u00f1os y un contenido total de componentes vol\u00e1tiles de 250 mg. por cada 100 cc. de alcohol puro.<\/li><\/ul>\n\n\t<\/div>\n\n\n\n<div class=\"col-12 col-sm-12 col-md-5 col-lg-5 col-xl-5 offset-md-1 offset-lg-1 offset-xl-1\">\n\t\t\t\n\n<figure class=\"wp-block-image size-full img-fluid\"><img loading=\"lazy\" decoding=\"async\" width=\"495\" height=\"333\" src=\"http:\/\/www.gustocadiz.com\/wp-content\/uploads\/2021\/12\/bebidas-e-img-3.jpg\" alt=\"\" class=\"wp-image-1905\" srcset=\"https:\/\/www.gustocadiz.com\/wp-content\/uploads\/2021\/12\/bebidas-e-img-3.jpg 495w, https:\/\/www.gustocadiz.com\/wp-content\/uploads\/2021\/12\/bebidas-e-img-3-300x202.jpg 300w\" sizes=\"auto, (max-width: 495px) 100vw, 495px\" \/><\/figure>\n\n\t<\/div>\n\n<\/div>\n\n<\/div>\n\n\n<div class=\"wp-bootstrap-blocks-container container mb-0\">\n\t\n<div class=\"wp-bootstrap-blocks-row row\">\n\t\n\n<div class=\"col-12 col-sm-12 col-md-12 col-lg-12 col-xl-12\">\n\t\t\t\n\n<div class=\"wp-block-group banner\"><div class=\"wp-block-group__inner-container is-layout-flow wp-block-group-is-layout-flow\">\n<figure class=\"wp-block-image size-large img-fluid\"><img loading=\"lazy\" decoding=\"async\" width=\"1024\" height=\"250\" src=\"https:\/\/www.gustocadiz.com\/wp-content\/uploads\/2021\/08\/empresas-fondo-1024x250.jpg\" alt=\"\" class=\"wp-image-2074\" srcset=\"https:\/\/www.gustocadiz.com\/wp-content\/uploads\/2021\/08\/empresas-fondo-1024x250.jpg 1024w, https:\/\/www.gustocadiz.com\/wp-content\/uploads\/2021\/08\/empresas-fondo-300x73.jpg 300w, https:\/\/www.gustocadiz.com\/wp-content\/uploads\/2021\/08\/empresas-fondo-768x187.jpg 768w, https:\/\/www.gustocadiz.com\/wp-content\/uploads\/2021\/08\/empresas-fondo.jpg 1230w\" sizes=\"auto, (max-width: 1024px) 100vw, 1024px\" \/><\/figure>\n\n\n\n<div class=\"wp-block-group texto\"><div class=\"wp-block-group__inner-container is-layout-flow wp-block-group-is-layout-flow\">\n<h2 class=\"wp-block-heading\">Empresas de nuestros territorios<\/h2>\n\n\n\n<a href=\"https:\/\/www.gustocadiz.com\/es\/empresas-gastronomicas\/\" class=\"cta white\">Empresas<\/a>\n<\/div><\/div>\n<\/div><\/div>\n\n\n\n<div class=\"wp-block-group banner\"><div class=\"wp-block-group__inner-container is-layout-flow wp-block-group-is-layout-flow\">\n<figure class=\"wp-block-image size-large img-fluid\"><img loading=\"lazy\" decoding=\"async\" width=\"1024\" height=\"250\" src=\"https:\/\/www.gustocadiz.com\/wp-content\/uploads\/2021\/08\/glosario-fondo-1024x250.jpg\" alt=\"\" class=\"wp-image-2076\" srcset=\"https:\/\/www.gustocadiz.com\/wp-content\/uploads\/2021\/08\/glosario-fondo-1024x250.jpg 1024w, https:\/\/www.gustocadiz.com\/wp-content\/uploads\/2021\/08\/glosario-fondo-300x73.jpg 300w, https:\/\/www.gustocadiz.com\/wp-content\/uploads\/2021\/08\/glosario-fondo-768x187.jpg 768w, https:\/\/www.gustocadiz.com\/wp-content\/uploads\/2021\/08\/glosario-fondo.jpg 1230w\" sizes=\"auto, (max-width: 1024px) 100vw, 1024px\" \/><\/figure>\n\n\n\n<div class=\"wp-block-group texto\"><div class=\"wp-block-group__inner-container is-layout-flow wp-block-group-is-layout-flow\">\n<h2 class=\"wp-block-heading\">Glosario Gastron\u00f3mico<\/h2>\n\n\n\n<a href=\"https:\/\/www.gustocadiz.com\/es\/glosario\/\" class=\"cta white\">Glosario Gastron\u00f3mico<\/a>\n<\/div><\/div>\n<\/div><\/div>\n\n\t<\/div>\n\n<\/div>\n\n<\/div>\n","protected":false},"excerpt":{"rendered":"","protected":false},"author":7,"featured_media":0,"parent":13,"menu_order":0,"comment_status":"closed","ping_status":"closed","template":"page-templates\/content-nivel-2.php","meta":{"inline_featured_image":false,"_monsterinsights_skip_tracking":false,"_monsterinsights_sitenote_active":false,"_monsterinsights_sitenote_note":"","_monsterinsights_sitenote_category":0,"footnotes":""},"class_list":["post-712","page","type-page","status-publish","hentry"],"yoast_head":"<!-- This site is optimized with the Yoast SEO plugin v19.9 - https:\/\/yoast.com\/wordpress\/plugins\/seo\/ -->\n<title>Bebidas espirituosas - Gusto C\u00e1diz<\/title>\n<meta name=\"robots\" content=\"index, follow, max-snippet:-1, max-image-preview:large, max-video-preview:-1\" \/>\n<link rel=\"canonical\" href=\"https:\/\/www.gustocadiz.com\/es\/vinos\/bebidas-espirituosas\/\" \/>\n<meta property=\"og:locale\" content=\"es_ES\" \/>\n<meta property=\"og:type\" content=\"article\" \/>\n<meta property=\"og:title\" content=\"Bebidas espirituosas - Gusto C\u00e1diz\" \/>\n<meta property=\"og:url\" content=\"https:\/\/www.gustocadiz.com\/es\/vinos\/bebidas-espirituosas\/\" \/>\n<meta property=\"og:site_name\" content=\"Gusto C\u00e1diz\" \/>\n<meta property=\"article:modified_time\" content=\"2021-12-03T08:02:59+00:00\" \/>\n<meta property=\"og:image\" content=\"http:\/\/www.gustocadiz.com\/wp-content\/uploads\/2021\/12\/bebidas-e-img-1.jpg\" \/>\n<meta name=\"twitter:card\" content=\"summary_large_image\" \/>\n<meta name=\"twitter:label1\" content=\"Tiempo de lectura\" \/>\n\t<meta name=\"twitter:data1\" content=\"4 minutos\" \/>\n<script type=\"application\/ld+json\" class=\"yoast-schema-graph\">{\"@context\":\"https:\/\/schema.org\",\"@graph\":[{\"@type\":\"WebPage\",\"@id\":\"https:\/\/www.gustocadiz.com\/es\/vinos\/bebidas-espirituosas\/\",\"url\":\"https:\/\/www.gustocadiz.com\/es\/vinos\/bebidas-espirituosas\/\",\"name\":\"Bebidas espirituosas - Gusto C\u00e1diz\",\"isPartOf\":{\"@id\":\"https:\/\/www.gustocadiz.com\/#website\"},\"datePublished\":\"2021-08-26T10:37:51+00:00\",\"dateModified\":\"2021-12-03T08:02:59+00:00\",\"breadcrumb\":{\"@id\":\"https:\/\/www.gustocadiz.com\/es\/vinos\/bebidas-espirituosas\/#breadcrumb\"},\"inLanguage\":\"es\",\"potentialAction\":[{\"@type\":\"ReadAction\",\"target\":[\"https:\/\/www.gustocadiz.com\/es\/vinos\/bebidas-espirituosas\/\"]}]},{\"@type\":\"BreadcrumbList\",\"@id\":\"https:\/\/www.gustocadiz.com\/es\/vinos\/bebidas-espirituosas\/#breadcrumb\",\"itemListElement\":[{\"@type\":\"ListItem\",\"position\":1,\"name\":\"Home\",\"item\":\"https:\/\/www.gustocadiz.com\/es\/\"},{\"@type\":\"ListItem\",\"position\":2,\"name\":\"Vinos\",\"item\":\"https:\/\/www.gustocadiz.com\/es\/vinos\/\"},{\"@type\":\"ListItem\",\"position\":3,\"name\":\"Bebidas espirituosas\"}]},{\"@type\":\"WebSite\",\"@id\":\"https:\/\/www.gustocadiz.com\/#website\",\"url\":\"https:\/\/www.gustocadiz.com\/\",\"name\":\"Gusto C\u00e1diz\",\"description\":\"Alimentos y vinos originales del Sur de Espa\u00f1a\",\"potentialAction\":[{\"@type\":\"SearchAction\",\"target\":{\"@type\":\"EntryPoint\",\"urlTemplate\":\"https:\/\/www.gustocadiz.com\/?s={search_term_string}\"},\"query-input\":\"required name=search_term_string\"}],\"inLanguage\":\"es\"}]}<\/script>\n<!-- \/ Yoast SEO plugin. -->","yoast_head_json":{"title":"Bebidas espirituosas - Gusto C\u00e1diz","robots":{"index":"index","follow":"follow","max-snippet":"max-snippet:-1","max-image-preview":"max-image-preview:large","max-video-preview":"max-video-preview:-1"},"canonical":"https:\/\/www.gustocadiz.com\/es\/vinos\/bebidas-espirituosas\/","og_locale":"es_ES","og_type":"article","og_title":"Bebidas espirituosas - Gusto C\u00e1diz","og_url":"https:\/\/www.gustocadiz.com\/es\/vinos\/bebidas-espirituosas\/","og_site_name":"Gusto C\u00e1diz","article_modified_time":"2021-12-03T08:02:59+00:00","og_image":[{"url":"http:\/\/www.gustocadiz.com\/wp-content\/uploads\/2021\/12\/bebidas-e-img-1.jpg"}],"twitter_card":"summary_large_image","twitter_misc":{"Tiempo de lectura":"4 minutos"},"schema":{"@context":"https:\/\/schema.org","@graph":[{"@type":"WebPage","@id":"https:\/\/www.gustocadiz.com\/es\/vinos\/bebidas-espirituosas\/","url":"https:\/\/www.gustocadiz.com\/es\/vinos\/bebidas-espirituosas\/","name":"Bebidas espirituosas - Gusto C\u00e1diz","isPartOf":{"@id":"https:\/\/www.gustocadiz.com\/#website"},"datePublished":"2021-08-26T10:37:51+00:00","dateModified":"2021-12-03T08:02:59+00:00","breadcrumb":{"@id":"https:\/\/www.gustocadiz.com\/es\/vinos\/bebidas-espirituosas\/#breadcrumb"},"inLanguage":"es","potentialAction":[{"@type":"ReadAction","target":["https:\/\/www.gustocadiz.com\/es\/vinos\/bebidas-espirituosas\/"]}]},{"@type":"BreadcrumbList","@id":"https:\/\/www.gustocadiz.com\/es\/vinos\/bebidas-espirituosas\/#breadcrumb","itemListElement":[{"@type":"ListItem","position":1,"name":"Home","item":"https:\/\/www.gustocadiz.com\/es\/"},{"@type":"ListItem","position":2,"name":"Vinos","item":"https:\/\/www.gustocadiz.com\/es\/vinos\/"},{"@type":"ListItem","position":3,"name":"Bebidas espirituosas"}]},{"@type":"WebSite","@id":"https:\/\/www.gustocadiz.com\/#website","url":"https:\/\/www.gustocadiz.com\/","name":"Gusto C\u00e1diz","description":"Alimentos y vinos originales del Sur de Espa\u00f1a","potentialAction":[{"@type":"SearchAction","target":{"@type":"EntryPoint","urlTemplate":"https:\/\/www.gustocadiz.com\/?s={search_term_string}"},"query-input":"required name=search_term_string"}],"inLanguage":"es"}]}},"_links":{"self":[{"href":"https:\/\/www.gustocadiz.com\/es\/wp-json\/wp\/v2\/pages\/712","targetHints":{"allow":["GET"]}}],"collection":[{"href":"https:\/\/www.gustocadiz.com\/es\/wp-json\/wp\/v2\/pages"}],"about":[{"href":"https:\/\/www.gustocadiz.com\/es\/wp-json\/wp\/v2\/types\/page"}],"author":[{"embeddable":true,"href":"https:\/\/www.gustocadiz.com\/es\/wp-json\/wp\/v2\/users\/7"}],"replies":[{"embeddable":true,"href":"https:\/\/www.gustocadiz.com\/es\/wp-json\/wp\/v2\/comments?post=712"}],"version-history":[{"count":2,"href":"https:\/\/www.gustocadiz.com\/es\/wp-json\/wp\/v2\/pages\/712\/revisions"}],"predecessor-version":[{"id":1944,"href":"https:\/\/www.gustocadiz.com\/es\/wp-json\/wp\/v2\/pages\/712\/revisions\/1944"}],"up":[{"embeddable":true,"href":"https:\/\/www.gustocadiz.com\/es\/wp-json\/wp\/v2\/pages\/13"}],"wp:attachment":[{"href":"https:\/\/www.gustocadiz.com\/es\/wp-json\/wp\/v2\/media?parent=712"}],"curies":[{"name":"wp","href":"https:\/\/api.w.org\/{rel}","templated":true}]}}