{"id":686,"date":"2021-08-26T10:29:04","date_gmt":"2021-08-26T10:29:04","guid":{"rendered":"http:\/\/www.gustocadiz.com\/?page_id=686"},"modified":"2022-01-19T09:24:06","modified_gmt":"2022-01-19T07:24:06","slug":"vinos-tranquilos","status":"publish","type":"page","link":"https:\/\/www.gustocadiz.com\/es\/vinos\/vinos-tranquilos\/","title":{"rendered":"Vinos tranquilos"},"content":{"rendered":"<div class=\"wp-bootstrap-blocks-container container mb-0\">\n\t\n<div class=\"wp-bootstrap-blocks-container container mb-2\">\n\t\n<div class=\"wp-bootstrap-blocks-row row\">\n\t\n\n<div class=\"col-12 col-sm-12 col-md-8 col-lg-8 col-xl-8 text-center offset-md-2 offset-lg-2 offset-xl-2\">\n\t\t\t\n\n<h1 class=\"wp-block-heading\">Inquietos por<br>Naturaleza<\/h1>\n\n\n\n<p>La gran tradici\u00f3n vitivin\u00edcola de C\u00e1diz, anclada a los vinos de su hist\u00f3rica DO Jerez-X\u00e9r\u00e8s-Sherry, pod\u00eda llevar a pensar que la provincia no era tierra para los vinos tranquilos. Pero en los \u00faltimos a\u00f1os en esta provincia andaluza se ha ido fraguando un cambio radical, que en algunos casos ha sido de recuperaci\u00f3n de unos vinos que ya exist\u00edan, con nuevos proyectos, bodegas, emprendedores, elaboraciones\u2026que la est\u00e1n posicionado como un apasionante territorio para la elaboraci\u00f3n de este tipo de vinos, no fortificados. Los vinos de C\u00e1diz est\u00e1n encontrando su sitio en el entorno de los vinos andaluces y espa\u00f1oles. \u00a1Se ha producido el gran despertar!<\/p>\n\n\t<\/div>\n\n<\/div>\n\n\n<div class=\"wp-bootstrap-blocks-row row\">\n\t\n\n<div class=\"col-12 col-sm-12 col-md-4 col-lg-4 col-xl-4 offset-md-1 offset-lg-1 offset-xl-1\">\n\t\t\t\n\n<p>El de los Vinos Tranquilos es uno de los sectores de mayor crecimiento y dinamismo en la agroalimentaci\u00f3n gaditana en la actualidad. Bodegas de vinos generosos que ampl\u00edan su gama elaborando vinos tranquilos, bodegas de nuevo cu\u00f1o que elaboran solo este tipo de vinos, bodegas boutique que han sido pioneras, emprendedores que crean peque\u00f1as bodegas de autor, grupos de mayetos (como se conocen a los viticultores en Sanlucar) que se unen para elaborar y comercializar sus vinos\u2026La realidad es que hay poca tranquilidad en los vinos no fortificados de C\u00e1diz, y s\u00ed mucha actividad y dinamismo.<\/p>\n\n\t<\/div>\n\n\n\n<div class=\"col-12 col-sm-12 col-md-5 col-lg-5 col-xl-5 offset-md-1 offset-lg-1 offset-xl-1\">\n\t\t\t\n\n<figure class=\"wp-block-image size-full img-fluid\"><img loading=\"lazy\" decoding=\"async\" width=\"495\" height=\"346\" src=\"http:\/\/www.gustocadiz.com\/wp-content\/uploads\/2021\/12\/vinos-t-img-1.jpg\" alt=\"\" class=\"wp-image-1917\" srcset=\"https:\/\/www.gustocadiz.com\/wp-content\/uploads\/2021\/12\/vinos-t-img-1.jpg 495w, https:\/\/www.gustocadiz.com\/wp-content\/uploads\/2021\/12\/vinos-t-img-1-300x210.jpg 300w\" sizes=\"auto, (max-width: 495px) 100vw, 495px\" \/><\/figure>\n\n\t<\/div>\n\n<\/div>\n\n\n<div class=\"wp-bootstrap-blocks-row row\">\n\t\n\n<div class=\"col-12 col-sm-12 col-md-10 col-lg-10 col-xl-10 offset-md-1 offset-lg-1 offset-xl-1\">\n\t\t\t\n\n<p>La variedad Palomino es una de las protagonistas de este movimiento, junto con su tierra albariza, tierra blanca que caracteriza la topograf\u00eda ondulada de los cerros del Marco de Jerez. La albariza es una marga -roca blanda formada por sedimentos- con restos de diatomeas y otros tipos de f\u00f3siles -algas y microorganismos microsc\u00f3picas unicelulares. Hay que tener en cuenta que hace unos 60 millones de a\u00f1os la pr\u00e1ctica totalidad de lo que hoy conocemos como Andaluc\u00eda se encontraba sumergido bajo el mar. Tras el retroceso del agua, qued\u00f3 definido un <em>terroir<\/em> singular y \u00fanico para el cultivo de la vi\u00f1a, con suelos sedimentarios de especial calidad. Algunos de estos pagos, sobre todo cuando est\u00e1n ubicados a una altura superior a los 45 m sobre el nivel del mar, tienen suelos de extraordinaria calidad. Con uvas procedentes de estos pagos se est\u00e1n elaborando unos vinos magn\u00edficos, de los denominados de m\u00ednima intervenci\u00f3n. En realidad, se est\u00e1 produciendo un retroceso, se recuperan viejas cepas y formas de hacer vino blanco al estilo de hace d\u00e9cadas, con variedades antiguas, vi\u00f1as muy viejas y vinos basados totalmente en el terru\u00f1o. Cada vino tiene una trazabilidad justificada, lo que permite percibir las distintas texturas y matices que da cada pago. Son vinos claramente de tendencia.<\/p>\n\n\t<\/div>\n\n<\/div>\n\n<\/div>\n\n<\/div>\n\n\n\n<div class=\"wp-block-group bg-rosa\"><div class=\"wp-block-group__inner-container is-layout-flow wp-block-group-is-layout-flow\"><div class=\"wp-bootstrap-blocks-container container mb-0\">\n\t\n<div class=\"wp-bootstrap-blocks-row row\">\n\t\n\n<div class=\"col-12 col-sm-12 col-md-8 col-lg-8 col-xl-8 text-center offset-md-2 offset-lg-2 offset-xl-2\">\n\t\t\t\n\n<p class=\"white\">Varios son los en\u00f3logos, viticultores y bodegueros implicados en esta recuperaci\u00f3n de la forma antigua de elaborar lo que se denominaba vinos de pasto. Han sido y son pioneros en su forma de entender el vino tranquilo en el Marco de Jerez. Han revalorizado las viejas vi\u00f1as y la producci\u00f3n de vinos con el acento puesto en su <em>terroir<\/em> de origen, en lugar de ponerlo en el proceso de elaboraci\u00f3n y crianza.<\/p>\n\n\t<\/div>\n\n<\/div>\n\n<\/div>\n<\/div><\/div>\n\n\n<div class=\"wp-bootstrap-blocks-container container mb-0\">\n\t\n<div class=\"wp-bootstrap-blocks-row row\">\n\t\n\n<div class=\"col-12 col-sm-12 col-md-6 col-lg-6 col-xl-6\">\n\t\t\t\n\n<figure class=\"wp-block-image size-full img-fluid\"><img loading=\"lazy\" decoding=\"async\" width=\"600\" height=\"407\" src=\"https:\/\/www.gustocadiz.com\/wp-content\/uploads\/2022\/01\/vin\u0303edo-jerez-gc.jpg\" alt=\"\" class=\"wp-image-2060\" srcset=\"https:\/\/www.gustocadiz.com\/wp-content\/uploads\/2022\/01\/vin\u0303edo-jerez-gc.jpg 600w, https:\/\/www.gustocadiz.com\/wp-content\/uploads\/2022\/01\/vin\u0303edo-jerez-gc-300x204.jpg 300w\" sizes=\"auto, (max-width: 600px) 100vw, 600px\" \/><\/figure>\n\n\t<\/div>\n\n\n\n<div class=\"col-12 col-sm-12 col-md-6 col-lg-6 col-xl-6\">\n\t\t\t\n\n<p>Recientemente una serie de bodegas de vinos tranquilos de la zona han formado la Asociaci\u00f3n Territorio Albariza con un sello de calidad auto impuesto que garantiza al consumidor el trabajo honesto, la trazabilidad y el respeto por la cultura vitivin\u00edcola del marco del Jerez.<br><br>Pero no solo la Palomino protagoniza estos movimientos en torno al vino blanco en C\u00e1diz. Antes de la filoxera hab\u00eda cerca de 40 variedades. Se est\u00e1 realizando una creciente labor de recuperaci\u00f3n de algunas de ellas como la Uva Rey, Perruno, Mant\u00faa Castellano, Ca\u00f1ocazo o Vijiriega para la elaboraci\u00f3n de nuevos vinos.<br><br>El resultado de todo este movimiento en el Marco de Jerez son unos vinos que est\u00e1n obteniendo considerable \u00e9xito en la alta restauraci\u00f3n internacional y cosechando prestigio entre los expertos. Minerales, salinos, florales\u2026. con car\u00e1cter diferenciado y gusto diverso seg\u00fan el pago del que proceden. Vinos frescos vinculados con el Atl\u00e1ntico, con un nivel alto de calidad y personalidad propia, que aportan novedad al entorno del vino espa\u00f1ol.<\/p>\n\n\t<\/div>\n\n<\/div>\n\n\n<div class=\"wp-bootstrap-blocks-row row\">\n\t\n\n<div class=\"col-12 col-sm-12 col-md-10 col-lg-10 col-xl-10 text-center offset-md-1 offset-lg-1 offset-xl-1\">\n\t\t\t\n\n<h6 class=\"fichas amarillo_oscuro wp-block-heading\">Tambi\u00e9n los vinos espumosos de C\u00e1diz son otra tendencia al alza. Vinos espumosos de tierras albarizas, a partir de Palomino sola o en coupage con otras variedades, siguiendo diversos m\u00e9todos de elaboraci\u00f3n. Algunas son producciones artesanales con resultados sorprendentes. Otras proceden de grandes bodegas con inquietud para adentrarse tambi\u00e9n en esta tipolog\u00eda de vinos.<\/h6>\n\n\n\n<p><\/p>\n\n\t<\/div>\n\n<\/div>\n\n\n<div class=\"wp-bootstrap-blocks-row row\">\n\t\n\n<div class=\"col-12 col-sm-12 col-md-5 col-lg-5 col-xl-5 offset-md-1 offset-lg-1 offset-xl-1\">\n\t\t\t\n\n<p><\/p>\n\n\n\n<p>Por otra parte, la variedad Pedro Ximenez, tradicionalmente vinculada a los vinos dulces de la DO Jerez-X\u00e9r\u00e8s-Sherry, est\u00e1 siendo utilizada en la elaboraci\u00f3n de coupages diversos, dando lugar a vinos tranquilos y espumosos muy interesantes. Incluso a algunos vinos mono varietales secos de gran elegancia.<br><br>El mundo del vino tinto est\u00e1 teniendo tambi\u00e9n un buen desarrollo desde hace unos cuantos a\u00f1os. En lo que se refiere a variedades aut\u00f3ctonas, destaca la Tintilla de Rota, una uva de muy peque\u00f1o tama\u00f1o que era t\u00edpica de esta localidad y que, pese a tener un pasado glorioso, casi lleg\u00f3 a desaparecer. Pero se recuper\u00f3 por parte de varias bodegas emprendedoras y algunos de los vinos que se elaboran con ella est\u00e1n obteniendo un potente reconocimiento.<br><br>Tambi\u00e9n hay en\u00f3logos y bodegas apostando por nuevas t\u00e9cnicas de vinificaci\u00f3n y por la utilizaci\u00f3n de otras variedades de uvas que consideran que pueden dar buenos rendimientos en la zona. Uvas como la Cabernet Sauvignon, la Tempranillo, la Syrah o la Chardonnay se han plantado con buenos resultados y est\u00e1n dando muchas alegr\u00edas al sector.<\/p>\n\n\t<\/div>\n\n\n\n<div class=\"col-12 col-sm-12 col-md-5 col-lg-5 col-xl-5\">\n\t\t\t\n\n<figure class=\"wp-block-image size-full img-fluid\"><img loading=\"lazy\" decoding=\"async\" width=\"495\" height=\"336\" src=\"http:\/\/www.gustocadiz.com\/wp-content\/uploads\/2021\/12\/vinos-t-img-3.jpg\" alt=\"\" class=\"wp-image-1913\" srcset=\"https:\/\/www.gustocadiz.com\/wp-content\/uploads\/2021\/12\/vinos-t-img-3.jpg 495w, https:\/\/www.gustocadiz.com\/wp-content\/uploads\/2021\/12\/vinos-t-img-3-300x204.jpg 300w\" sizes=\"auto, (max-width: 495px) 100vw, 495px\" \/><\/figure>\n\n\t<\/div>\n\n<\/div>\n\n<\/div>\n\n\n\n<div class=\"wp-block-group bg-azul\"><div class=\"wp-block-group__inner-container is-layout-flow wp-block-group-is-layout-flow\"><div class=\"wp-bootstrap-blocks-container container mb-0\">\n\t\n<div class=\"wp-bootstrap-blocks-row row\">\n\t\n\n<div class=\"col-12 col-sm-12 col-md-8 col-lg-8 col-xl-8 text-center offset-md-2 offset-lg-2 offset-xl-2\">\n\t\t\t\n\n<p class=\"white\">En el 2005 se cre\u00f3 la IGP Vinos de la Tierra de C\u00e1diz. La comarca vit\u00edcola andaluza que ampara, abarca los t\u00e9rminos municipales de Arcos de la Frontera, Chiclana de la Frontera, Chipiona, El Puerto de Santa Mar\u00eda, Jerez de la Frontera, Prado del Rey, Puerto Real, Rota, Sanl\u00facar de Barrameda, Olvera, Setenil, Villamart\u00edn, Bornos, Trebujena y San Jos\u00e9 del Valle.<\/p>\n\n\t<\/div>\n\n<\/div>\n\n<\/div>\n<\/div><\/div>\n\n\n<div class=\"wp-bootstrap-blocks-container container mb-0\">\n\t\n<div class=\"wp-bootstrap-blocks-row row\">\n\t\n\n<div class=\"col-12 col-sm-12 col-md-6 col-lg-6 col-xl-6\">\n\t\t\t\n\n<figure class=\"wp-block-image size-full img-fluid\"><img loading=\"lazy\" decoding=\"async\" width=\"600\" height=\"407\" src=\"http:\/\/www.gustocadiz.com\/wp-content\/uploads\/2021\/12\/vinos-t-img-4.jpg\" alt=\"\" class=\"wp-image-1911\" srcset=\"https:\/\/www.gustocadiz.com\/wp-content\/uploads\/2021\/12\/vinos-t-img-4.jpg 600w, https:\/\/www.gustocadiz.com\/wp-content\/uploads\/2021\/12\/vinos-t-img-4-300x204.jpg 300w\" sizes=\"auto, (max-width: 600px) 100vw, 600px\" \/><\/figure>\n\n\t<\/div>\n\n\n\n<div class=\"col-12 col-sm-12 col-md-6 col-lg-6 col-xl-6\">\n\t\t\t\n\n<p>Sus vinos pueden ser elaborados con las variedades tintas: Syrah, Monastrell, Merlot, Tintilla de Rota, Petit Verdot Cabernet Franc, Garnacha Tinta, Tempranillo, y Cabernet Sauvignon, y con las blancas: Garrido, Palomino, Chardonnay, Moscatel, Mant\u00eda, Perruno, Macabeo, Sauvignon Blanc y Pedro Xim\u00e9nez.<br><br>Entre los territorios del vino tinto gaditano, destacan entre otras, bodegas de Jerez y Arcos de la Frontera, alguna de ellas aut\u00e9nticas pioneras en la provincia. Asimismo, las bodegas de la Sierra de C\u00e1diz, que tambi\u00e9n est\u00e1n innovando, a veces volviendo a variedades antiguas.<br><br>La certificaci\u00f3n de vinos ecol\u00f3gicos no deja de crecer, tanto por parte de grandes bodegas como de peque\u00f1os bodegueros con nuevas iniciativas. Tambi\u00e9n la producci\u00f3n biodin\u00e1mica ha sido adoptada en algunos proyectos de viticultura.<\/p>\n\n\t<\/div>\n\n<\/div>\n\n\n<div class=\"wp-bootstrap-blocks-row row\">\n\t\n\n<div class=\"col-12 col-sm-12 col-md-10 col-lg-10 col-xl-10 text-center offset-md-1 offset-lg-1 offset-xl-1\">\n\t\t\t\n\n<h6 class=\"fichas azul wp-block-heading\">El dinamismo no decae\u2026 Hay emprendedores que optan por producir vinos en recipientes de arcilla hecha con tierras albarizas. Se trata de una manera de hacer vino totalmente ancestral, que se remonta unos 8.000 a\u00f1os y que se est\u00e1 convirtiendo tambi\u00e9n en una valorada tendencia en el panorama internacional del vino.<\/h6>\n\n\n\n<h6 class=\"fichas azul wp-block-heading\">\u00a1El mundo del vino en C\u00e1diz, irradia energ\u00eda y no deja de sorprender!<\/h6>\n\n\n\n<p><\/p>\n\n\t<\/div>\n\n<\/div>\n\n<\/div>\n\n\n<div class=\"wp-bootstrap-blocks-container container mb-0\">\n\t\n<div class=\"wp-bootstrap-blocks-row row\">\n\t\n\n<div class=\"col-12 col-sm-12 col-md-12 col-lg-12 col-xl-12\">\n\t\t\t\n\n<div class=\"wp-block-group banner\"><div class=\"wp-block-group__inner-container is-layout-flow wp-block-group-is-layout-flow\">\n<figure class=\"wp-block-image size-large img-fluid\"><img loading=\"lazy\" decoding=\"async\" width=\"1024\" height=\"250\" src=\"https:\/\/www.gustocadiz.com\/wp-content\/uploads\/2021\/08\/empresas-fondo-1024x250.jpg\" alt=\"\" class=\"wp-image-2074\" srcset=\"https:\/\/www.gustocadiz.com\/wp-content\/uploads\/2021\/08\/empresas-fondo-1024x250.jpg 1024w, https:\/\/www.gustocadiz.com\/wp-content\/uploads\/2021\/08\/empresas-fondo-300x73.jpg 300w, https:\/\/www.gustocadiz.com\/wp-content\/uploads\/2021\/08\/empresas-fondo-768x187.jpg 768w, https:\/\/www.gustocadiz.com\/wp-content\/uploads\/2021\/08\/empresas-fondo.jpg 1230w\" sizes=\"auto, (max-width: 1024px) 100vw, 1024px\" \/><\/figure>\n\n\n\n<div class=\"wp-block-group texto\"><div class=\"wp-block-group__inner-container is-layout-flow wp-block-group-is-layout-flow\">\n<h2 class=\"wp-block-heading\">Empresas de nuestros territorios<\/h2>\n\n\n\n<a href=\"https:\/\/www.gustocadiz.com\/es\/empresas-gastronomicas\/\" class=\"cta white\">Empresas<\/a>\n<\/div><\/div>\n<\/div><\/div>\n\n\n\n<div class=\"wp-block-group banner\"><div class=\"wp-block-group__inner-container is-layout-flow wp-block-group-is-layout-flow\">\n<figure class=\"wp-block-image size-large img-fluid\"><img loading=\"lazy\" decoding=\"async\" width=\"1024\" height=\"250\" src=\"https:\/\/www.gustocadiz.com\/wp-content\/uploads\/2021\/08\/glosario-fondo-1024x250.jpg\" alt=\"\" class=\"wp-image-2076\" srcset=\"https:\/\/www.gustocadiz.com\/wp-content\/uploads\/2021\/08\/glosario-fondo-1024x250.jpg 1024w, https:\/\/www.gustocadiz.com\/wp-content\/uploads\/2021\/08\/glosario-fondo-300x73.jpg 300w, https:\/\/www.gustocadiz.com\/wp-content\/uploads\/2021\/08\/glosario-fondo-768x187.jpg 768w, https:\/\/www.gustocadiz.com\/wp-content\/uploads\/2021\/08\/glosario-fondo.jpg 1230w\" sizes=\"auto, (max-width: 1024px) 100vw, 1024px\" \/><\/figure>\n\n\n\n<div class=\"wp-block-group texto\"><div class=\"wp-block-group__inner-container is-layout-flow wp-block-group-is-layout-flow\">\n<h2 class=\"wp-block-heading\">Glosario Gastron\u00f3mico<\/h2>\n\n\n\n<a href=\"https:\/\/www.gustocadiz.com\/es\/glosario\/\" class=\"cta white\">Glosario Gastron\u00f3mico<\/a>\n<\/div><\/div>\n<\/div><\/div>\n\n\t<\/div>\n\n<\/div>\n\n<\/div>\n","protected":false},"excerpt":{"rendered":"","protected":false},"author":7,"featured_media":0,"parent":13,"menu_order":0,"comment_status":"closed","ping_status":"closed","template":"page-templates\/content-nivel-2.php","meta":{"inline_featured_image":false,"_monsterinsights_skip_tracking":false,"_monsterinsights_sitenote_active":false,"_monsterinsights_sitenote_note":"","_monsterinsights_sitenote_category":0,"footnotes":""},"class_list":["post-686","page","type-page","status-publish","hentry"],"yoast_head":"<!-- This site is optimized with the Yoast SEO plugin v19.9 - https:\/\/yoast.com\/wordpress\/plugins\/seo\/ -->\n<title>Vinos tranquilos - Gusto C\u00e1diz<\/title>\n<meta name=\"robots\" content=\"index, follow, max-snippet:-1, max-image-preview:large, max-video-preview:-1\" \/>\n<link rel=\"canonical\" href=\"https:\/\/www.gustocadiz.com\/es\/vinos\/vinos-tranquilos\/\" \/>\n<meta property=\"og:locale\" content=\"es_ES\" \/>\n<meta property=\"og:type\" content=\"article\" \/>\n<meta property=\"og:title\" content=\"Vinos tranquilos - Gusto C\u00e1diz\" \/>\n<meta property=\"og:url\" content=\"https:\/\/www.gustocadiz.com\/es\/vinos\/vinos-tranquilos\/\" \/>\n<meta property=\"og:site_name\" content=\"Gusto C\u00e1diz\" \/>\n<meta property=\"article:modified_time\" content=\"2022-01-19T07:24:06+00:00\" \/>\n<meta property=\"og:image\" content=\"http:\/\/www.gustocadiz.com\/wp-content\/uploads\/2021\/12\/vinos-t-img-1.jpg\" \/>\n<meta name=\"twitter:card\" content=\"summary_large_image\" \/>\n<meta name=\"twitter:label1\" content=\"Tiempo de lectura\" \/>\n\t<meta name=\"twitter:data1\" content=\"6 minutos\" \/>\n<script type=\"application\/ld+json\" class=\"yoast-schema-graph\">{\"@context\":\"https:\/\/schema.org\",\"@graph\":[{\"@type\":\"WebPage\",\"@id\":\"https:\/\/www.gustocadiz.com\/es\/vinos\/vinos-tranquilos\/\",\"url\":\"https:\/\/www.gustocadiz.com\/es\/vinos\/vinos-tranquilos\/\",\"name\":\"Vinos tranquilos - Gusto C\u00e1diz\",\"isPartOf\":{\"@id\":\"https:\/\/www.gustocadiz.com\/#website\"},\"datePublished\":\"2021-08-26T10:29:04+00:00\",\"dateModified\":\"2022-01-19T07:24:06+00:00\",\"breadcrumb\":{\"@id\":\"https:\/\/www.gustocadiz.com\/es\/vinos\/vinos-tranquilos\/#breadcrumb\"},\"inLanguage\":\"es\",\"potentialAction\":[{\"@type\":\"ReadAction\",\"target\":[\"https:\/\/www.gustocadiz.com\/es\/vinos\/vinos-tranquilos\/\"]}]},{\"@type\":\"BreadcrumbList\",\"@id\":\"https:\/\/www.gustocadiz.com\/es\/vinos\/vinos-tranquilos\/#breadcrumb\",\"itemListElement\":[{\"@type\":\"ListItem\",\"position\":1,\"name\":\"Home\",\"item\":\"https:\/\/www.gustocadiz.com\/es\/\"},{\"@type\":\"ListItem\",\"position\":2,\"name\":\"Vinos\",\"item\":\"https:\/\/www.gustocadiz.com\/es\/vinos\/\"},{\"@type\":\"ListItem\",\"position\":3,\"name\":\"Vinos tranquilos\"}]},{\"@type\":\"WebSite\",\"@id\":\"https:\/\/www.gustocadiz.com\/#website\",\"url\":\"https:\/\/www.gustocadiz.com\/\",\"name\":\"Gusto C\u00e1diz\",\"description\":\"Alimentos y vinos originales del Sur de Espa\u00f1a\",\"potentialAction\":[{\"@type\":\"SearchAction\",\"target\":{\"@type\":\"EntryPoint\",\"urlTemplate\":\"https:\/\/www.gustocadiz.com\/?s={search_term_string}\"},\"query-input\":\"required name=search_term_string\"}],\"inLanguage\":\"es\"}]}<\/script>\n<!-- \/ Yoast SEO plugin. -->","yoast_head_json":{"title":"Vinos tranquilos - Gusto C\u00e1diz","robots":{"index":"index","follow":"follow","max-snippet":"max-snippet:-1","max-image-preview":"max-image-preview:large","max-video-preview":"max-video-preview:-1"},"canonical":"https:\/\/www.gustocadiz.com\/es\/vinos\/vinos-tranquilos\/","og_locale":"es_ES","og_type":"article","og_title":"Vinos tranquilos - Gusto C\u00e1diz","og_url":"https:\/\/www.gustocadiz.com\/es\/vinos\/vinos-tranquilos\/","og_site_name":"Gusto C\u00e1diz","article_modified_time":"2022-01-19T07:24:06+00:00","og_image":[{"url":"http:\/\/www.gustocadiz.com\/wp-content\/uploads\/2021\/12\/vinos-t-img-1.jpg"}],"twitter_card":"summary_large_image","twitter_misc":{"Tiempo de lectura":"6 minutos"},"schema":{"@context":"https:\/\/schema.org","@graph":[{"@type":"WebPage","@id":"https:\/\/www.gustocadiz.com\/es\/vinos\/vinos-tranquilos\/","url":"https:\/\/www.gustocadiz.com\/es\/vinos\/vinos-tranquilos\/","name":"Vinos tranquilos - Gusto C\u00e1diz","isPartOf":{"@id":"https:\/\/www.gustocadiz.com\/#website"},"datePublished":"2021-08-26T10:29:04+00:00","dateModified":"2022-01-19T07:24:06+00:00","breadcrumb":{"@id":"https:\/\/www.gustocadiz.com\/es\/vinos\/vinos-tranquilos\/#breadcrumb"},"inLanguage":"es","potentialAction":[{"@type":"ReadAction","target":["https:\/\/www.gustocadiz.com\/es\/vinos\/vinos-tranquilos\/"]}]},{"@type":"BreadcrumbList","@id":"https:\/\/www.gustocadiz.com\/es\/vinos\/vinos-tranquilos\/#breadcrumb","itemListElement":[{"@type":"ListItem","position":1,"name":"Home","item":"https:\/\/www.gustocadiz.com\/es\/"},{"@type":"ListItem","position":2,"name":"Vinos","item":"https:\/\/www.gustocadiz.com\/es\/vinos\/"},{"@type":"ListItem","position":3,"name":"Vinos tranquilos"}]},{"@type":"WebSite","@id":"https:\/\/www.gustocadiz.com\/#website","url":"https:\/\/www.gustocadiz.com\/","name":"Gusto C\u00e1diz","description":"Alimentos y vinos originales del Sur de Espa\u00f1a","potentialAction":[{"@type":"SearchAction","target":{"@type":"EntryPoint","urlTemplate":"https:\/\/www.gustocadiz.com\/?s={search_term_string}"},"query-input":"required name=search_term_string"}],"inLanguage":"es"}]}},"_links":{"self":[{"href":"https:\/\/www.gustocadiz.com\/es\/wp-json\/wp\/v2\/pages\/686","targetHints":{"allow":["GET"]}}],"collection":[{"href":"https:\/\/www.gustocadiz.com\/es\/wp-json\/wp\/v2\/pages"}],"about":[{"href":"https:\/\/www.gustocadiz.com\/es\/wp-json\/wp\/v2\/types\/page"}],"author":[{"embeddable":true,"href":"https:\/\/www.gustocadiz.com\/es\/wp-json\/wp\/v2\/users\/7"}],"replies":[{"embeddable":true,"href":"https:\/\/www.gustocadiz.com\/es\/wp-json\/wp\/v2\/comments?post=686"}],"version-history":[{"count":7,"href":"https:\/\/www.gustocadiz.com\/es\/wp-json\/wp\/v2\/pages\/686\/revisions"}],"predecessor-version":[{"id":2062,"href":"https:\/\/www.gustocadiz.com\/es\/wp-json\/wp\/v2\/pages\/686\/revisions\/2062"}],"up":[{"embeddable":true,"href":"https:\/\/www.gustocadiz.com\/es\/wp-json\/wp\/v2\/pages\/13"}],"wp:attachment":[{"href":"https:\/\/www.gustocadiz.com\/es\/wp-json\/wp\/v2\/media?parent=686"}],"curies":[{"name":"wp","href":"https:\/\/api.w.org\/{rel}","templated":true}]}}