{"id":668,"date":"2021-08-26T10:19:19","date_gmt":"2021-08-26T10:19:19","guid":{"rendered":"http:\/\/www.gustocadiz.com\/?page_id=668"},"modified":"2022-03-02T11:44:22","modified_gmt":"2022-03-02T09:44:22","slug":"vinagre-de-jerez","status":"publish","type":"page","link":"https:\/\/www.gustocadiz.com\/es\/alimentos\/vinagre-de-jerez\/","title":{"rendered":"Vinagre de Jerez"},"content":{"rendered":"<div class=\"wp-bootstrap-blocks-container container mb-0\">\n\t\n<div class=\"wp-bootstrap-blocks-container container mb-2\">\n\t\n<div class=\"wp-bootstrap-blocks-row row\">\n\t\n\n<div class=\"col-12 col-sm-12 col-md-8 col-lg-8 col-xl-8 text-center offset-md-2 offset-lg-2 offset-xl-2\">\n\t\t\t\n\n<h1 class=\"wp-block-heading\">Secreta<br>Nobleza<\/h1>\n\n\n\n<p>Este vinagre va \u00edntimamente ligado a la historia de su vino de procedencia, que no es otro que el famoso Vino de Jerez; de hecho, comenz\u00f3 trat\u00e1ndose como un \u201caccidente\u201d que se produc\u00eda en la crianza del vino, cuando algunas botas resultaban avinagradas. Sin embargo, los bodegueros fueron descubriendo sus bondades y esos vinos fallidos se fueron convirtiendo en aut\u00e9nticos objetos de culto. El vinagre de Jerez no cesa de ganar adeptos internacionalmente y es cada vez m\u00e1s apreciado por su aroma y sabor \u00fanico y singular, adem\u00e1s de por su enorme versatilidad. \u00a1Un gustoso perfume culinario!<\/p>\n\n\t<\/div>\n\n<\/div>\n\n\n<div class=\"wp-bootstrap-blocks-row row\">\n\t\n\n<div class=\"col-12 col-sm-12 col-md-4 col-lg-4 col-xl-4 offset-md-1 offset-lg-1 offset-xl-1\">\n\t\t\t\n\n<p>La variedad de uva Palomino es la predominante en la zona de producci\u00f3n de los vinos de Jerez, y por tanto del Vinagre de Jerez, si bien el uso de otras variedades, como Pedro Xim\u00e9nez y Moscatel, se ha ido extendiendo en a\u00f1os recientes para crear variaciones del Vinagre de Jerez original. Contribuyen tambi\u00e9n como factores de vital importancia la crianza biol\u00f3gica bajo velo de flor, con la acci\u00f3n natural de las levaduras seleccionadas desde tiempos inmemoriales, as\u00ed como el envejecimiento en botas (los barriles de roble donde se cr\u00eda el vino) de roble americano y, por \u00faltimo, las particulares condiciones micro-clim\u00e1ticas que propicia la arquitectura de las bodegas.<\/p>\n\n\t<\/div>\n\n\n\n<div class=\"col-12 col-sm-12 col-md-5 col-lg-5 col-xl-5 offset-md-1 offset-lg-1 offset-xl-1\">\n\t\t\t\n\n<figure class=\"wp-block-image size-full img-fluid\"><img loading=\"lazy\" decoding=\"async\" width=\"990\" height=\"690\" src=\"https:\/\/www.gustocadiz.com\/wp-content\/uploads\/2021\/12\/secreta-nobleza-vinagre-de-jerez.jpg\" alt=\"\" class=\"wp-image-1981\" srcset=\"https:\/\/www.gustocadiz.com\/wp-content\/uploads\/2021\/12\/secreta-nobleza-vinagre-de-jerez.jpg 990w, https:\/\/www.gustocadiz.com\/wp-content\/uploads\/2021\/12\/secreta-nobleza-vinagre-de-jerez-300x209.jpg 300w, https:\/\/www.gustocadiz.com\/wp-content\/uploads\/2021\/12\/secreta-nobleza-vinagre-de-jerez-768x535.jpg 768w\" sizes=\"auto, (max-width: 990px) 100vw, 990px\" \/><\/figure>\n\n\t<\/div>\n\n<\/div>\n\n<\/div>\n\n<\/div>\n\n\n\n<div class=\"wp-block-group bg-amarillo_oscuro\"><div class=\"wp-block-group__inner-container is-layout-flow wp-block-group-is-layout-flow\"><div class=\"wp-bootstrap-blocks-container container mb-0\">\n\t\n<div class=\"wp-bootstrap-blocks-row row\">\n\t\n\n<div class=\"col-12 col-sm-12 col-md-8 col-lg-8 col-xl-8 text-center offset-md-2 offset-lg-2 offset-xl-2\">\n\t\t\t\n\n<p class=\"white\">Al igual que los vinos de los que procede, el Vinagre de Jerez se envejece siguiendo el tradicional sistema de criaderas y solera, una genuina y prolongada crianza que a veces supera los 10 \u00f3 20 a\u00f1os y que explica la riqueza y la alta concentraci\u00f3n que caracterizan este producto.<\/p>\n\n\t<\/div>\n\n<\/div>\n\n<\/div>\n<\/div><\/div>\n\n\n<div class=\"wp-bootstrap-blocks-container container mb-0\">\n\t\n<div class=\"wp-bootstrap-blocks-row row\">\n\t\n\n<div class=\"col-12 col-sm-12 col-md-6 col-lg-6 col-xl-6\">\n\t\t\t\n\n<figure class=\"wp-block-image size-full img-fluid\"><img loading=\"lazy\" decoding=\"async\" width=\"990\" height=\"668\" src=\"https:\/\/www.gustocadiz.com\/wp-content\/uploads\/2021\/12\/vinagre-de-jerez-02.jpg\" alt=\"\" class=\"wp-image-1985\" srcset=\"https:\/\/www.gustocadiz.com\/wp-content\/uploads\/2021\/12\/vinagre-de-jerez-02.jpg 990w, https:\/\/www.gustocadiz.com\/wp-content\/uploads\/2021\/12\/vinagre-de-jerez-02-300x202.jpg 300w, https:\/\/www.gustocadiz.com\/wp-content\/uploads\/2021\/12\/vinagre-de-jerez-02-768x518.jpg 768w\" sizes=\"auto, (max-width: 990px) 100vw, 990px\" \/><\/figure>\n\n\t<\/div>\n\n\n\n<div class=\"col-12 col-sm-12 col-md-6 col-lg-6 col-xl-6\">\n\t\t\t\n\n<p>La madera utilizada para la crianza, que durante a\u00f1os ha sido envinada con vinos de Jerez, resulta primordial para la lenta evoluci\u00f3n de los vinagres y permite que algunos componentes fundamentales, como los taninos, act\u00faen durante el envejecimiento, y aporten coloraci\u00f3n, dando como resultado los tonos finales del vinagre, entre \u00e1mbar y caoba, adem\u00e1s de notas de sabor con toques de vainilla, de caf\u00e9 con leche, frutos secos o frutas pasificadas.<br><br>Con el doble fin de mantener todos los elementos que dan el car\u00e1cter genuino a este producto y a la vez garantizar su autenticidad, en el a\u00f1o 2000 se establece la Denominaci\u00f3n de Origen Protegida Vinagre de Jerez.<\/p>\n\n\n\n<p class=\"under\">Visita la web oficial del Consejo Regulador del Vinagre de Jerez <a href=\"http:\/\/www.vinagredejerez.org\">aqu\u00ed<\/a>.<br><br>El de criaderas y solera es un sistema din\u00e1mico basado en el trasvase de los vinagres, obteniendo una calidad uniforme. Cabe matizar que cuando se habla de una solera de un a\u00f1o determinado, no quiere decir que todo el vinagre que contiene la bota sea del a\u00f1o en cuesti\u00f3n, sino que esa bota contiene una mezcla de todas las cosechas habidas desde ese a\u00f1o hasta la \u00faltima.<\/p>\n\n\t<\/div>\n\n<\/div>\n\n\n<div class=\"wp-bootstrap-blocks-row row\">\n\t\n\n<div class=\"col-12 col-sm-12 col-md-10 col-lg-10 col-xl-10 text-center offset-md-1 offset-lg-1 offset-xl-1\">\n\t\t\t\n\n<h6 class=\"fichas amarillo_oscuro wp-block-heading\">La versatilidad culinaria de los Vinagres de Jerez es enorme, aportando un toque de personalidad singular a m\u00faltiples preparaciones culinarias: sopas fr\u00edas, ensaladas, platos de pasta, guisos de carne y pescado, frutas y helados\u2026 No es de extra\u00f1ar, pues, que goce de creciente prestigio en el entorno culinario internacional.<\/h6>\n\n\n\n<p><\/p>\n\n\t<\/div>\n\n<\/div>\n\n\n<div class=\"wp-bootstrap-blocks-row row\">\n\t\n\n<div class=\"col-12 col-sm-12 col-md-5 col-lg-5 col-xl-5\">\n\t\t\t\n\n<p>Seg\u00fan el periodo de envejecimiento al que se haya sometido el vinagre amparado por la DOP, se distinguen tres tipos de Vinagre de Jerez:<\/p>\n\n\n\n<ul class=\"wp-block-list\"><li>Vinagre de Jerez: envejecimiento m\u00ednimo de seis meses. De perfume ac\u00e9tico, incluye toques a frutos secos y notas derivadas de su crianza en madera.<\/li><li>Vinagre de Jerez Reserva: envejecimiento m\u00ednimo de dos a\u00f1os. Destaca por su inconfundible y potente aroma, cargado de matices que nos recuerdan a la vainilla, los frutos secos y la madera envinada.<\/li><li>Vinagre de Jerez Gran Reserva: envejecimiento m\u00ednimo de diez a\u00f1os. Su peculiar aroma, de intensa acidez, contiene, adem\u00e1s de notas de vino a\u00f1ejo, el recuerdo de su prolongada crianza en madera de roble.<\/li><\/ul>\n\n\t<\/div>\n\n\n\n<div class=\"col-12 col-sm-12 col-md-6 col-lg-6 col-xl-6 offset-md-1 offset-lg-1 offset-xl-1\">\n\t\t\t\n\n<figure class=\"wp-block-image size-full img-fluid\"><img loading=\"lazy\" decoding=\"async\" width=\"990\" height=\"666\" src=\"https:\/\/www.gustocadiz.com\/wp-content\/uploads\/2021\/12\/vinagre-de-jerez-03.jpg\" alt=\"\" class=\"wp-image-1987\" srcset=\"https:\/\/www.gustocadiz.com\/wp-content\/uploads\/2021\/12\/vinagre-de-jerez-03.jpg 990w, https:\/\/www.gustocadiz.com\/wp-content\/uploads\/2021\/12\/vinagre-de-jerez-03-300x202.jpg 300w, https:\/\/www.gustocadiz.com\/wp-content\/uploads\/2021\/12\/vinagre-de-jerez-03-768x517.jpg 768w\" sizes=\"auto, (max-width: 990px) 100vw, 990px\" \/><\/figure>\n\n\t<\/div>\n\n<\/div>\n\n\n<div class=\"wp-bootstrap-blocks-row row\">\n\t\n\n<div class=\"col-12 col-sm-12 col-md-5 col-lg-5 col-xl-5\">\n\t\t\t\n\n<figure class=\"wp-block-image size-full img-fluid\"><img loading=\"lazy\" decoding=\"async\" width=\"988\" height=\"672\" src=\"https:\/\/www.gustocadiz.com\/wp-content\/uploads\/2021\/12\/vinagre-de-jerez-04.jpg\" alt=\"\" class=\"wp-image-1989\" srcset=\"https:\/\/www.gustocadiz.com\/wp-content\/uploads\/2021\/12\/vinagre-de-jerez-04.jpg 988w, https:\/\/www.gustocadiz.com\/wp-content\/uploads\/2021\/12\/vinagre-de-jerez-04-300x204.jpg 300w, https:\/\/www.gustocadiz.com\/wp-content\/uploads\/2021\/12\/vinagre-de-jerez-04-768x522.jpg 768w\" sizes=\"auto, (max-width: 988px) 100vw, 988px\" \/><\/figure>\n\n\t<\/div>\n\n\n\n<div class=\"col-12 col-sm-12 col-md-6 col-lg-6 col-xl-6 offset-md-1 offset-lg-1 offset-xl-1\">\n\t\t\t\n\n<p>Adem\u00e1s, en funci\u00f3n de la utilizaci\u00f3n de vinos base provenientes de distintas variedades de uva, se distinguen los siguientes tipos de Vinagre de Jerez semi-dulce (que pueden corresponder igualmente a cualquiera de las categor\u00edas descritas en el punto anterior):<\/p>\n\n\n\n<ul class=\"wp-block-list\"><li>Vinagre de Jerez al Pedro Xim\u00e9nez: vinagre amparado, al que se le adiciona durante el proceso de crianza vinos del tipo Pedro Xim\u00e9nez. Destaca su evocaci\u00f3n a frutas pasificadas. Su dulzor al paladar es el rasgo que mejor lo define, unido a su sabor suave y untuoso.<\/li><li>Vinagre de Jerez al Moscatel: vinagre amparado, al que se le adiciona durante el proceso de crianza vinos del tipo Moscatel. Su aroma no puede negar su origen en dicha variedad de uva, que se combina con las frescas esencias de frutas pasificadas. Al degustarlo sobresalen su gran dulzura, naturalidad y textura aterciopelada.<\/li><\/ul>\n\n\t<\/div>\n\n<\/div>\n\n<\/div>\n\n\n<div class=\"wp-bootstrap-blocks-container container mb-0\">\n\t\n<div class=\"wp-bootstrap-blocks-row row\">\n\t\n\n<div class=\"col-12 col-sm-12 col-md-12 col-lg-12 col-xl-12\">\n\t\t\t\n\n<div class=\"wp-block-group banner\"><div class=\"wp-block-group__inner-container is-layout-flow wp-block-group-is-layout-flow\">\n<figure class=\"wp-block-image size-large img-fluid\"><img loading=\"lazy\" decoding=\"async\" width=\"1024\" height=\"250\" src=\"https:\/\/www.gustocadiz.com\/wp-content\/uploads\/2021\/08\/empresas-fondo-1024x250.jpg\" alt=\"\" class=\"wp-image-2074\" srcset=\"https:\/\/www.gustocadiz.com\/wp-content\/uploads\/2021\/08\/empresas-fondo-1024x250.jpg 1024w, https:\/\/www.gustocadiz.com\/wp-content\/uploads\/2021\/08\/empresas-fondo-300x73.jpg 300w, https:\/\/www.gustocadiz.com\/wp-content\/uploads\/2021\/08\/empresas-fondo-768x187.jpg 768w, https:\/\/www.gustocadiz.com\/wp-content\/uploads\/2021\/08\/empresas-fondo.jpg 1230w\" sizes=\"auto, (max-width: 1024px) 100vw, 1024px\" \/><\/figure>\n\n\n\n<div class=\"wp-block-group texto\"><div class=\"wp-block-group__inner-container is-layout-flow wp-block-group-is-layout-flow\">\n<h2 class=\"wp-block-heading\">Empresas de nuestros territorios<\/h2>\n\n\n\n<a href=\"https:\/\/www.gustocadiz.com\/es\/empresas-gastronomicas\/\" class=\"cta white\">Empresas<\/a>\n<\/div><\/div>\n<\/div><\/div>\n\n\n\n<div class=\"wp-block-group banner\"><div class=\"wp-block-group__inner-container is-layout-flow wp-block-group-is-layout-flow\">\n<figure class=\"wp-block-image size-large img-fluid\"><img loading=\"lazy\" decoding=\"async\" width=\"1024\" height=\"250\" src=\"https:\/\/www.gustocadiz.com\/wp-content\/uploads\/2021\/08\/glosario-fondo-1024x250.jpg\" alt=\"\" class=\"wp-image-2076\" srcset=\"https:\/\/www.gustocadiz.com\/wp-content\/uploads\/2021\/08\/glosario-fondo-1024x250.jpg 1024w, https:\/\/www.gustocadiz.com\/wp-content\/uploads\/2021\/08\/glosario-fondo-300x73.jpg 300w, https:\/\/www.gustocadiz.com\/wp-content\/uploads\/2021\/08\/glosario-fondo-768x187.jpg 768w, https:\/\/www.gustocadiz.com\/wp-content\/uploads\/2021\/08\/glosario-fondo.jpg 1230w\" sizes=\"auto, (max-width: 1024px) 100vw, 1024px\" \/><\/figure>\n\n\n\n<div class=\"wp-block-group texto\"><div class=\"wp-block-group__inner-container is-layout-flow wp-block-group-is-layout-flow\">\n<h2 class=\"wp-block-heading\">Glosario Gastron\u00f3mico<\/h2>\n\n\n\n<a href=\"https:\/\/www.gustocadiz.com\/es\/glosario\/\" class=\"cta white\">Glosario Gastron\u00f3mico<\/a>\n<\/div><\/div>\n<\/div><\/div>\n\n\t<\/div>\n\n<\/div>\n\n<\/div>\n","protected":false},"excerpt":{"rendered":"","protected":false},"author":7,"featured_media":0,"parent":11,"menu_order":0,"comment_status":"closed","ping_status":"closed","template":"page-templates\/content-nivel-2.php","meta":{"inline_featured_image":false,"_monsterinsights_skip_tracking":false,"_monsterinsights_sitenote_active":false,"_monsterinsights_sitenote_note":"","_monsterinsights_sitenote_category":0,"footnotes":""},"class_list":["post-668","page","type-page","status-publish","hentry"],"yoast_head":"<!-- This site is optimized with the Yoast SEO plugin v19.9 - https:\/\/yoast.com\/wordpress\/plugins\/seo\/ -->\n<title>Vinagre de Jerez - Gusto C\u00e1diz<\/title>\n<meta name=\"robots\" content=\"index, follow, max-snippet:-1, max-image-preview:large, max-video-preview:-1\" \/>\n<link rel=\"canonical\" href=\"https:\/\/www.gustocadiz.com\/es\/alimentos\/vinagre-de-jerez\/\" \/>\n<meta property=\"og:locale\" content=\"es_ES\" \/>\n<meta property=\"og:type\" content=\"article\" \/>\n<meta property=\"og:title\" content=\"Vinagre de Jerez - Gusto C\u00e1diz\" \/>\n<meta property=\"og:url\" content=\"https:\/\/www.gustocadiz.com\/es\/alimentos\/vinagre-de-jerez\/\" \/>\n<meta property=\"og:site_name\" content=\"Gusto C\u00e1diz\" \/>\n<meta property=\"article:modified_time\" content=\"2022-03-02T09:44:22+00:00\" \/>\n<meta property=\"og:image\" content=\"https:\/\/www.gustocadiz.com\/wp-content\/uploads\/2021\/12\/secreta-nobleza-vinagre-de-jerez.jpg\" \/>\n<meta name=\"twitter:card\" content=\"summary_large_image\" \/>\n<meta name=\"twitter:label1\" content=\"Tiempo de lectura\" \/>\n\t<meta name=\"twitter:data1\" content=\"5 minutos\" \/>\n<script type=\"application\/ld+json\" class=\"yoast-schema-graph\">{\"@context\":\"https:\/\/schema.org\",\"@graph\":[{\"@type\":\"WebPage\",\"@id\":\"https:\/\/www.gustocadiz.com\/es\/alimentos\/vinagre-de-jerez\/\",\"url\":\"https:\/\/www.gustocadiz.com\/es\/alimentos\/vinagre-de-jerez\/\",\"name\":\"Vinagre de Jerez - Gusto C\u00e1diz\",\"isPartOf\":{\"@id\":\"https:\/\/www.gustocadiz.com\/#website\"},\"datePublished\":\"2021-08-26T10:19:19+00:00\",\"dateModified\":\"2022-03-02T09:44:22+00:00\",\"breadcrumb\":{\"@id\":\"https:\/\/www.gustocadiz.com\/es\/alimentos\/vinagre-de-jerez\/#breadcrumb\"},\"inLanguage\":\"es\",\"potentialAction\":[{\"@type\":\"ReadAction\",\"target\":[\"https:\/\/www.gustocadiz.com\/es\/alimentos\/vinagre-de-jerez\/\"]}]},{\"@type\":\"BreadcrumbList\",\"@id\":\"https:\/\/www.gustocadiz.com\/es\/alimentos\/vinagre-de-jerez\/#breadcrumb\",\"itemListElement\":[{\"@type\":\"ListItem\",\"position\":1,\"name\":\"Home\",\"item\":\"https:\/\/www.gustocadiz.com\/es\/\"},{\"@type\":\"ListItem\",\"position\":2,\"name\":\"Alimentos\",\"item\":\"https:\/\/www.gustocadiz.com\/es\/alimentos\/\"},{\"@type\":\"ListItem\",\"position\":3,\"name\":\"Vinagre de Jerez\"}]},{\"@type\":\"WebSite\",\"@id\":\"https:\/\/www.gustocadiz.com\/#website\",\"url\":\"https:\/\/www.gustocadiz.com\/\",\"name\":\"Gusto C\u00e1diz\",\"description\":\"Alimentos y vinos originales del Sur de Espa\u00f1a\",\"potentialAction\":[{\"@type\":\"SearchAction\",\"target\":{\"@type\":\"EntryPoint\",\"urlTemplate\":\"https:\/\/www.gustocadiz.com\/?s={search_term_string}\"},\"query-input\":\"required name=search_term_string\"}],\"inLanguage\":\"es\"}]}<\/script>\n<!-- \/ Yoast SEO plugin. -->","yoast_head_json":{"title":"Vinagre de Jerez - Gusto C\u00e1diz","robots":{"index":"index","follow":"follow","max-snippet":"max-snippet:-1","max-image-preview":"max-image-preview:large","max-video-preview":"max-video-preview:-1"},"canonical":"https:\/\/www.gustocadiz.com\/es\/alimentos\/vinagre-de-jerez\/","og_locale":"es_ES","og_type":"article","og_title":"Vinagre de Jerez - Gusto C\u00e1diz","og_url":"https:\/\/www.gustocadiz.com\/es\/alimentos\/vinagre-de-jerez\/","og_site_name":"Gusto C\u00e1diz","article_modified_time":"2022-03-02T09:44:22+00:00","og_image":[{"url":"https:\/\/www.gustocadiz.com\/wp-content\/uploads\/2021\/12\/secreta-nobleza-vinagre-de-jerez.jpg"}],"twitter_card":"summary_large_image","twitter_misc":{"Tiempo de lectura":"5 minutos"},"schema":{"@context":"https:\/\/schema.org","@graph":[{"@type":"WebPage","@id":"https:\/\/www.gustocadiz.com\/es\/alimentos\/vinagre-de-jerez\/","url":"https:\/\/www.gustocadiz.com\/es\/alimentos\/vinagre-de-jerez\/","name":"Vinagre de Jerez - Gusto C\u00e1diz","isPartOf":{"@id":"https:\/\/www.gustocadiz.com\/#website"},"datePublished":"2021-08-26T10:19:19+00:00","dateModified":"2022-03-02T09:44:22+00:00","breadcrumb":{"@id":"https:\/\/www.gustocadiz.com\/es\/alimentos\/vinagre-de-jerez\/#breadcrumb"},"inLanguage":"es","potentialAction":[{"@type":"ReadAction","target":["https:\/\/www.gustocadiz.com\/es\/alimentos\/vinagre-de-jerez\/"]}]},{"@type":"BreadcrumbList","@id":"https:\/\/www.gustocadiz.com\/es\/alimentos\/vinagre-de-jerez\/#breadcrumb","itemListElement":[{"@type":"ListItem","position":1,"name":"Home","item":"https:\/\/www.gustocadiz.com\/es\/"},{"@type":"ListItem","position":2,"name":"Alimentos","item":"https:\/\/www.gustocadiz.com\/es\/alimentos\/"},{"@type":"ListItem","position":3,"name":"Vinagre de Jerez"}]},{"@type":"WebSite","@id":"https:\/\/www.gustocadiz.com\/#website","url":"https:\/\/www.gustocadiz.com\/","name":"Gusto C\u00e1diz","description":"Alimentos y vinos originales del Sur de Espa\u00f1a","potentialAction":[{"@type":"SearchAction","target":{"@type":"EntryPoint","urlTemplate":"https:\/\/www.gustocadiz.com\/?s={search_term_string}"},"query-input":"required name=search_term_string"}],"inLanguage":"es"}]}},"_links":{"self":[{"href":"https:\/\/www.gustocadiz.com\/es\/wp-json\/wp\/v2\/pages\/668","targetHints":{"allow":["GET"]}}],"collection":[{"href":"https:\/\/www.gustocadiz.com\/es\/wp-json\/wp\/v2\/pages"}],"about":[{"href":"https:\/\/www.gustocadiz.com\/es\/wp-json\/wp\/v2\/types\/page"}],"author":[{"embeddable":true,"href":"https:\/\/www.gustocadiz.com\/es\/wp-json\/wp\/v2\/users\/7"}],"replies":[{"embeddable":true,"href":"https:\/\/www.gustocadiz.com\/es\/wp-json\/wp\/v2\/comments?post=668"}],"version-history":[{"count":6,"href":"https:\/\/www.gustocadiz.com\/es\/wp-json\/wp\/v2\/pages\/668\/revisions"}],"predecessor-version":[{"id":2184,"href":"https:\/\/www.gustocadiz.com\/es\/wp-json\/wp\/v2\/pages\/668\/revisions\/2184"}],"up":[{"embeddable":true,"href":"https:\/\/www.gustocadiz.com\/es\/wp-json\/wp\/v2\/pages\/11"}],"wp:attachment":[{"href":"https:\/\/www.gustocadiz.com\/es\/wp-json\/wp\/v2\/media?parent=668"}],"curies":[{"name":"wp","href":"https:\/\/api.w.org\/{rel}","templated":true}]}}