{"id":636,"date":"2021-08-26T10:04:28","date_gmt":"2021-08-26T10:04:28","guid":{"rendered":"http:\/\/www.gustocadiz.com\/?page_id=636"},"modified":"2021-12-03T13:01:11","modified_gmt":"2021-12-03T11:01:11","slug":"refrescos","status":"publish","type":"page","link":"https:\/\/www.gustocadiz.com\/es\/alimentos\/refrescos\/","title":{"rendered":"Refrescos"},"content":{"rendered":"<div class=\"wp-bootstrap-blocks-container container mb-0\">\n\t\n<div class=\"wp-bootstrap-blocks-container container mb-2\">\n\t\n<div class=\"wp-bootstrap-blocks-row row\">\n\t\n\n<div class=\"col-12 col-sm-12 col-md-8 col-lg-8 col-xl-8 text-center offset-md-2 offset-lg-2 offset-xl-2\">\n\t\t\t\n\n<h1 class=\"wp-block-heading\">Pura<br>Frescura<\/h1>\n\n\n\n<p>Los h\u00e1bitos de consumo en este sector est\u00e1n cambiando vertiginosamente. Cada d\u00eda los consumidores son m\u00e1s conscientes de la importancia de cuidar la salud a trav\u00e9s de la alimentaci\u00f3n. As\u00ed, los refrescos y los zumos azucarados y las bebidas con alcohol comienzan a tener nuevos competidores: los refrescos naturales y ecol\u00f3gicos, hechos a base de frutos, hierbas o plantas naturales, sin aditivos ni conservantes, a trav\u00e9s de innovadores procesos de elaboraci\u00f3n. \u00a1Una nueva frescura natural!<\/p>\n\n\t<\/div>\n\n<\/div>\n\n\n<div class=\"wp-bootstrap-blocks-row row\">\n\t\n\n<div class=\"col-12 col-sm-12 col-md-4 col-lg-4 col-xl-4 offset-md-1 offset-lg-1 offset-xl-1\">\n\t\t\t\n\n<p>El mundo de los refrescos de sabores es cada vez m\u00e1s amplio y complejo. A la tendencia del consumidor a exigir productos saludables se suma la demanda de gustos, combinaciones y aromas atractivos. La bebida es ahora una manera m\u00e1s de mantener en equilibrio la salud f\u00edsica y mental. De ah\u00ed el \u00e9xito de nuevas opciones, que prometen beneficios naturales y aportes esenciales para el cuerpo.<br><br>C\u00e1diz tiene una interesante producci\u00f3n en crecimiento de bebidas alternativas a los refrescos industriales. Con el objetivo de ofrecer un producto natural, ecol\u00f3gico, artesanal y consciente, son varias las empresas gaditanas que han hecho la apuesta por innovar en este sector.<\/p>\n\n\t<\/div>\n\n\n\n<div class=\"col-12 col-sm-12 col-md-5 col-lg-5 col-xl-5 offset-md-1 offset-lg-1 offset-xl-1\">\n\t\t\t\n\n<figure class=\"wp-block-image size-full img-fluid\"><img loading=\"lazy\" decoding=\"async\" width=\"495\" height=\"346\" src=\"http:\/\/www.gustocadiz.com\/wp-content\/uploads\/2021\/12\/refrescos-img-1.jpg\" alt=\"\" class=\"wp-image-1874\" srcset=\"https:\/\/www.gustocadiz.com\/wp-content\/uploads\/2021\/12\/refrescos-img-1.jpg 495w, https:\/\/www.gustocadiz.com\/wp-content\/uploads\/2021\/12\/refrescos-img-1-300x210.jpg 300w\" sizes=\"auto, (max-width: 495px) 100vw, 495px\" \/><\/figure>\n\n\t<\/div>\n\n<\/div>\n\n<\/div>\n\n<\/div>\n\n\n\n<div class=\"wp-block-group bg-rosa\"><div class=\"wp-block-group__inner-container is-layout-flow wp-block-group-is-layout-flow\"><div class=\"wp-bootstrap-blocks-container container mb-0\">\n\t\n<div class=\"wp-bootstrap-blocks-row row\">\n\t\n\n<div class=\"col-12 col-sm-12 col-md-8 col-lg-8 col-xl-8 text-center offset-md-2 offset-lg-2 offset-xl-2\">\n\t\t\t\n\n<p class=\"white\">De sabores ex\u00f3ticos, envasadas en peque\u00f1as botellas de vidrio reciclables y con gusto a producto natural de calidad, la provincia ofrece una amplia gama de bebidas elaboradas en base a las frutas y plantas ecol\u00f3gicas de proximidad. Se envasan as\u00ed las maravillas de esta tierra, sin colores artificiales, edulcorantes o conservantes, atravesando diferentes procesos de destilaci\u00f3n, fermentaci\u00f3n o pasteurizaci\u00f3n.<\/p>\n\n\t<\/div>\n\n<\/div>\n\n<\/div>\n<\/div><\/div>\n\n\n<div class=\"wp-bootstrap-blocks-container container mb-0\">\n\t\n<div class=\"wp-bootstrap-blocks-row row\">\n\t\n\n<div class=\"col-12 col-sm-12 col-md-4 col-lg-4 col-xl-4\">\n\t\t\t\n\n<figure class=\"wp-block-image size-full is-resized img-fluid\"><img loading=\"lazy\" decoding=\"async\" src=\"http:\/\/www.gustocadiz.com\/wp-content\/uploads\/2021\/12\/refrescos-img-2.jpg\" alt=\"\" class=\"wp-image-1872\" width=\"293\" height=\"375\" srcset=\"https:\/\/www.gustocadiz.com\/wp-content\/uploads\/2021\/12\/refrescos-img-2.jpg 390w, https:\/\/www.gustocadiz.com\/wp-content\/uploads\/2021\/12\/refrescos-img-2-234x300.jpg 234w\" sizes=\"auto, (max-width: 293px) 100vw, 293px\" \/><\/figure>\n\n\t<\/div>\n\n\n\n<div class=\"col-12 col-sm-12 col-md-7 col-lg-7 col-xl-7 offset-md-1 offset-lg-1 offset-xl-1\">\n\t\t\t\n\n<p>Algunas marcas gaditanas ofrecen limonadas en una amplia gama de sabores. Elaboradas a base de zumo de limones y frutas ecol\u00f3gicas de C\u00e1diz, con extractos de hierbas frescas, agua y az\u00facar de ca\u00f1a, sin nada m\u00e1s que a\u00f1adir. As\u00ed, podemos degustar una limonada de fresa, de mango o una de hibisco, en base a las hojas secas de esta ex\u00f3tica flor.<br>Son bebidas simples y refrescantes, pero su novedad, su packaging y su excepcional calidad las convierten en una opci\u00f3n sofisticada y naturalmente deliciosa.<br><br>Tambi\u00e9n encontramos toda una gama de bebidas elaboradas en base a la destilaci\u00f3n. Refrescos org\u00e1nicos, naturales y artesanales, producidos bajo un estricto control de calidad y con el sello distintivo de los productos ecol\u00f3gicos de la tierra de C\u00e1diz. En un proceso tan innovador como excepcional, mezclan ingredientes tradicionalmente utilizados para la destilaci\u00f3n y la elaboraci\u00f3n de bebidas, como los limones y las naranjas, con ex\u00f3ticas plantas bot\u00e1nicas, como la quinina, la c\u00farcuma, el jengibre o la vainilla, entre otros. \u00bfEl resultado? Un refresco verdaderamente nuevo, org\u00e1nico y saludable, que cada d\u00eda gusta m\u00e1s.<br><br>Un ejemplo a destacar dentro de estas novedosas bebidas es la Kombucha. Si bien su consumo es milenario, se ha dado en los \u00faltimos tiempos un resurgir del consumo bebidas fermentadas.<\/p>\n\n\t<\/div>\n\n<\/div>\n\n\n<div class=\"wp-bootstrap-blocks-row row\">\n\t\n\n<div class=\"col-12 col-sm-12 col-md-10 col-lg-10 col-xl-10 text-center offset-md-1 offset-lg-1 offset-xl-1\">\n\t\t\t\n\n<h6 class=\"fichas azul wp-block-heading\">La Kombucha es una bebida fermentada, no alcoh\u00f3lica, 100% natural. Es producida a base de t\u00e9 azucarado o infusiones. La Fermentaci\u00f3n se logra a trav\u00e9s de un cultivo de bacterias y levaduras (SCOBY, Symbiotic Culture Of Baceria and Yeast), el \u201chongo de Kombucha\u201d. Su fermentaci\u00f3n transforma el t\u00e9 o la infusi\u00f3n en una bebida excepcionalmente nutritiva, que aporta vitaminas, enzimas, minerales y \u00e1cidos org\u00e1nicos esenciales. Posee efectos estimulantes y curativos, y un rico gusto natural. Su variedad de sabores y opciones crece d\u00eda a d\u00eda.<\/h6>\n\n\n\n<h6 class=\"fichas azul wp-block-heading\">Las empresas de C\u00e1diz que la ofertan utilizan materia prima procedente de agricultura ecol\u00f3gica, certificada, con controles continuos por las entidades certificadoras. Son productos de producci\u00f3n sostenible y de comercio justo. \u00a1Mucho m\u00e1s que una moda!<\/h6>\n\n\n\n<p><\/p>\n\n\t<\/div>\n\n<\/div>\n\n<\/div>\n\n\n<div class=\"wp-bootstrap-blocks-container container mb-0\">\n\t\n<div class=\"wp-bootstrap-blocks-row row\">\n\t\n\n<div class=\"col-12 col-sm-12 col-md-12 col-lg-12 col-xl-12\">\n\t\t\t\n\n<div class=\"wp-block-group banner\"><div class=\"wp-block-group__inner-container is-layout-flow wp-block-group-is-layout-flow\">\n<figure class=\"wp-block-image size-large img-fluid\"><img loading=\"lazy\" decoding=\"async\" width=\"1024\" height=\"250\" src=\"https:\/\/www.gustocadiz.com\/wp-content\/uploads\/2021\/08\/empresas-fondo-1024x250.jpg\" alt=\"\" class=\"wp-image-2074\" srcset=\"https:\/\/www.gustocadiz.com\/wp-content\/uploads\/2021\/08\/empresas-fondo-1024x250.jpg 1024w, https:\/\/www.gustocadiz.com\/wp-content\/uploads\/2021\/08\/empresas-fondo-300x73.jpg 300w, https:\/\/www.gustocadiz.com\/wp-content\/uploads\/2021\/08\/empresas-fondo-768x187.jpg 768w, https:\/\/www.gustocadiz.com\/wp-content\/uploads\/2021\/08\/empresas-fondo.jpg 1230w\" sizes=\"auto, (max-width: 1024px) 100vw, 1024px\" \/><\/figure>\n\n\n\n<div class=\"wp-block-group texto\"><div class=\"wp-block-group__inner-container is-layout-flow wp-block-group-is-layout-flow\">\n<h2 class=\"wp-block-heading\">Empresas de nuestros territorios<\/h2>\n\n\n\n<a href=\"https:\/\/www.gustocadiz.com\/es\/empresas-gastronomicas\/\" class=\"cta white\">Empresas<\/a>\n<\/div><\/div>\n<\/div><\/div>\n\n\n\n<div class=\"wp-block-group banner\"><div class=\"wp-block-group__inner-container is-layout-flow wp-block-group-is-layout-flow\">\n<figure class=\"wp-block-image size-large img-fluid\"><img loading=\"lazy\" decoding=\"async\" width=\"1024\" height=\"250\" src=\"https:\/\/www.gustocadiz.com\/wp-content\/uploads\/2021\/08\/glosario-fondo-1024x250.jpg\" alt=\"\" class=\"wp-image-2076\" srcset=\"https:\/\/www.gustocadiz.com\/wp-content\/uploads\/2021\/08\/glosario-fondo-1024x250.jpg 1024w, https:\/\/www.gustocadiz.com\/wp-content\/uploads\/2021\/08\/glosario-fondo-300x73.jpg 300w, https:\/\/www.gustocadiz.com\/wp-content\/uploads\/2021\/08\/glosario-fondo-768x187.jpg 768w, https:\/\/www.gustocadiz.com\/wp-content\/uploads\/2021\/08\/glosario-fondo.jpg 1230w\" sizes=\"auto, (max-width: 1024px) 100vw, 1024px\" \/><\/figure>\n\n\n\n<div class=\"wp-block-group texto\"><div class=\"wp-block-group__inner-container is-layout-flow wp-block-group-is-layout-flow\">\n<h2 class=\"wp-block-heading\">Glosario Gastron\u00f3mico<\/h2>\n\n\n\n<a href=\"https:\/\/www.gustocadiz.com\/es\/glosario\/\" class=\"cta white\">Glosario Gastron\u00f3mico<\/a>\n<\/div><\/div>\n<\/div><\/div>\n\n\t<\/div>\n\n<\/div>\n\n<\/div>\n","protected":false},"excerpt":{"rendered":"","protected":false},"author":7,"featured_media":0,"parent":11,"menu_order":0,"comment_status":"closed","ping_status":"closed","template":"page-templates\/content-nivel-2.php","meta":{"inline_featured_image":false,"_monsterinsights_skip_tracking":false,"_monsterinsights_sitenote_active":false,"_monsterinsights_sitenote_note":"","_monsterinsights_sitenote_category":0,"footnotes":""},"class_list":["post-636","page","type-page","status-publish","hentry"],"yoast_head":"<!-- This site is optimized with the Yoast SEO plugin v19.9 - https:\/\/yoast.com\/wordpress\/plugins\/seo\/ -->\n<title>Refrescos - Gusto C\u00e1diz<\/title>\n<meta name=\"robots\" content=\"index, follow, max-snippet:-1, max-image-preview:large, max-video-preview:-1\" \/>\n<link rel=\"canonical\" href=\"https:\/\/www.gustocadiz.com\/es\/alimentos\/refrescos\/\" \/>\n<meta property=\"og:locale\" content=\"es_ES\" \/>\n<meta property=\"og:type\" content=\"article\" \/>\n<meta property=\"og:title\" content=\"Refrescos - Gusto C\u00e1diz\" \/>\n<meta property=\"og:url\" content=\"https:\/\/www.gustocadiz.com\/es\/alimentos\/refrescos\/\" \/>\n<meta property=\"og:site_name\" content=\"Gusto C\u00e1diz\" \/>\n<meta property=\"article:modified_time\" content=\"2021-12-03T11:01:11+00:00\" \/>\n<meta property=\"og:image\" content=\"http:\/\/www.gustocadiz.com\/wp-content\/uploads\/2021\/12\/refrescos-img-1.jpg\" \/>\n<meta name=\"twitter:card\" content=\"summary_large_image\" \/>\n<meta name=\"twitter:label1\" content=\"Tiempo de lectura\" \/>\n\t<meta name=\"twitter:data1\" content=\"3 minutos\" \/>\n<script type=\"application\/ld+json\" class=\"yoast-schema-graph\">{\"@context\":\"https:\/\/schema.org\",\"@graph\":[{\"@type\":\"WebPage\",\"@id\":\"https:\/\/www.gustocadiz.com\/es\/alimentos\/refrescos\/\",\"url\":\"https:\/\/www.gustocadiz.com\/es\/alimentos\/refrescos\/\",\"name\":\"Refrescos - Gusto C\u00e1diz\",\"isPartOf\":{\"@id\":\"https:\/\/www.gustocadiz.com\/#website\"},\"datePublished\":\"2021-08-26T10:04:28+00:00\",\"dateModified\":\"2021-12-03T11:01:11+00:00\",\"breadcrumb\":{\"@id\":\"https:\/\/www.gustocadiz.com\/es\/alimentos\/refrescos\/#breadcrumb\"},\"inLanguage\":\"es\",\"potentialAction\":[{\"@type\":\"ReadAction\",\"target\":[\"https:\/\/www.gustocadiz.com\/es\/alimentos\/refrescos\/\"]}]},{\"@type\":\"BreadcrumbList\",\"@id\":\"https:\/\/www.gustocadiz.com\/es\/alimentos\/refrescos\/#breadcrumb\",\"itemListElement\":[{\"@type\":\"ListItem\",\"position\":1,\"name\":\"Home\",\"item\":\"https:\/\/www.gustocadiz.com\/es\/\"},{\"@type\":\"ListItem\",\"position\":2,\"name\":\"Alimentos\",\"item\":\"https:\/\/www.gustocadiz.com\/es\/alimentos\/\"},{\"@type\":\"ListItem\",\"position\":3,\"name\":\"Refrescos\"}]},{\"@type\":\"WebSite\",\"@id\":\"https:\/\/www.gustocadiz.com\/#website\",\"url\":\"https:\/\/www.gustocadiz.com\/\",\"name\":\"Gusto C\u00e1diz\",\"description\":\"Alimentos y vinos originales del Sur de Espa\u00f1a\",\"potentialAction\":[{\"@type\":\"SearchAction\",\"target\":{\"@type\":\"EntryPoint\",\"urlTemplate\":\"https:\/\/www.gustocadiz.com\/?s={search_term_string}\"},\"query-input\":\"required name=search_term_string\"}],\"inLanguage\":\"es\"}]}<\/script>\n<!-- \/ Yoast SEO plugin. -->","yoast_head_json":{"title":"Refrescos - Gusto C\u00e1diz","robots":{"index":"index","follow":"follow","max-snippet":"max-snippet:-1","max-image-preview":"max-image-preview:large","max-video-preview":"max-video-preview:-1"},"canonical":"https:\/\/www.gustocadiz.com\/es\/alimentos\/refrescos\/","og_locale":"es_ES","og_type":"article","og_title":"Refrescos - Gusto C\u00e1diz","og_url":"https:\/\/www.gustocadiz.com\/es\/alimentos\/refrescos\/","og_site_name":"Gusto C\u00e1diz","article_modified_time":"2021-12-03T11:01:11+00:00","og_image":[{"url":"http:\/\/www.gustocadiz.com\/wp-content\/uploads\/2021\/12\/refrescos-img-1.jpg"}],"twitter_card":"summary_large_image","twitter_misc":{"Tiempo de lectura":"3 minutos"},"schema":{"@context":"https:\/\/schema.org","@graph":[{"@type":"WebPage","@id":"https:\/\/www.gustocadiz.com\/es\/alimentos\/refrescos\/","url":"https:\/\/www.gustocadiz.com\/es\/alimentos\/refrescos\/","name":"Refrescos - Gusto C\u00e1diz","isPartOf":{"@id":"https:\/\/www.gustocadiz.com\/#website"},"datePublished":"2021-08-26T10:04:28+00:00","dateModified":"2021-12-03T11:01:11+00:00","breadcrumb":{"@id":"https:\/\/www.gustocadiz.com\/es\/alimentos\/refrescos\/#breadcrumb"},"inLanguage":"es","potentialAction":[{"@type":"ReadAction","target":["https:\/\/www.gustocadiz.com\/es\/alimentos\/refrescos\/"]}]},{"@type":"BreadcrumbList","@id":"https:\/\/www.gustocadiz.com\/es\/alimentos\/refrescos\/#breadcrumb","itemListElement":[{"@type":"ListItem","position":1,"name":"Home","item":"https:\/\/www.gustocadiz.com\/es\/"},{"@type":"ListItem","position":2,"name":"Alimentos","item":"https:\/\/www.gustocadiz.com\/es\/alimentos\/"},{"@type":"ListItem","position":3,"name":"Refrescos"}]},{"@type":"WebSite","@id":"https:\/\/www.gustocadiz.com\/#website","url":"https:\/\/www.gustocadiz.com\/","name":"Gusto C\u00e1diz","description":"Alimentos y vinos originales del Sur de Espa\u00f1a","potentialAction":[{"@type":"SearchAction","target":{"@type":"EntryPoint","urlTemplate":"https:\/\/www.gustocadiz.com\/?s={search_term_string}"},"query-input":"required name=search_term_string"}],"inLanguage":"es"}]}},"_links":{"self":[{"href":"https:\/\/www.gustocadiz.com\/es\/wp-json\/wp\/v2\/pages\/636","targetHints":{"allow":["GET"]}}],"collection":[{"href":"https:\/\/www.gustocadiz.com\/es\/wp-json\/wp\/v2\/pages"}],"about":[{"href":"https:\/\/www.gustocadiz.com\/es\/wp-json\/wp\/v2\/types\/page"}],"author":[{"embeddable":true,"href":"https:\/\/www.gustocadiz.com\/es\/wp-json\/wp\/v2\/users\/7"}],"replies":[{"embeddable":true,"href":"https:\/\/www.gustocadiz.com\/es\/wp-json\/wp\/v2\/comments?post=636"}],"version-history":[{"count":4,"href":"https:\/\/www.gustocadiz.com\/es\/wp-json\/wp\/v2\/pages\/636\/revisions"}],"predecessor-version":[{"id":1954,"href":"https:\/\/www.gustocadiz.com\/es\/wp-json\/wp\/v2\/pages\/636\/revisions\/1954"}],"up":[{"embeddable":true,"href":"https:\/\/www.gustocadiz.com\/es\/wp-json\/wp\/v2\/pages\/11"}],"wp:attachment":[{"href":"https:\/\/www.gustocadiz.com\/es\/wp-json\/wp\/v2\/media?parent=636"}],"curies":[{"name":"wp","href":"https:\/\/api.w.org\/{rel}","templated":true}]}}