{"id":544,"date":"2021-08-26T08:42:59","date_gmt":"2021-08-26T08:42:59","guid":{"rendered":"http:\/\/www.gustocadiz.com\/?page_id=544"},"modified":"2021-12-03T12:57:46","modified_gmt":"2021-12-03T10:57:46","slug":"picos-y-reganas","status":"publish","type":"page","link":"https:\/\/www.gustocadiz.com\/es\/alimentos\/picos-y-reganas\/","title":{"rendered":"Picos y rega\u00f1\u00e1s"},"content":{"rendered":"<div class=\"wp-bootstrap-blocks-container container mb-0\">\n\t\n<div class=\"wp-bootstrap-blocks-container container mb-2\">\n\t\n<div class=\"wp-bootstrap-blocks-row row\">\n\t\n\n<div class=\"col-12 col-sm-12 col-md-8 col-lg-8 col-xl-8 text-center offset-md-2 offset-lg-2 offset-xl-2\">\n\t\t\t\n\n<h1 class=\"wp-block-heading\">Perfectos<br>Acompa\u00f1antes<\/h1>\n\n\n\n<p>El pan es un producto con una historia tan antigua como universal. C\u00e1diz tiene un pan artesanal, r\u00fastico, con gusto a casa. Sus recetas de pan son tan milenarias como su tierra y sus Picos de Pan (en m\u00faltiples variantes) y Rega\u00f1\u00e1s han ido ganando protagonismo en la panader\u00eda de la provincia, obteniendo un reconocimiento en la gastronom\u00eda espa\u00f1ola y cierta fama internacional recientemente. El pico ha nacido como el crujiente de la tapa, el acompa\u00f1ante perfecto para el picoteo, pero se sirve hoy tambi\u00e9n como un tipo de pan gourmet en las mesas m\u00e1s selectas.<\/p>\n\n\t<\/div>\n\n<\/div>\n\n\n<div class=\"wp-bootstrap-blocks-row row\">\n\t\n\n<div class=\"col-12 col-sm-12 col-md-4 col-lg-4 col-xl-4 offset-md-1 offset-lg-1 offset-xl-1\">\n\t\t\t\n\n<p>El pan ha sido siempre, en todo el mundo, una se\u00f1al de identidad de la tierra: cada regi\u00f3n ha elaborado a lo largo de su historia un pan propio que no s\u00f3lo le ha servido como alimento casero sino tambi\u00e9n como un elemento caracter\u00edstico de su cultura gastron\u00f3mica.<br><br>La variedad distingue a la industria de pan gaditana, donde sin duda los protagonistas son los Picos de Pan y el Rega\u00f1as.<\/p>\n\n\t<\/div>\n\n\n\n<div class=\"col-12 col-sm-12 col-md-5 col-lg-5 col-xl-5 offset-md-1 offset-lg-1 offset-xl-1\">\n\t\t\t\n\n<figure class=\"wp-block-image size-full img-fluid\"><img loading=\"lazy\" decoding=\"async\" width=\"495\" height=\"346\" src=\"http:\/\/www.gustocadiz.com\/wp-content\/uploads\/2021\/12\/picos-img-1.jpg\" alt=\"\" class=\"wp-image-1843\" srcset=\"https:\/\/www.gustocadiz.com\/wp-content\/uploads\/2021\/12\/picos-img-1.jpg 495w, https:\/\/www.gustocadiz.com\/wp-content\/uploads\/2021\/12\/picos-img-1-300x210.jpg 300w\" sizes=\"auto, (max-width: 495px) 100vw, 495px\" \/><\/figure>\n\n\t<\/div>\n\n<\/div>\n\n<\/div>\n\n<\/div>\n\n\n\n<div class=\"wp-block-group bg-amarillo_oscuro\"><div class=\"wp-block-group__inner-container is-layout-flow wp-block-group-is-layout-flow\"><div class=\"wp-bootstrap-blocks-container container mb-0\">\n\t\n<div class=\"wp-bootstrap-blocks-row row\">\n\t\n\n<div class=\"col-12 col-sm-12 col-md-8 col-lg-8 col-xl-8 text-center offset-md-2 offset-lg-2 offset-xl-2\">\n\t\t\t\n\n<p class=\"white\">Seg\u00fan cuentan los panaderos gaditanos, los picos nacieron por casualidad: se hac\u00edan peque\u00f1os rollitos con la masa que sobraba, se coc\u00edan algo m\u00e1s que el pan y se regalaban a los ni\u00f1os. Poco a poco, esa costumbre se convirti\u00f3 en una l\u00ednea de productos espec\u00edficos que convirti\u00f3 en industria a muchas panader\u00edas de C\u00e1diz.<\/p>\n\n\t<\/div>\n\n<\/div>\n\n<\/div>\n<\/div><\/div>\n\n\n<div class=\"wp-bootstrap-blocks-container container mb-0\">\n\t\n<div class=\"wp-bootstrap-blocks-row row\">\n\t\n\n<div class=\"col-12 col-sm-12 col-md-5 col-lg-5 col-xl-5\">\n\t\t\t\n\n<figure class=\"wp-block-image size-full is-resized img-fluid\"><img loading=\"lazy\" decoding=\"async\" src=\"http:\/\/www.gustocadiz.com\/wp-content\/uploads\/2021\/12\/picos-img-2.jpg\" alt=\"\" class=\"wp-image-1841\" width=\"371\" height=\"519\" srcset=\"https:\/\/www.gustocadiz.com\/wp-content\/uploads\/2021\/12\/picos-img-2.jpg 495w, https:\/\/www.gustocadiz.com\/wp-content\/uploads\/2021\/12\/picos-img-2-215x300.jpg 215w\" sizes=\"auto, (max-width: 371px) 100vw, 371px\" \/><\/figure>\n\n\t<\/div>\n\n\n\n<div class=\"col-12 col-sm-12 col-md-6 col-lg-6 col-xl-6 offset-md-1 offset-lg-1 offset-xl-1\">\n\t\t\t\n\n<p>Estos trocitos de pan crujiente son un producto extraordinariamente vers\u00e1til, y en los \u00faltimos a\u00f1os han conseguido un estatus bien distinto al de sus or\u00edgenes. Los picos y todas sus variantes son un acompa\u00f1amiento casi indispensable para las tan renombradas tapas que Espa\u00f1a ha sabido dar a conocer y poner de moda en el resto del mundo. Adem\u00e1s, su extenso tiempo de conservaci\u00f3n los convierte en una alternativa mucho m\u00e1s conveniente que el pan.<br><br>Por otra parte, con el crecimiento de la industria y las nuevas tendencias de los mercados, el uso de ingredientes b\u00e1sicos y naturales como el aceite de oliva, los cereales y las semillas ha logrado despertar ampliamente el inter\u00e9s de un p\u00fablico exigente y conocedor de la buena calidad. As\u00ed, los picos van ampliando sus aplicaciones culinarias y se convierten tambi\u00e9n en un atractivo snack, una forma sana y natural de picar entre comidas.<br><br>Los productores se afanan por mantener las formas tradicionales en estos panes secos, que reciben todo tipo de nombres (picos, picos camperos, pulguitas, duros, palitos, bolitas, rosquillas, etc.), pero adem\u00e1s aprovechan los recursos habidos en los ingredientes b\u00e1sicos para crear todo tipo de variantes: normales o integrales, de elaboraci\u00f3n artesanal, ecol\u00f3gicos, con aceite de oliva virgen, con ajonjol\u00ed (s\u00e9samo), or\u00e9gano, albahaca, tomillo, sal gorda\u2026 la lista es casi interminable.<\/p>\n\n\t<\/div>\n\n<\/div>\n\n\n<div class=\"wp-bootstrap-blocks-row row\">\n\t\n\n<div class=\"col-12 col-sm-12 col-md-10 col-lg-10 col-xl-10 text-center offset-md-1 offset-lg-1 offset-xl-1\">\n\t\t\t\n\n<h6 class=\"fichas amarillo_oscuro wp-block-heading\">Los picos son el complemento ideal de productos tan espa\u00f1oles y emblem\u00e1ticos como el jam\u00f3n ib\u00e9rico, los quesos, el chorizo, la tortilla de patata, etc.<\/h6>\n\n\n\n<h6 class=\"fichas amarillo_oscuro wp-block-heading\">Recientemente, incluso, algunas empresas gaditanas con excelentes desarrollos en I+D han lanzado al mercado picos y rega\u00f1\u00e1s sin gluten ni otros al\u00e9rgenos alimentarios. \u00a1Picos para todos!<\/h6>\n\n\n\n<p><\/p>\n\n\t<\/div>\n\n<\/div>\n\n<\/div>\n\n\n<div class=\"wp-bootstrap-blocks-container container mb-0\">\n\t\n<div class=\"wp-bootstrap-blocks-row row\">\n\t\n\n<div class=\"col-12 col-sm-12 col-md-12 col-lg-12 col-xl-12\">\n\t\t\t\n\n<div class=\"wp-block-group banner\"><div class=\"wp-block-group__inner-container is-layout-flow wp-block-group-is-layout-flow\">\n<figure class=\"wp-block-image size-large img-fluid\"><img loading=\"lazy\" decoding=\"async\" width=\"1024\" height=\"250\" src=\"https:\/\/www.gustocadiz.com\/wp-content\/uploads\/2021\/08\/empresas-fondo-1024x250.jpg\" alt=\"\" class=\"wp-image-2074\" srcset=\"https:\/\/www.gustocadiz.com\/wp-content\/uploads\/2021\/08\/empresas-fondo-1024x250.jpg 1024w, https:\/\/www.gustocadiz.com\/wp-content\/uploads\/2021\/08\/empresas-fondo-300x73.jpg 300w, https:\/\/www.gustocadiz.com\/wp-content\/uploads\/2021\/08\/empresas-fondo-768x187.jpg 768w, https:\/\/www.gustocadiz.com\/wp-content\/uploads\/2021\/08\/empresas-fondo.jpg 1230w\" sizes=\"auto, (max-width: 1024px) 100vw, 1024px\" \/><\/figure>\n\n\n\n<div class=\"wp-block-group texto\"><div class=\"wp-block-group__inner-container is-layout-flow wp-block-group-is-layout-flow\">\n<h2 class=\"wp-block-heading\">Empresas de nuestros territorios<\/h2>\n\n\n\n<a href=\"https:\/\/www.gustocadiz.com\/es\/empresas-gastronomicas\/\" class=\"cta white\">Empresas<\/a>\n<\/div><\/div>\n<\/div><\/div>\n\n\n\n<div class=\"wp-block-group banner\"><div class=\"wp-block-group__inner-container is-layout-flow wp-block-group-is-layout-flow\">\n<figure class=\"wp-block-image size-large img-fluid\"><img loading=\"lazy\" decoding=\"async\" width=\"1024\" height=\"250\" src=\"https:\/\/www.gustocadiz.com\/wp-content\/uploads\/2021\/08\/glosario-fondo-1024x250.jpg\" alt=\"\" class=\"wp-image-2076\" srcset=\"https:\/\/www.gustocadiz.com\/wp-content\/uploads\/2021\/08\/glosario-fondo-1024x250.jpg 1024w, https:\/\/www.gustocadiz.com\/wp-content\/uploads\/2021\/08\/glosario-fondo-300x73.jpg 300w, https:\/\/www.gustocadiz.com\/wp-content\/uploads\/2021\/08\/glosario-fondo-768x187.jpg 768w, https:\/\/www.gustocadiz.com\/wp-content\/uploads\/2021\/08\/glosario-fondo.jpg 1230w\" sizes=\"auto, (max-width: 1024px) 100vw, 1024px\" \/><\/figure>\n\n\n\n<div class=\"wp-block-group texto\"><div class=\"wp-block-group__inner-container is-layout-flow wp-block-group-is-layout-flow\">\n<h2 class=\"wp-block-heading\">Glosario Gastron\u00f3mico<\/h2>\n\n\n\n<a href=\"https:\/\/www.gustocadiz.com\/es\/glosario\/\" class=\"cta white\">Glosario Gastron\u00f3mico<\/a>\n<\/div><\/div>\n<\/div><\/div>\n\n\t<\/div>\n\n<\/div>\n\n<\/div>\n","protected":false},"excerpt":{"rendered":"","protected":false},"author":7,"featured_media":0,"parent":11,"menu_order":0,"comment_status":"closed","ping_status":"closed","template":"page-templates\/content-nivel-2.php","meta":{"inline_featured_image":false,"_monsterinsights_skip_tracking":false,"_monsterinsights_sitenote_active":false,"_monsterinsights_sitenote_note":"","_monsterinsights_sitenote_category":0,"footnotes":""},"class_list":["post-544","page","type-page","status-publish","hentry"],"yoast_head":"<!-- This site is optimized with the Yoast SEO plugin v19.9 - https:\/\/yoast.com\/wordpress\/plugins\/seo\/ -->\n<title>Picos y rega\u00f1\u00e1s - Gusto C\u00e1diz<\/title>\n<meta name=\"robots\" content=\"index, follow, max-snippet:-1, max-image-preview:large, max-video-preview:-1\" \/>\n<link rel=\"canonical\" href=\"https:\/\/www.gustocadiz.com\/es\/alimentos\/picos-y-reganas\/\" \/>\n<meta property=\"og:locale\" content=\"es_ES\" \/>\n<meta property=\"og:type\" content=\"article\" \/>\n<meta property=\"og:title\" content=\"Picos y rega\u00f1\u00e1s - Gusto C\u00e1diz\" \/>\n<meta property=\"og:url\" content=\"https:\/\/www.gustocadiz.com\/es\/alimentos\/picos-y-reganas\/\" \/>\n<meta property=\"og:site_name\" content=\"Gusto C\u00e1diz\" \/>\n<meta property=\"article:modified_time\" content=\"2021-12-03T10:57:46+00:00\" \/>\n<meta property=\"og:image\" content=\"http:\/\/www.gustocadiz.com\/wp-content\/uploads\/2021\/12\/picos-img-1.jpg\" \/>\n<meta name=\"twitter:card\" content=\"summary_large_image\" \/>\n<meta name=\"twitter:label1\" content=\"Tiempo de lectura\" \/>\n\t<meta name=\"twitter:data1\" content=\"3 minutos\" \/>\n<script type=\"application\/ld+json\" class=\"yoast-schema-graph\">{\"@context\":\"https:\/\/schema.org\",\"@graph\":[{\"@type\":\"WebPage\",\"@id\":\"https:\/\/www.gustocadiz.com\/es\/alimentos\/picos-y-reganas\/\",\"url\":\"https:\/\/www.gustocadiz.com\/es\/alimentos\/picos-y-reganas\/\",\"name\":\"Picos y rega\u00f1\u00e1s - Gusto C\u00e1diz\",\"isPartOf\":{\"@id\":\"https:\/\/www.gustocadiz.com\/#website\"},\"datePublished\":\"2021-08-26T08:42:59+00:00\",\"dateModified\":\"2021-12-03T10:57:46+00:00\",\"breadcrumb\":{\"@id\":\"https:\/\/www.gustocadiz.com\/es\/alimentos\/picos-y-reganas\/#breadcrumb\"},\"inLanguage\":\"es\",\"potentialAction\":[{\"@type\":\"ReadAction\",\"target\":[\"https:\/\/www.gustocadiz.com\/es\/alimentos\/picos-y-reganas\/\"]}]},{\"@type\":\"BreadcrumbList\",\"@id\":\"https:\/\/www.gustocadiz.com\/es\/alimentos\/picos-y-reganas\/#breadcrumb\",\"itemListElement\":[{\"@type\":\"ListItem\",\"position\":1,\"name\":\"Home\",\"item\":\"https:\/\/www.gustocadiz.com\/es\/\"},{\"@type\":\"ListItem\",\"position\":2,\"name\":\"Alimentos\",\"item\":\"https:\/\/www.gustocadiz.com\/es\/alimentos\/\"},{\"@type\":\"ListItem\",\"position\":3,\"name\":\"Picos y rega\u00f1\u00e1s\"}]},{\"@type\":\"WebSite\",\"@id\":\"https:\/\/www.gustocadiz.com\/#website\",\"url\":\"https:\/\/www.gustocadiz.com\/\",\"name\":\"Gusto C\u00e1diz\",\"description\":\"Alimentos y vinos originales del Sur de Espa\u00f1a\",\"potentialAction\":[{\"@type\":\"SearchAction\",\"target\":{\"@type\":\"EntryPoint\",\"urlTemplate\":\"https:\/\/www.gustocadiz.com\/?s={search_term_string}\"},\"query-input\":\"required name=search_term_string\"}],\"inLanguage\":\"es\"}]}<\/script>\n<!-- \/ Yoast SEO plugin. -->","yoast_head_json":{"title":"Picos y rega\u00f1\u00e1s - Gusto C\u00e1diz","robots":{"index":"index","follow":"follow","max-snippet":"max-snippet:-1","max-image-preview":"max-image-preview:large","max-video-preview":"max-video-preview:-1"},"canonical":"https:\/\/www.gustocadiz.com\/es\/alimentos\/picos-y-reganas\/","og_locale":"es_ES","og_type":"article","og_title":"Picos y rega\u00f1\u00e1s - Gusto C\u00e1diz","og_url":"https:\/\/www.gustocadiz.com\/es\/alimentos\/picos-y-reganas\/","og_site_name":"Gusto C\u00e1diz","article_modified_time":"2021-12-03T10:57:46+00:00","og_image":[{"url":"http:\/\/www.gustocadiz.com\/wp-content\/uploads\/2021\/12\/picos-img-1.jpg"}],"twitter_card":"summary_large_image","twitter_misc":{"Tiempo de lectura":"3 minutos"},"schema":{"@context":"https:\/\/schema.org","@graph":[{"@type":"WebPage","@id":"https:\/\/www.gustocadiz.com\/es\/alimentos\/picos-y-reganas\/","url":"https:\/\/www.gustocadiz.com\/es\/alimentos\/picos-y-reganas\/","name":"Picos y rega\u00f1\u00e1s - Gusto C\u00e1diz","isPartOf":{"@id":"https:\/\/www.gustocadiz.com\/#website"},"datePublished":"2021-08-26T08:42:59+00:00","dateModified":"2021-12-03T10:57:46+00:00","breadcrumb":{"@id":"https:\/\/www.gustocadiz.com\/es\/alimentos\/picos-y-reganas\/#breadcrumb"},"inLanguage":"es","potentialAction":[{"@type":"ReadAction","target":["https:\/\/www.gustocadiz.com\/es\/alimentos\/picos-y-reganas\/"]}]},{"@type":"BreadcrumbList","@id":"https:\/\/www.gustocadiz.com\/es\/alimentos\/picos-y-reganas\/#breadcrumb","itemListElement":[{"@type":"ListItem","position":1,"name":"Home","item":"https:\/\/www.gustocadiz.com\/es\/"},{"@type":"ListItem","position":2,"name":"Alimentos","item":"https:\/\/www.gustocadiz.com\/es\/alimentos\/"},{"@type":"ListItem","position":3,"name":"Picos y rega\u00f1\u00e1s"}]},{"@type":"WebSite","@id":"https:\/\/www.gustocadiz.com\/#website","url":"https:\/\/www.gustocadiz.com\/","name":"Gusto C\u00e1diz","description":"Alimentos y vinos originales del Sur de Espa\u00f1a","potentialAction":[{"@type":"SearchAction","target":{"@type":"EntryPoint","urlTemplate":"https:\/\/www.gustocadiz.com\/?s={search_term_string}"},"query-input":"required name=search_term_string"}],"inLanguage":"es"}]}},"_links":{"self":[{"href":"https:\/\/www.gustocadiz.com\/es\/wp-json\/wp\/v2\/pages\/544","targetHints":{"allow":["GET"]}}],"collection":[{"href":"https:\/\/www.gustocadiz.com\/es\/wp-json\/wp\/v2\/pages"}],"about":[{"href":"https:\/\/www.gustocadiz.com\/es\/wp-json\/wp\/v2\/types\/page"}],"author":[{"embeddable":true,"href":"https:\/\/www.gustocadiz.com\/es\/wp-json\/wp\/v2\/users\/7"}],"replies":[{"embeddable":true,"href":"https:\/\/www.gustocadiz.com\/es\/wp-json\/wp\/v2\/comments?post=544"}],"version-history":[{"count":4,"href":"https:\/\/www.gustocadiz.com\/es\/wp-json\/wp\/v2\/pages\/544\/revisions"}],"predecessor-version":[{"id":1951,"href":"https:\/\/www.gustocadiz.com\/es\/wp-json\/wp\/v2\/pages\/544\/revisions\/1951"}],"up":[{"embeddable":true,"href":"https:\/\/www.gustocadiz.com\/es\/wp-json\/wp\/v2\/pages\/11"}],"wp:attachment":[{"href":"https:\/\/www.gustocadiz.com\/es\/wp-json\/wp\/v2\/media?parent=544"}],"curies":[{"name":"wp","href":"https:\/\/api.w.org\/{rel}","templated":true}]}}