{"id":515,"date":"2021-08-26T08:27:03","date_gmt":"2021-08-26T08:27:03","guid":{"rendered":"http:\/\/www.gustocadiz.com\/?page_id=515"},"modified":"2022-01-13T13:16:44","modified_gmt":"2022-01-13T11:16:44","slug":"congelados-y-precocinados-del-mar","status":"publish","type":"page","link":"https:\/\/www.gustocadiz.com\/es\/alimentos\/congelados-y-precocinados-del-mar\/","title":{"rendered":"Congelados y precocinados del mar"},"content":{"rendered":"<div class=\"wp-bootstrap-blocks-container container mb-0\">\n\t\n<div class=\"wp-bootstrap-blocks-container container mb-2\">\n\t\n<div class=\"wp-bootstrap-blocks-row row\">\n\t\n\n<div class=\"col-12 col-sm-12 col-md-8 col-lg-8 col-xl-8 text-center offset-md-2 offset-lg-2 offset-xl-2\">\n\t\t\t\n\n<h1 class=\"wp-block-heading\">Sabrosos y<br>convenientes<\/h1>\n\n\n\n<p>La gastronom\u00eda de C\u00e1diz est\u00e1 inevitablemente asociada al mar. C\u00e1diz no es C\u00e1diz sin su at\u00fan de almadraba, su pesca\u00edto frito y sus incontables productos de sabor marino. En los \u00faltimos tiempos, los congelados y ultra congelados han ido ganando terreno al pescado fresco, permitiendo la ampliaci\u00f3n de mercados a ciertas empresas gaditanas de trayectoria en el sector. Adem\u00e1s, ha crecido la demanda de los llamados \u201cprecocinados del mar\u201d, productos de conveniencia, previamente enharinados, listos para su fritura: \u00a1Del Atl\u00e1ntico a la mesa!<\/p>\n\n\t<\/div>\n\n<\/div>\n\n\n<div class=\"wp-bootstrap-blocks-row row\">\n\t\n\n<div class=\"col-12 col-sm-12 col-md-4 col-lg-4 col-xl-4 offset-md-1 offset-lg-1 offset-xl-1\">\n\t\t\t\n\n<p>Las empresas gaditanas han sido y son referentes espa\u00f1oles en el sector pesquero. Con amplia trayectoria y amparadas en el producto de excelencia que abunda en estas costas, han ido evolucionando en sinton\u00eda con las nuevas demandas y tendencias, innovando en nuevas maneras de conservar, presentar y preparar los productos del mar para sus consumidores a nivel mundial.<br>Les une una gran pasi\u00f3n por el producto de mar, un fuerte compromiso por la sostenibilidad y la b\u00fasqueda constante de la excelencia.<\/p>\n\n\t<\/div>\n\n\n\n<div class=\"col-12 col-sm-12 col-md-5 col-lg-5 col-xl-5 offset-md-1 offset-lg-1 offset-xl-1\">\n\t\t\t\n\n<figure class=\"wp-block-image size-full img-fluid\"><img loading=\"lazy\" decoding=\"async\" width=\"495\" height=\"346\" src=\"http:\/\/www.gustocadiz.com\/wp-content\/uploads\/2021\/12\/congelados-img-1.jpg\" alt=\"\" class=\"wp-image-1815\" srcset=\"https:\/\/www.gustocadiz.com\/wp-content\/uploads\/2021\/12\/congelados-img-1.jpg 495w, https:\/\/www.gustocadiz.com\/wp-content\/uploads\/2021\/12\/congelados-img-1-300x210.jpg 300w\" sizes=\"auto, (max-width: 495px) 100vw, 495px\" \/><\/figure>\n\n\t<\/div>\n\n<\/div>\n\n<\/div>\n\n<\/div>\n\n\n\n<div class=\"wp-block-group bg-azul\"><div class=\"wp-block-group__inner-container is-layout-flow wp-block-group-is-layout-flow\"><div class=\"wp-bootstrap-blocks-container container mb-0\">\n\t\n<div class=\"wp-bootstrap-blocks-row row\">\n\t\n\n<div class=\"col-12 col-sm-12 col-md-8 col-lg-8 col-xl-8 text-center offset-md-2 offset-lg-2 offset-xl-2\">\n\t\t\t\n\n<p class=\"white\">Adem\u00e1s de la elaboraci\u00f3n de pescados directamente congelados por parte de varias empresas, existen tambi\u00e9n otras en el sector que elaboran precocinados de pescado congelados. Especializadas en pescados enharinados, listos para fre\u00edr, acorde a la demanda de productos de calidad y de conveniencia de la restauraci\u00f3n local, cuentan con una amplia gama de productos que crece y evoluciona cada a\u00f1o.<\/p>\n\n\t<\/div>\n\n<\/div>\n\n<\/div>\n<\/div><\/div>\n\n\n<div class=\"wp-bootstrap-blocks-container container mb-0\">\n\t\n<div class=\"wp-bootstrap-blocks-row row\">\n\t\n\n<div class=\"col-12 col-sm-12 col-md-5 col-lg-5 col-xl-5\">\n\t\t\t\n\n<figure class=\"wp-block-image size-full is-resized img-fluid\"><img loading=\"lazy\" decoding=\"async\" src=\"http:\/\/www.gustocadiz.com\/wp-content\/uploads\/2021\/12\/congelados-img-2.jpg\" alt=\"\" class=\"wp-image-1813\" width=\"450\" height=\"311\" srcset=\"https:\/\/www.gustocadiz.com\/wp-content\/uploads\/2021\/12\/congelados-img-2.jpg 600w, https:\/\/www.gustocadiz.com\/wp-content\/uploads\/2021\/12\/congelados-img-2-300x208.jpg 300w\" sizes=\"auto, (max-width: 450px) 100vw, 450px\" \/><\/figure>\n\n\t<\/div>\n\n\n\n<div class=\"col-12 col-sm-12 col-md-6 col-lg-6 col-xl-6 offset-md-1 offset-lg-1 offset-xl-1\">\n\t\t\t\n\n<p>La fritura de pescado tiene una gran tradici\u00f3n en esta provincia al Sur de Andaluc\u00eda. Ya en el siglo XIX se habla de la existencia en la Bah\u00eda de C\u00e1diz de numerosos establecimientos donde se fre\u00eda el pescado.<br><br>Entre los precocinados congelados hay en la actualidad, por ejemplo, varios enharinados como las aced\u00edas, el boquer\u00f3n limpio, el chipir\u00f3n cortado, la gamba de Sanl\u00facar o el salmonete. Todos estos productos ahorran al empresario hostelero tiempo de preparaci\u00f3n, trabajo y hasta un 40% en el consumo de aceite para fre\u00edr. \u00a1Realmente conveniente!<br><br>Adem\u00e1s, existen tambi\u00e9n otras preparaciones con productos de mar, que ofrecen elaboraciones propias de la provincia. Basadas en platos t\u00edpicos y especialidades de la gastronom\u00eda gaditana, como las tortillitas de camarones, las croquetas de pescado caseras o el caz\u00f3n en adobo tambi\u00e9n conocido como bienmesabe.<\/p>\n\n\t<\/div>\n\n<\/div>\n\n\n<div class=\"wp-bootstrap-blocks-row row\">\n\t\n\n<div class=\"col-12 col-sm-12 col-md-10 col-lg-10 col-xl-10 text-center offset-md-1 offset-lg-1 offset-xl-1\">\n\t\t\t\n\n<h6 class=\"fichas azul wp-block-heading\">Destacan tambi\u00e9n entre estos precocinados las ortiguillas de mar, que son ya un cl\u00e1sico gaditano. La ortiguilla es una an\u00e9mona marina que vive en las rocas o en arrecife. Se suele servir frita, ya que con esta elaboraci\u00f3n se resaltan su sabor y textura. Sus tent\u00e1culos quedan muy crujientes y su interior muy jugoso.<br>\u00a1Un gusto de contrastes!<\/h6>\n\n\n\n<p><\/p>\n\n\n\n<h6 class=\"fichas azul wp-block-heading\">El consumo de estos precocinados en la hosteler\u00eda est\u00e1 en permanente crecimiento. La excelencia del producto y la magn\u00edfica calidad de su preparaci\u00f3n, desmienten falsos mitos alrededor de los productos congelados, demostrando la existencia de un grupo empresarial en C\u00e1diz con un proceso de congelaci\u00f3n industrial de confianza, con m\u00e1ximo respeto al producto del mar y al medio ambiente. \u00a1Aut\u00e9nticas viandas de mar!<\/h6>\n\n\t<\/div>\n\n<\/div>\n\n<\/div>\n\n\n<div class=\"wp-bootstrap-blocks-container container mb-0\">\n\t\n<div class=\"wp-bootstrap-blocks-row row\">\n\t\n\n<div class=\"col-12 col-sm-12 col-md-12 col-lg-12 col-xl-12\">\n\t\t\t\n\n<div class=\"wp-block-group banner\"><div class=\"wp-block-group__inner-container is-layout-flow wp-block-group-is-layout-flow\">\n<figure class=\"wp-block-image size-large img-fluid\"><img loading=\"lazy\" decoding=\"async\" width=\"1024\" height=\"250\" src=\"https:\/\/www.gustocadiz.com\/wp-content\/uploads\/2021\/08\/empresas-fondo-1024x250.jpg\" alt=\"\" class=\"wp-image-2074\" srcset=\"https:\/\/www.gustocadiz.com\/wp-content\/uploads\/2021\/08\/empresas-fondo-1024x250.jpg 1024w, https:\/\/www.gustocadiz.com\/wp-content\/uploads\/2021\/08\/empresas-fondo-300x73.jpg 300w, https:\/\/www.gustocadiz.com\/wp-content\/uploads\/2021\/08\/empresas-fondo-768x187.jpg 768w, https:\/\/www.gustocadiz.com\/wp-content\/uploads\/2021\/08\/empresas-fondo.jpg 1230w\" sizes=\"auto, (max-width: 1024px) 100vw, 1024px\" \/><\/figure>\n\n\n\n<div class=\"wp-block-group texto\"><div class=\"wp-block-group__inner-container is-layout-flow wp-block-group-is-layout-flow\">\n<h2 class=\"wp-block-heading\">Empresas de nuestros territorios<\/h2>\n\n\n\n<a href=\"https:\/\/www.gustocadiz.com\/es\/empresas-gastronomicas\/\" class=\"cta white\">Empresas<\/a>\n<\/div><\/div>\n<\/div><\/div>\n\n\n\n<div class=\"wp-block-group banner\"><div class=\"wp-block-group__inner-container is-layout-flow wp-block-group-is-layout-flow\">\n<figure class=\"wp-block-image size-large img-fluid\"><img loading=\"lazy\" decoding=\"async\" width=\"1024\" height=\"250\" src=\"https:\/\/www.gustocadiz.com\/wp-content\/uploads\/2021\/08\/glosario-fondo-1024x250.jpg\" alt=\"\" class=\"wp-image-2076\" srcset=\"https:\/\/www.gustocadiz.com\/wp-content\/uploads\/2021\/08\/glosario-fondo-1024x250.jpg 1024w, https:\/\/www.gustocadiz.com\/wp-content\/uploads\/2021\/08\/glosario-fondo-300x73.jpg 300w, https:\/\/www.gustocadiz.com\/wp-content\/uploads\/2021\/08\/glosario-fondo-768x187.jpg 768w, https:\/\/www.gustocadiz.com\/wp-content\/uploads\/2021\/08\/glosario-fondo.jpg 1230w\" sizes=\"auto, (max-width: 1024px) 100vw, 1024px\" \/><\/figure>\n\n\n\n<div class=\"wp-block-group texto\"><div class=\"wp-block-group__inner-container is-layout-flow wp-block-group-is-layout-flow\">\n<h2 class=\"wp-block-heading\">Glosario Gastron\u00f3mico<\/h2>\n\n\n\n<a href=\"https:\/\/www.gustocadiz.com\/es\/glosario\/\" class=\"cta white\">Glosario Gastron\u00f3mico<\/a>\n<\/div><\/div>\n<\/div><\/div>\n\n\t<\/div>\n\n<\/div>\n\n<\/div>\n","protected":false},"excerpt":{"rendered":"","protected":false},"author":7,"featured_media":0,"parent":11,"menu_order":0,"comment_status":"closed","ping_status":"closed","template":"page-templates\/content-nivel-2.php","meta":{"inline_featured_image":false,"_monsterinsights_skip_tracking":false,"_monsterinsights_sitenote_active":false,"_monsterinsights_sitenote_note":"","_monsterinsights_sitenote_category":0,"footnotes":""},"class_list":["post-515","page","type-page","status-publish","hentry"],"yoast_head":"<!-- This site is optimized with the Yoast SEO plugin v19.9 - https:\/\/yoast.com\/wordpress\/plugins\/seo\/ -->\n<title>Congelados y precocinados del mar - Gusto C\u00e1diz<\/title>\n<meta name=\"robots\" content=\"index, follow, max-snippet:-1, max-image-preview:large, max-video-preview:-1\" \/>\n<link rel=\"canonical\" href=\"https:\/\/www.gustocadiz.com\/es\/alimentos\/congelados-y-precocinados-del-mar\/\" \/>\n<meta property=\"og:locale\" content=\"es_ES\" \/>\n<meta property=\"og:type\" content=\"article\" \/>\n<meta property=\"og:title\" content=\"Congelados y precocinados del mar - Gusto C\u00e1diz\" \/>\n<meta property=\"og:url\" content=\"https:\/\/www.gustocadiz.com\/es\/alimentos\/congelados-y-precocinados-del-mar\/\" \/>\n<meta property=\"og:site_name\" content=\"Gusto C\u00e1diz\" \/>\n<meta property=\"article:modified_time\" content=\"2022-01-13T11:16:44+00:00\" \/>\n<meta property=\"og:image\" content=\"http:\/\/www.gustocadiz.com\/wp-content\/uploads\/2021\/12\/congelados-img-1.jpg\" \/>\n<meta name=\"twitter:card\" content=\"summary_large_image\" \/>\n<meta name=\"twitter:label1\" content=\"Tiempo de lectura\" \/>\n\t<meta name=\"twitter:data1\" content=\"3 minutos\" \/>\n<script type=\"application\/ld+json\" class=\"yoast-schema-graph\">{\"@context\":\"https:\/\/schema.org\",\"@graph\":[{\"@type\":\"WebPage\",\"@id\":\"https:\/\/www.gustocadiz.com\/es\/alimentos\/congelados-y-precocinados-del-mar\/\",\"url\":\"https:\/\/www.gustocadiz.com\/es\/alimentos\/congelados-y-precocinados-del-mar\/\",\"name\":\"Congelados y precocinados del mar - Gusto C\u00e1diz\",\"isPartOf\":{\"@id\":\"https:\/\/www.gustocadiz.com\/#website\"},\"datePublished\":\"2021-08-26T08:27:03+00:00\",\"dateModified\":\"2022-01-13T11:16:44+00:00\",\"breadcrumb\":{\"@id\":\"https:\/\/www.gustocadiz.com\/es\/alimentos\/congelados-y-precocinados-del-mar\/#breadcrumb\"},\"inLanguage\":\"es\",\"potentialAction\":[{\"@type\":\"ReadAction\",\"target\":[\"https:\/\/www.gustocadiz.com\/es\/alimentos\/congelados-y-precocinados-del-mar\/\"]}]},{\"@type\":\"BreadcrumbList\",\"@id\":\"https:\/\/www.gustocadiz.com\/es\/alimentos\/congelados-y-precocinados-del-mar\/#breadcrumb\",\"itemListElement\":[{\"@type\":\"ListItem\",\"position\":1,\"name\":\"Home\",\"item\":\"https:\/\/www.gustocadiz.com\/es\/\"},{\"@type\":\"ListItem\",\"position\":2,\"name\":\"Alimentos\",\"item\":\"https:\/\/www.gustocadiz.com\/es\/alimentos\/\"},{\"@type\":\"ListItem\",\"position\":3,\"name\":\"Congelados y precocinados del mar\"}]},{\"@type\":\"WebSite\",\"@id\":\"https:\/\/www.gustocadiz.com\/#website\",\"url\":\"https:\/\/www.gustocadiz.com\/\",\"name\":\"Gusto C\u00e1diz\",\"description\":\"Alimentos y vinos originales del Sur de Espa\u00f1a\",\"potentialAction\":[{\"@type\":\"SearchAction\",\"target\":{\"@type\":\"EntryPoint\",\"urlTemplate\":\"https:\/\/www.gustocadiz.com\/?s={search_term_string}\"},\"query-input\":\"required name=search_term_string\"}],\"inLanguage\":\"es\"}]}<\/script>\n<!-- \/ Yoast SEO plugin. -->","yoast_head_json":{"title":"Congelados y precocinados del mar - Gusto C\u00e1diz","robots":{"index":"index","follow":"follow","max-snippet":"max-snippet:-1","max-image-preview":"max-image-preview:large","max-video-preview":"max-video-preview:-1"},"canonical":"https:\/\/www.gustocadiz.com\/es\/alimentos\/congelados-y-precocinados-del-mar\/","og_locale":"es_ES","og_type":"article","og_title":"Congelados y precocinados del mar - Gusto C\u00e1diz","og_url":"https:\/\/www.gustocadiz.com\/es\/alimentos\/congelados-y-precocinados-del-mar\/","og_site_name":"Gusto C\u00e1diz","article_modified_time":"2022-01-13T11:16:44+00:00","og_image":[{"url":"http:\/\/www.gustocadiz.com\/wp-content\/uploads\/2021\/12\/congelados-img-1.jpg"}],"twitter_card":"summary_large_image","twitter_misc":{"Tiempo de lectura":"3 minutos"},"schema":{"@context":"https:\/\/schema.org","@graph":[{"@type":"WebPage","@id":"https:\/\/www.gustocadiz.com\/es\/alimentos\/congelados-y-precocinados-del-mar\/","url":"https:\/\/www.gustocadiz.com\/es\/alimentos\/congelados-y-precocinados-del-mar\/","name":"Congelados y precocinados del mar - Gusto C\u00e1diz","isPartOf":{"@id":"https:\/\/www.gustocadiz.com\/#website"},"datePublished":"2021-08-26T08:27:03+00:00","dateModified":"2022-01-13T11:16:44+00:00","breadcrumb":{"@id":"https:\/\/www.gustocadiz.com\/es\/alimentos\/congelados-y-precocinados-del-mar\/#breadcrumb"},"inLanguage":"es","potentialAction":[{"@type":"ReadAction","target":["https:\/\/www.gustocadiz.com\/es\/alimentos\/congelados-y-precocinados-del-mar\/"]}]},{"@type":"BreadcrumbList","@id":"https:\/\/www.gustocadiz.com\/es\/alimentos\/congelados-y-precocinados-del-mar\/#breadcrumb","itemListElement":[{"@type":"ListItem","position":1,"name":"Home","item":"https:\/\/www.gustocadiz.com\/es\/"},{"@type":"ListItem","position":2,"name":"Alimentos","item":"https:\/\/www.gustocadiz.com\/es\/alimentos\/"},{"@type":"ListItem","position":3,"name":"Congelados y precocinados del mar"}]},{"@type":"WebSite","@id":"https:\/\/www.gustocadiz.com\/#website","url":"https:\/\/www.gustocadiz.com\/","name":"Gusto C\u00e1diz","description":"Alimentos y vinos originales del Sur de Espa\u00f1a","potentialAction":[{"@type":"SearchAction","target":{"@type":"EntryPoint","urlTemplate":"https:\/\/www.gustocadiz.com\/?s={search_term_string}"},"query-input":"required name=search_term_string"}],"inLanguage":"es"}]}},"_links":{"self":[{"href":"https:\/\/www.gustocadiz.com\/es\/wp-json\/wp\/v2\/pages\/515","targetHints":{"allow":["GET"]}}],"collection":[{"href":"https:\/\/www.gustocadiz.com\/es\/wp-json\/wp\/v2\/pages"}],"about":[{"href":"https:\/\/www.gustocadiz.com\/es\/wp-json\/wp\/v2\/types\/page"}],"author":[{"embeddable":true,"href":"https:\/\/www.gustocadiz.com\/es\/wp-json\/wp\/v2\/users\/7"}],"replies":[{"embeddable":true,"href":"https:\/\/www.gustocadiz.com\/es\/wp-json\/wp\/v2\/comments?post=515"}],"version-history":[{"count":8,"href":"https:\/\/www.gustocadiz.com\/es\/wp-json\/wp\/v2\/pages\/515\/revisions"}],"predecessor-version":[{"id":2051,"href":"https:\/\/www.gustocadiz.com\/es\/wp-json\/wp\/v2\/pages\/515\/revisions\/2051"}],"up":[{"embeddable":true,"href":"https:\/\/www.gustocadiz.com\/es\/wp-json\/wp\/v2\/pages\/11"}],"wp:attachment":[{"href":"https:\/\/www.gustocadiz.com\/es\/wp-json\/wp\/v2\/media?parent=515"}],"curies":[{"name":"wp","href":"https:\/\/api.w.org\/{rel}","templated":true}]}}