{"id":484,"date":"2021-08-26T08:16:53","date_gmt":"2021-08-26T08:16:53","guid":{"rendered":"http:\/\/www.gustocadiz.com\/?page_id=484"},"modified":"2022-01-13T13:22:10","modified_gmt":"2022-01-13T11:22:10","slug":"atun-de-almadraba","status":"publish","type":"page","link":"https:\/\/www.gustocadiz.com\/es\/alimentos\/atun-de-almadraba\/","title":{"rendered":"At\u00fan de Almadraba"},"content":{"rendered":"<div class=\"wp-bootstrap-blocks-container container mb-2\">\n\t\n<div class=\"wp-bootstrap-blocks-container container mb-2\">\n\t\n<div class=\"wp-bootstrap-blocks-row row\">\n\t\n\n<div class=\"col-12 col-sm-12 col-md-8 col-lg-8 col-xl-8 text-center offset-md-2 offset-lg-2 offset-xl-2\">\n\t\t\t\n\n<h1 class=\"wp-block-heading\">El At\u00fan<br>M\u00edtico<\/h1>\n\n\n\n<p>El at\u00fan rojo o bluefin es el t\u00fanido de mayor tama\u00f1o. Su nombre cient\u00edfico es Thunnus thynnus. Es el producto estrella de la oferta alimentaria de C\u00e1diz. Desde tiempos inmemoriales viene siendo capturado en las costas gaditanas, en su paso por el Estrecho, a trav\u00e9s del arte de pesca denominado almadraba. Altamente valorado por el mercado gastron\u00f3mico mundial, el at\u00fan salvaje gusta especialmente entre los japoneses para sus platos de pescado crudo. Es exquisito como ning\u00fan otro at\u00fan, cuando llega a la mesa \u00a1el mito est\u00e1 servido!<\/p>\n\n\n\n<p><\/p>\n\n\t<\/div>\n\n<\/div>\n\n\n<div class=\"wp-bootstrap-blocks-row row\">\n\t\n\n<div class=\"col-12 col-sm-12 col-md-4 col-lg-4 col-xl-4 offset-md-1 offset-lg-1 offset-xl-1\">\n\t\t\t\n\n<p>El at\u00fan rojo, denominado tambi\u00e9n bluefin, at\u00fan salvaje o cimarr\u00f3n pesa entre unos 250 y 700 Kg, pudiendo superar los 3 m de longitud. Pasa el invierno aliment\u00e1ndose en el Atl\u00e1ntico Norte y al llegar la primavera, hacia marzo, emprende su espectacular migraci\u00f3n rumbo a las c\u00e1lidas aguas del Mediterr\u00e1neo para desovar. En grandes bancos o card\u00famenes se aproximan a las costas gaditanas aprovechando las fuertes corrientes marinas del Estrecho de Gibraltar.<\/p>\n\n\t<\/div>\n\n\n\n<div class=\"col-12 col-sm-12 col-md-5 col-lg-5 col-xl-5 offset-md-1 offset-lg-1 offset-xl-1\">\n\t\t\t\n\n<figure class=\"wp-block-image size-full img-fluid\"><img loading=\"lazy\" decoding=\"async\" width=\"495\" height=\"346\" src=\"http:\/\/www.gustocadiz.com\/wp-content\/uploads\/2021\/12\/atun-img-1.jpg\" alt=\"\" class=\"wp-image-1807\" srcset=\"https:\/\/www.gustocadiz.com\/wp-content\/uploads\/2021\/12\/atun-img-1.jpg 495w, https:\/\/www.gustocadiz.com\/wp-content\/uploads\/2021\/12\/atun-img-1-300x210.jpg 300w\" sizes=\"auto, (max-width: 495px) 100vw, 495px\" \/><\/figure>\n\n\t<\/div>\n\n<\/div>\n\n<\/div>\n\n<\/div>\n\n\n\n<div class=\"wp-block-group bg-azul\"><div class=\"wp-block-group__inner-container is-layout-flow wp-block-group-is-layout-flow\"><div class=\"wp-bootstrap-blocks-container container mb-2\">\n\t\n<div class=\"wp-bootstrap-blocks-row row\">\n\t\n\n<div class=\"col-12 col-sm-12 col-md-8 col-lg-8 col-xl-8 text-center offset-md-2 offset-lg-2 offset-xl-2\">\n\t\t\t\n\n<p class=\"white\">Posee el Thunnus thynnus un color muy caracter\u00edstico, ya que presenta un dorso azul oscuro intenso que contrasta con los tonos blanquecinos del vientre. Su carne es de tonos rojizos, muy sabrosa \u00a1una aut\u00e9ntica exquisitez! Es uno de los pocos pescados que se despieza, proceso denominado \u201cronqueo\u201d, por el sonido que produce.<br><br>La pesca del at\u00fan rojo est\u00e1 sometida a cuotas de captura m\u00e1xima establecidas por la Comisi\u00f3n Internacional de Conservaci\u00f3n de los Atunes Atl\u00e1nticos (ICCAT).<\/p>\n\n\n\n<a href=\"https:\/\/www.gustocadiz.com\/es\/alimentos\/atun-de-almadraba\/la-almadraba\/\" class=\"cta white\">La Almadraba<\/a>\n\n\t<\/div>\n\n<\/div>\n\n<\/div>\n<\/div><\/div>\n\n\n<div class=\"wp-bootstrap-blocks-container container mb-2\">\n\t\n<div class=\"wp-bootstrap-blocks-row row\">\n\t\n\n<div class=\"col-12 col-sm-12 col-md-6 col-lg-6 col-xl-6\">\n\t\t\t\n\n<figure class=\"wp-block-image size-full img-fluid\"><img loading=\"lazy\" decoding=\"async\" width=\"599\" height=\"400\" src=\"http:\/\/www.gustocadiz.com\/wp-content\/uploads\/2021\/12\/atun-img-2.jpg\" alt=\"\" class=\"wp-image-1805\" srcset=\"https:\/\/www.gustocadiz.com\/wp-content\/uploads\/2021\/12\/atun-img-2.jpg 599w, https:\/\/www.gustocadiz.com\/wp-content\/uploads\/2021\/12\/atun-img-2-300x200.jpg 300w\" sizes=\"auto, (max-width: 599px) 100vw, 599px\" \/><\/figure>\n\n\t<\/div>\n\n\n\n<div class=\"col-12 col-sm-12 col-md-6 col-lg-6 col-xl-6\">\n\t\t\t\n\n<p>Es un impresionante viaje, puramente instintivo, de estos grandes nadadores, retornando a su lugar de nacimiento. Los bancos que se mueven m\u00e1s cercanos al litoral, son los que caen en el complejo sistema de redes de la almadraba donde son capturados. Poblaciones como Barbate, Conil de la Frontera, Zahara de los Atunes o Tarifa siguen estando profundamente ligadas a la pesca del at\u00fan a trav\u00e9s de sus almadrabas, como ha sido desde tiempos inmemoriales.<br><br>Adem\u00e1s de consumirse en fresco durante la temporada, el at\u00fan salvaje est\u00e1 disponible todo el a\u00f1o gracias a la existencia de varias empresas gaditanas que lo ultra congelan a -60\u00ba C, justo reci\u00e9n pescado, manteniendo intactas sus cualidades organol\u00e9pticas. Este avanzado sistema de conservaci\u00f3n, garantiza el suministro de este noble producto a la restauraci\u00f3n de cualquier lugar del mundo, durante todo el a\u00f1o.<\/p>\n\n\t<\/div>\n\n<\/div>\n\n\n<div class=\"wp-bootstrap-blocks-row row\">\n\t\n\n<div class=\"col-12 col-sm-12 col-md-10 col-lg-10 col-xl-10 text-center offset-md-1 offset-lg-1 offset-xl-1\">\n\t\t\t\n\n<h6 class=\"fichas azul wp-block-heading\">Ventresca, Tarantelo, Cola Blanca, Cola Negra, Plato, Solomillo&#8230; son los nombres de distintas piezas del at\u00fan. Su color, textura y aspecto var\u00eda sustancialmente de unas a otras. Su gusto es delicioso y su textura delicada y fragante. Su grasa es muy saludable, con un alto contenido en \u00e1cidos grasos poliinsaturados, muy eficaces como reguladores del colesterol.<\/h6>\n\n\n\n<p><\/p>\n\n\n\n<h6 class=\"fichas azul wp-block-heading\">El arte de pesca de la almadraba se remonta a tiempos fenicios que utilizaban ya un complejo sistema de redes para capturar estos preciados atunes. La actividad en las almadrabas se desarroll\u00f3 activamente en el periodo romano, unida al comercio de sus productos derivados, y se mantuvo tambi\u00e9n activa durante la \u00e9poca musulmana, adquiriendo gran auge entre los siglos XIII y XVIII. As\u00ed, la almadraba es un legado con m\u00e1s de 3.000 a\u00f1os.<\/h6>\n\n\n\n<p><\/p>\n\n\t<\/div>\n\n<\/div>\n\n<\/div>\n\n\n<div class=\"wp-bootstrap-blocks-container container mb-2\">\n\t\n<div class=\"wp-bootstrap-blocks-row row\">\n\t\n\n<div class=\"col-12 col-sm-12 col-md-12 col-lg-12 col-xl-12\">\n\t\t\t\n\n<div class=\"wp-block-group banner\"><div class=\"wp-block-group__inner-container is-layout-flow wp-block-group-is-layout-flow\">\n<figure class=\"wp-block-image size-large img-fluid\"><img loading=\"lazy\" decoding=\"async\" width=\"1024\" height=\"250\" src=\"https:\/\/www.gustocadiz.com\/wp-content\/uploads\/2021\/08\/empresas-fondo-1024x250.jpg\" alt=\"\" class=\"wp-image-2074\" srcset=\"https:\/\/www.gustocadiz.com\/wp-content\/uploads\/2021\/08\/empresas-fondo-1024x250.jpg 1024w, https:\/\/www.gustocadiz.com\/wp-content\/uploads\/2021\/08\/empresas-fondo-300x73.jpg 300w, https:\/\/www.gustocadiz.com\/wp-content\/uploads\/2021\/08\/empresas-fondo-768x187.jpg 768w, https:\/\/www.gustocadiz.com\/wp-content\/uploads\/2021\/08\/empresas-fondo.jpg 1230w\" sizes=\"auto, (max-width: 1024px) 100vw, 1024px\" \/><\/figure>\n\n\n\n<div class=\"wp-block-group texto\"><div class=\"wp-block-group__inner-container is-layout-flow wp-block-group-is-layout-flow\">\n<h2 class=\"wp-block-heading\">Empresas de nuestros territorios<\/h2>\n\n\n\n<a href=\"https:\/\/www.gustocadiz.com\/es\/empresas-gastronomicas\/\" class=\"cta white\">Empresas<\/a>\n<\/div><\/div>\n<\/div><\/div>\n\n\n\n<div class=\"wp-block-group banner\"><div class=\"wp-block-group__inner-container is-layout-flow wp-block-group-is-layout-flow\">\n<figure class=\"wp-block-image size-large img-fluid\"><img loading=\"lazy\" decoding=\"async\" width=\"1024\" height=\"250\" src=\"https:\/\/www.gustocadiz.com\/wp-content\/uploads\/2021\/08\/glosario-fondo-1024x250.jpg\" alt=\"\" class=\"wp-image-2076\" srcset=\"https:\/\/www.gustocadiz.com\/wp-content\/uploads\/2021\/08\/glosario-fondo-1024x250.jpg 1024w, https:\/\/www.gustocadiz.com\/wp-content\/uploads\/2021\/08\/glosario-fondo-300x73.jpg 300w, https:\/\/www.gustocadiz.com\/wp-content\/uploads\/2021\/08\/glosario-fondo-768x187.jpg 768w, https:\/\/www.gustocadiz.com\/wp-content\/uploads\/2021\/08\/glosario-fondo.jpg 1230w\" sizes=\"auto, (max-width: 1024px) 100vw, 1024px\" \/><\/figure>\n\n\n\n<div class=\"wp-block-group texto\"><div class=\"wp-block-group__inner-container is-layout-flow wp-block-group-is-layout-flow\">\n<h2 class=\"wp-block-heading\">Glosario Gastron\u00f3mico<\/h2>\n\n\n\n<a href=\"https:\/\/www.gustocadiz.com\/es\/glosario\/\" class=\"cta white\">Glosario Gastron\u00f3mico<\/a>\n<\/div><\/div>\n<\/div><\/div>\n\n\t<\/div>\n\n<\/div>\n\n<\/div>\n","protected":false},"excerpt":{"rendered":"","protected":false},"author":7,"featured_media":0,"parent":11,"menu_order":0,"comment_status":"closed","ping_status":"closed","template":"page-templates\/content-nivel-2.php","meta":{"inline_featured_image":false,"_monsterinsights_skip_tracking":false,"_monsterinsights_sitenote_active":false,"_monsterinsights_sitenote_note":"","_monsterinsights_sitenote_category":0,"footnotes":""},"class_list":["post-484","page","type-page","status-publish","hentry"],"yoast_head":"<!-- This site is optimized with the Yoast SEO plugin v19.9 - https:\/\/yoast.com\/wordpress\/plugins\/seo\/ -->\n<title>At\u00fan de Almadraba - Gusto C\u00e1diz<\/title>\n<meta name=\"robots\" content=\"index, follow, max-snippet:-1, max-image-preview:large, max-video-preview:-1\" \/>\n<link rel=\"canonical\" href=\"https:\/\/www.gustocadiz.com\/es\/alimentos\/atun-de-almadraba\/\" \/>\n<meta property=\"og:locale\" content=\"es_ES\" \/>\n<meta property=\"og:type\" content=\"article\" \/>\n<meta property=\"og:title\" content=\"At\u00fan de Almadraba - Gusto C\u00e1diz\" \/>\n<meta property=\"og:url\" content=\"https:\/\/www.gustocadiz.com\/es\/alimentos\/atun-de-almadraba\/\" \/>\n<meta property=\"og:site_name\" content=\"Gusto C\u00e1diz\" \/>\n<meta property=\"article:modified_time\" content=\"2022-01-13T11:22:10+00:00\" \/>\n<meta property=\"og:image\" content=\"http:\/\/www.gustocadiz.com\/wp-content\/uploads\/2021\/12\/atun-img-1.jpg\" \/>\n<meta name=\"twitter:card\" content=\"summary_large_image\" \/>\n<meta name=\"twitter:label1\" content=\"Tiempo de lectura\" \/>\n\t<meta name=\"twitter:data1\" content=\"3 minutos\" \/>\n<script type=\"application\/ld+json\" class=\"yoast-schema-graph\">{\"@context\":\"https:\/\/schema.org\",\"@graph\":[{\"@type\":\"WebPage\",\"@id\":\"https:\/\/www.gustocadiz.com\/es\/alimentos\/atun-de-almadraba\/\",\"url\":\"https:\/\/www.gustocadiz.com\/es\/alimentos\/atun-de-almadraba\/\",\"name\":\"At\u00fan de Almadraba - Gusto C\u00e1diz\",\"isPartOf\":{\"@id\":\"https:\/\/www.gustocadiz.com\/#website\"},\"datePublished\":\"2021-08-26T08:16:53+00:00\",\"dateModified\":\"2022-01-13T11:22:10+00:00\",\"breadcrumb\":{\"@id\":\"https:\/\/www.gustocadiz.com\/es\/alimentos\/atun-de-almadraba\/#breadcrumb\"},\"inLanguage\":\"es\",\"potentialAction\":[{\"@type\":\"ReadAction\",\"target\":[\"https:\/\/www.gustocadiz.com\/es\/alimentos\/atun-de-almadraba\/\"]}]},{\"@type\":\"BreadcrumbList\",\"@id\":\"https:\/\/www.gustocadiz.com\/es\/alimentos\/atun-de-almadraba\/#breadcrumb\",\"itemListElement\":[{\"@type\":\"ListItem\",\"position\":1,\"name\":\"Home\",\"item\":\"https:\/\/www.gustocadiz.com\/es\/\"},{\"@type\":\"ListItem\",\"position\":2,\"name\":\"Alimentos\",\"item\":\"https:\/\/www.gustocadiz.com\/es\/alimentos\/\"},{\"@type\":\"ListItem\",\"position\":3,\"name\":\"At\u00fan de Almadraba\"}]},{\"@type\":\"WebSite\",\"@id\":\"https:\/\/www.gustocadiz.com\/#website\",\"url\":\"https:\/\/www.gustocadiz.com\/\",\"name\":\"Gusto C\u00e1diz\",\"description\":\"Alimentos y vinos originales del Sur de Espa\u00f1a\",\"potentialAction\":[{\"@type\":\"SearchAction\",\"target\":{\"@type\":\"EntryPoint\",\"urlTemplate\":\"https:\/\/www.gustocadiz.com\/?s={search_term_string}\"},\"query-input\":\"required name=search_term_string\"}],\"inLanguage\":\"es\"}]}<\/script>\n<!-- \/ Yoast SEO plugin. -->","yoast_head_json":{"title":"At\u00fan de Almadraba - Gusto C\u00e1diz","robots":{"index":"index","follow":"follow","max-snippet":"max-snippet:-1","max-image-preview":"max-image-preview:large","max-video-preview":"max-video-preview:-1"},"canonical":"https:\/\/www.gustocadiz.com\/es\/alimentos\/atun-de-almadraba\/","og_locale":"es_ES","og_type":"article","og_title":"At\u00fan de Almadraba - Gusto C\u00e1diz","og_url":"https:\/\/www.gustocadiz.com\/es\/alimentos\/atun-de-almadraba\/","og_site_name":"Gusto C\u00e1diz","article_modified_time":"2022-01-13T11:22:10+00:00","og_image":[{"url":"http:\/\/www.gustocadiz.com\/wp-content\/uploads\/2021\/12\/atun-img-1.jpg"}],"twitter_card":"summary_large_image","twitter_misc":{"Tiempo de lectura":"3 minutos"},"schema":{"@context":"https:\/\/schema.org","@graph":[{"@type":"WebPage","@id":"https:\/\/www.gustocadiz.com\/es\/alimentos\/atun-de-almadraba\/","url":"https:\/\/www.gustocadiz.com\/es\/alimentos\/atun-de-almadraba\/","name":"At\u00fan de Almadraba - Gusto C\u00e1diz","isPartOf":{"@id":"https:\/\/www.gustocadiz.com\/#website"},"datePublished":"2021-08-26T08:16:53+00:00","dateModified":"2022-01-13T11:22:10+00:00","breadcrumb":{"@id":"https:\/\/www.gustocadiz.com\/es\/alimentos\/atun-de-almadraba\/#breadcrumb"},"inLanguage":"es","potentialAction":[{"@type":"ReadAction","target":["https:\/\/www.gustocadiz.com\/es\/alimentos\/atun-de-almadraba\/"]}]},{"@type":"BreadcrumbList","@id":"https:\/\/www.gustocadiz.com\/es\/alimentos\/atun-de-almadraba\/#breadcrumb","itemListElement":[{"@type":"ListItem","position":1,"name":"Home","item":"https:\/\/www.gustocadiz.com\/es\/"},{"@type":"ListItem","position":2,"name":"Alimentos","item":"https:\/\/www.gustocadiz.com\/es\/alimentos\/"},{"@type":"ListItem","position":3,"name":"At\u00fan de Almadraba"}]},{"@type":"WebSite","@id":"https:\/\/www.gustocadiz.com\/#website","url":"https:\/\/www.gustocadiz.com\/","name":"Gusto C\u00e1diz","description":"Alimentos y vinos originales del Sur de Espa\u00f1a","potentialAction":[{"@type":"SearchAction","target":{"@type":"EntryPoint","urlTemplate":"https:\/\/www.gustocadiz.com\/?s={search_term_string}"},"query-input":"required name=search_term_string"}],"inLanguage":"es"}]}},"_links":{"self":[{"href":"https:\/\/www.gustocadiz.com\/es\/wp-json\/wp\/v2\/pages\/484","targetHints":{"allow":["GET"]}}],"collection":[{"href":"https:\/\/www.gustocadiz.com\/es\/wp-json\/wp\/v2\/pages"}],"about":[{"href":"https:\/\/www.gustocadiz.com\/es\/wp-json\/wp\/v2\/types\/page"}],"author":[{"embeddable":true,"href":"https:\/\/www.gustocadiz.com\/es\/wp-json\/wp\/v2\/users\/7"}],"replies":[{"embeddable":true,"href":"https:\/\/www.gustocadiz.com\/es\/wp-json\/wp\/v2\/comments?post=484"}],"version-history":[{"count":5,"href":"https:\/\/www.gustocadiz.com\/es\/wp-json\/wp\/v2\/pages\/484\/revisions"}],"predecessor-version":[{"id":2058,"href":"https:\/\/www.gustocadiz.com\/es\/wp-json\/wp\/v2\/pages\/484\/revisions\/2058"}],"up":[{"embeddable":true,"href":"https:\/\/www.gustocadiz.com\/es\/wp-json\/wp\/v2\/pages\/11"}],"wp:attachment":[{"href":"https:\/\/www.gustocadiz.com\/es\/wp-json\/wp\/v2\/media?parent=484"}],"curies":[{"name":"wp","href":"https:\/\/api.w.org\/{rel}","templated":true}]}}