{"id":237,"date":"2021-08-23T08:27:17","date_gmt":"2021-08-23T08:27:17","guid":{"rendered":"http:\/\/www.gustocadiz.com\/?page_id=237"},"modified":"2021-12-02T16:33:27","modified_gmt":"2021-12-02T14:33:27","slug":"la-campina","status":"publish","type":"page","link":"https:\/\/www.gustocadiz.com\/es\/territorios\/la-campina\/","title":{"rendered":"La Campi\u00f1a"},"content":{"rendered":"\n<div class=\"wp-block-group bg-amarillo_oscuro cabecera\"><div class=\"wp-block-group__inner-container is-layout-flow wp-block-group-is-layout-flow\"><div class=\"wp-bootstrap-blocks-container container mb-0\">\n\t\n<div class=\"wp-bootstrap-blocks-row row\">\n\t\n\n<div class=\"col-12 col-sm-12 col-md-8 col-lg-8 col-xl-8 offset-md-2 offset-lg-2 offset-xl-2 text-center\">\n\t\t\t\n\n<h1 class=\"white wp-block-heading\">La campi\u00f1a<\/h1>\n\n\n\n<p class=\"white\">Movi\u00e9ndonos hacia el interior, nos encontramos con el territorio de la Campi\u00f1a, donde se produce una importante actividad agr\u00edcola y ganadera. Vinculada con el cultivo de cereal, se desarrolla la industria panadera con una variada oferta de picos y rega\u00f1\u00e1s, que consisten en piezas muy peque\u00f1as de masa cocida crujientes, muy vers\u00e1tiles y perfectos acompa\u00f1antes de las sabrosas tapas.<\/p>\n\n\t<\/div>\n\n<\/div>\n\n<\/div>\n<\/div><\/div>\n\n\n<div class=\"wp-bootstrap-blocks-container container mb-0 sec-1\">\n\t\n<div class=\"wp-bootstrap-blocks-row row\">\n\t\n\n<div class=\"col-12 col-sm-12 col-md-5 col-lg-5 col-xl-5\">\n\t\t\t\n\n<p>Destaca en la campi\u00f1a gaditana, el Marco de Jerez. Su singular paisaje de colinas suaves y blancas tierras albarizas, entre el r\u00edo Guadalquivir y la costa atl\u00e1ntica de Sanlucar, sorprende al visitante, como si de otro planeta se tratara. Acogen estos suelos especiales los vi\u00f1edos de la variedad Palomino de la que proceden la mayor parte de los vinos de Jerez, amparados por la DOP Jerex-X\u00e9r\u00e8s-Sherry y Manzanilla de Sanlucar. Vinos \u00fanicos en el mundo, algunos de ellos aut\u00e9nticas joyas de la enolog\u00eda, elaborados con el caracter\u00edstico sistema de soleras y criaderas. Este territorio puede enorgullecerse tambi\u00e9n de otros productos de innato buen gusto como el Vinagre de Jerez y el Brandy de Jerez.<\/p>\n\n\t<\/div>\n\n\n\n<div class=\"col-12 col-sm-12 col-md-6 col-lg-6 col-xl-6 offset-md-1 offset-lg-1 offset-xl-1\">\n\t\t\t\n\n<figure class=\"wp-block-image size-full img-fluid\"><img loading=\"lazy\" decoding=\"async\" width=\"600\" height=\"392\" src=\"http:\/\/www.gustocadiz.com\/wp-content\/uploads\/2021\/12\/campina-img-1.jpg\" alt=\"\" class=\"wp-image-1765\" srcset=\"https:\/\/www.gustocadiz.com\/wp-content\/uploads\/2021\/12\/campina-img-1.jpg 600w, https:\/\/www.gustocadiz.com\/wp-content\/uploads\/2021\/12\/campina-img-1-300x196.jpg 300w\" sizes=\"auto, (max-width: 600px) 100vw, 600px\" \/><\/figure>\n\n\n\n<p><\/p>\n\n\t<\/div>\n\n<\/div>\n\n\n<div class=\"wp-bootstrap-blocks-row row\">\n\t\n\n<div class=\"col-12 col-sm-12 col-md-10 col-lg-10 col-xl-10 offset-md-1 offset-lg-1 offset-xl-1 text-center\">\n\t\t\t\n\n<p class=\"amarillo_oscuro\">Pero el sector del vino en Cadiz no se limita a los Vinos de Jerez. Actualmente, tambi\u00e9n existe una emergente actividad en torno a la elaboraci\u00f3n de nuevos vinos tranquilos, tintos y blancos especialmente, algunos de ellos de los denominados de m\u00ednima intervenci\u00f3n, que est\u00e1n cosechando \u00e9xito internacional.<\/p>\n\n\t<\/div>\n\n<\/div>\n\n\n<div class=\"wp-bootstrap-blocks-row row\">\n\t\n\n<div class=\"col-12 col-sm-12 col-md-6 col-lg-6 col-xl-6\">\n\t\t\t\n\n<figure class=\"wp-block-image size-full img-fluid\"><img loading=\"lazy\" decoding=\"async\" width=\"596\" height=\"360\" src=\"http:\/\/www.gustocadiz.com\/wp-content\/uploads\/2021\/12\/campina-img-2.jpg\" alt=\"\" class=\"wp-image-1763\" srcset=\"https:\/\/www.gustocadiz.com\/wp-content\/uploads\/2021\/12\/campina-img-2.jpg 596w, https:\/\/www.gustocadiz.com\/wp-content\/uploads\/2021\/12\/campina-img-2-300x181.jpg 300w\" sizes=\"auto, (max-width: 596px) 100vw, 596px\" \/><\/figure>\n\n\n\n<p><\/p>\n\n\t<\/div>\n\n\n\n<div class=\"col-12 col-sm-12 col-md-5 col-lg-5 col-xl-5 offset-md-1 offset-lg-1 offset-xl-1\">\n\t\t\t\n\n<p>En la campi\u00f1a tambi\u00e9n se cultivan naranjas, arroz de gran calidad y garbanzos. Es generosa en productos silvestres como los caracoles, cabrillas, tagarninas, esp\u00e1rragos o caza menor y mayor.<br><br>Sus pastos y dehesas acogen una pujante actividad ganadera relacionada, sobre todo, con el ganado vacuno criado en extensivo. La peculiar morfolog\u00eda y color del ganado de raza retinta se integran formando parte del paisaje de la campi\u00f1a gaditana, lleno de contrastes de singular belleza.<\/p>\n\n\n\n<a href=\"https:\/\/www.gustocadiz.com\/es\/territorios\/la-campina\/carne-de-retinto\/\" class=\"cta secondary\">Ver carne de retinto<\/a>\n\n\t<\/div>\n\n<\/div>\n\n<\/div>\n\n\n<div class=\"wp-bootstrap-blocks-container container mb-0 otros-territorios\">\n\t\n<div class=\"wp-bootstrap-blocks-row row\">\n\t\n\n<div class=\"col-12 col-sm-12 col-md-4 col-lg-4 col-xl-4 offset-md-2 offset-lg-2 offset-xl-2 text-center\">\n\t\t\t\n\n<figure class=\"wp-block-image size-full img-fluid\"><img loading=\"lazy\" decoding=\"async\" width=\"390\" height=\"390\" src=\"http:\/\/www.gustocadiz.com\/wp-content\/uploads\/2021\/12\/territorios-costa.jpg\" alt=\"\" class=\"wp-image-1753\" srcset=\"https:\/\/www.gustocadiz.com\/wp-content\/uploads\/2021\/12\/territorios-costa.jpg 390w, https:\/\/www.gustocadiz.com\/wp-content\/uploads\/2021\/12\/territorios-costa-300x300.jpg 300w, https:\/\/www.gustocadiz.com\/wp-content\/uploads\/2021\/12\/territorios-costa-150x150.jpg 150w\" sizes=\"auto, (max-width: 390px) 100vw, 390px\" \/><\/figure>\n\n\n\n<a href=\"https:\/\/www.gustocadiz.com\/es\/territorios\/la-costa\/\" class=\"cta campana\">La Costa<\/a>\n\n\t<\/div>\n\n\n\n<div class=\"col-12 col-sm-12 col-md-4 col-lg-4 col-xl-4 text-center\">\n\t\t\t\n\n<figure class=\"wp-block-image size-full img-fluid\"><img loading=\"lazy\" decoding=\"async\" width=\"390\" height=\"390\" src=\"http:\/\/www.gustocadiz.com\/wp-content\/uploads\/2021\/12\/territorios-sierra.jpg\" alt=\"\" class=\"wp-image-1749\" srcset=\"https:\/\/www.gustocadiz.com\/wp-content\/uploads\/2021\/12\/territorios-sierra.jpg 390w, https:\/\/www.gustocadiz.com\/wp-content\/uploads\/2021\/12\/territorios-sierra-300x300.jpg 300w, https:\/\/www.gustocadiz.com\/wp-content\/uploads\/2021\/12\/territorios-sierra-150x150.jpg 150w\" sizes=\"auto, (max-width: 390px) 100vw, 390px\" \/><\/figure>\n\n\n\n<a href=\"https:\/\/www.gustocadiz.com\/es\/territorios\/la-sierra\/\" class=\"cta sierra\">La Sierra<\/a>\n\n\t<\/div>\n\n<\/div>\n\n<\/div>\n","protected":false},"excerpt":{"rendered":"","protected":false},"author":7,"featured_media":0,"parent":9,"menu_order":0,"comment_status":"closed","ping_status":"closed","template":"page-templates\/content-full-width.php","meta":{"inline_featured_image":false,"_monsterinsights_skip_tracking":false,"_monsterinsights_sitenote_active":false,"_monsterinsights_sitenote_note":"","_monsterinsights_sitenote_category":0,"footnotes":""},"class_list":["post-237","page","type-page","status-publish","hentry"],"yoast_head":"<!-- This site is optimized with the Yoast SEO plugin v19.9 - https:\/\/yoast.com\/wordpress\/plugins\/seo\/ -->\n<title>La Campi\u00f1a - Gusto C\u00e1diz<\/title>\n<meta name=\"robots\" content=\"index, follow, max-snippet:-1, max-image-preview:large, max-video-preview:-1\" \/>\n<link rel=\"canonical\" href=\"https:\/\/www.gustocadiz.com\/es\/territorios\/la-campina\/\" \/>\n<meta property=\"og:locale\" content=\"es_ES\" \/>\n<meta property=\"og:type\" content=\"article\" \/>\n<meta property=\"og:title\" content=\"La Campi\u00f1a - Gusto C\u00e1diz\" \/>\n<meta property=\"og:url\" content=\"https:\/\/www.gustocadiz.com\/es\/territorios\/la-campina\/\" \/>\n<meta property=\"og:site_name\" content=\"Gusto C\u00e1diz\" \/>\n<meta property=\"article:modified_time\" content=\"2021-12-02T14:33:27+00:00\" \/>\n<meta property=\"og:image\" content=\"http:\/\/www.gustocadiz.com\/wp-content\/uploads\/2021\/12\/campina-img-1.jpg\" \/>\n<meta name=\"twitter:card\" content=\"summary_large_image\" \/>\n<meta name=\"twitter:label1\" content=\"Tiempo de lectura\" \/>\n\t<meta name=\"twitter:data1\" content=\"3 minutos\" \/>\n<script type=\"application\/ld+json\" class=\"yoast-schema-graph\">{\"@context\":\"https:\/\/schema.org\",\"@graph\":[{\"@type\":\"WebPage\",\"@id\":\"https:\/\/www.gustocadiz.com\/es\/territorios\/la-campina\/\",\"url\":\"https:\/\/www.gustocadiz.com\/es\/territorios\/la-campina\/\",\"name\":\"La Campi\u00f1a - Gusto C\u00e1diz\",\"isPartOf\":{\"@id\":\"https:\/\/www.gustocadiz.com\/#website\"},\"datePublished\":\"2021-08-23T08:27:17+00:00\",\"dateModified\":\"2021-12-02T14:33:27+00:00\",\"breadcrumb\":{\"@id\":\"https:\/\/www.gustocadiz.com\/es\/territorios\/la-campina\/#breadcrumb\"},\"inLanguage\":\"es\",\"potentialAction\":[{\"@type\":\"ReadAction\",\"target\":[\"https:\/\/www.gustocadiz.com\/es\/territorios\/la-campina\/\"]}]},{\"@type\":\"BreadcrumbList\",\"@id\":\"https:\/\/www.gustocadiz.com\/es\/territorios\/la-campina\/#breadcrumb\",\"itemListElement\":[{\"@type\":\"ListItem\",\"position\":1,\"name\":\"Home\",\"item\":\"https:\/\/www.gustocadiz.com\/es\/\"},{\"@type\":\"ListItem\",\"position\":2,\"name\":\"Territorios\",\"item\":\"https:\/\/www.gustocadiz.com\/es\/territorios\/\"},{\"@type\":\"ListItem\",\"position\":3,\"name\":\"La Campi\u00f1a\"}]},{\"@type\":\"WebSite\",\"@id\":\"https:\/\/www.gustocadiz.com\/#website\",\"url\":\"https:\/\/www.gustocadiz.com\/\",\"name\":\"Gusto C\u00e1diz\",\"description\":\"Alimentos y vinos originales del Sur de Espa\u00f1a\",\"potentialAction\":[{\"@type\":\"SearchAction\",\"target\":{\"@type\":\"EntryPoint\",\"urlTemplate\":\"https:\/\/www.gustocadiz.com\/?s={search_term_string}\"},\"query-input\":\"required name=search_term_string\"}],\"inLanguage\":\"es\"}]}<\/script>\n<!-- \/ Yoast SEO plugin. -->","yoast_head_json":{"title":"La Campi\u00f1a - Gusto C\u00e1diz","robots":{"index":"index","follow":"follow","max-snippet":"max-snippet:-1","max-image-preview":"max-image-preview:large","max-video-preview":"max-video-preview:-1"},"canonical":"https:\/\/www.gustocadiz.com\/es\/territorios\/la-campina\/","og_locale":"es_ES","og_type":"article","og_title":"La Campi\u00f1a - Gusto C\u00e1diz","og_url":"https:\/\/www.gustocadiz.com\/es\/territorios\/la-campina\/","og_site_name":"Gusto C\u00e1diz","article_modified_time":"2021-12-02T14:33:27+00:00","og_image":[{"url":"http:\/\/www.gustocadiz.com\/wp-content\/uploads\/2021\/12\/campina-img-1.jpg"}],"twitter_card":"summary_large_image","twitter_misc":{"Tiempo de lectura":"3 minutos"},"schema":{"@context":"https:\/\/schema.org","@graph":[{"@type":"WebPage","@id":"https:\/\/www.gustocadiz.com\/es\/territorios\/la-campina\/","url":"https:\/\/www.gustocadiz.com\/es\/territorios\/la-campina\/","name":"La Campi\u00f1a - Gusto C\u00e1diz","isPartOf":{"@id":"https:\/\/www.gustocadiz.com\/#website"},"datePublished":"2021-08-23T08:27:17+00:00","dateModified":"2021-12-02T14:33:27+00:00","breadcrumb":{"@id":"https:\/\/www.gustocadiz.com\/es\/territorios\/la-campina\/#breadcrumb"},"inLanguage":"es","potentialAction":[{"@type":"ReadAction","target":["https:\/\/www.gustocadiz.com\/es\/territorios\/la-campina\/"]}]},{"@type":"BreadcrumbList","@id":"https:\/\/www.gustocadiz.com\/es\/territorios\/la-campina\/#breadcrumb","itemListElement":[{"@type":"ListItem","position":1,"name":"Home","item":"https:\/\/www.gustocadiz.com\/es\/"},{"@type":"ListItem","position":2,"name":"Territorios","item":"https:\/\/www.gustocadiz.com\/es\/territorios\/"},{"@type":"ListItem","position":3,"name":"La Campi\u00f1a"}]},{"@type":"WebSite","@id":"https:\/\/www.gustocadiz.com\/#website","url":"https:\/\/www.gustocadiz.com\/","name":"Gusto C\u00e1diz","description":"Alimentos y vinos originales del Sur de Espa\u00f1a","potentialAction":[{"@type":"SearchAction","target":{"@type":"EntryPoint","urlTemplate":"https:\/\/www.gustocadiz.com\/?s={search_term_string}"},"query-input":"required name=search_term_string"}],"inLanguage":"es"}]}},"_links":{"self":[{"href":"https:\/\/www.gustocadiz.com\/es\/wp-json\/wp\/v2\/pages\/237","targetHints":{"allow":["GET"]}}],"collection":[{"href":"https:\/\/www.gustocadiz.com\/es\/wp-json\/wp\/v2\/pages"}],"about":[{"href":"https:\/\/www.gustocadiz.com\/es\/wp-json\/wp\/v2\/types\/page"}],"author":[{"embeddable":true,"href":"https:\/\/www.gustocadiz.com\/es\/wp-json\/wp\/v2\/users\/7"}],"replies":[{"embeddable":true,"href":"https:\/\/www.gustocadiz.com\/es\/wp-json\/wp\/v2\/comments?post=237"}],"version-history":[{"count":4,"href":"https:\/\/www.gustocadiz.com\/es\/wp-json\/wp\/v2\/pages\/237\/revisions"}],"predecessor-version":[{"id":1767,"href":"https:\/\/www.gustocadiz.com\/es\/wp-json\/wp\/v2\/pages\/237\/revisions\/1767"}],"up":[{"embeddable":true,"href":"https:\/\/www.gustocadiz.com\/es\/wp-json\/wp\/v2\/pages\/9"}],"wp:attachment":[{"href":"https:\/\/www.gustocadiz.com\/es\/wp-json\/wp\/v2\/media?parent=237"}],"curies":[{"name":"wp","href":"https:\/\/api.w.org\/{rel}","templated":true}]}}