{"id":1066,"date":"2021-08-27T10:08:00","date_gmt":"2021-08-27T10:08:00","guid":{"rendered":"http:\/\/www.gustocadiz.com\/?page_id=1066"},"modified":"2022-01-04T15:03:36","modified_gmt":"2022-01-04T13:03:36","slug":"historia","status":"publish","type":"page","link":"https:\/\/www.gustocadiz.com\/es\/historia\/","title":{"rendered":"Historia"},"content":{"rendered":"<div class=\"wp-bootstrap-blocks-container container mb-0 sec-1\">\n\t\n<div class=\"wp-bootstrap-blocks-row row\">\n\t\n\n<div class=\"col-12 col-sm-12 col-md-10 col-lg-10 col-xl-10 text-center offset-md-1 offset-lg-1 offset-xl-1\">\n\t\t\t\n\n<h1 class=\"wp-block-heading\">Tres mil a\u00f1os de<br>sabroso legado<\/h1>\n\n\n\n<p>C\u00e1diz es una provincia con una historia trimilenaria. Son m\u00faltiples los vestigios existentes de las distintas civilizaciones que la han habitado. Fenicios, romanos, godos, musulmanes, jud\u00edos y cristianos, han dejado su impronta en su cultura gastron\u00f3mica. Su Historia nace cerca del a\u00f1o 1100 a.c. y la capital, fundada entonces, se conoce como la ciudad viva m\u00e1s antigua de Occidente. Por su privilegiada situaci\u00f3n estrat\u00e9gica, puerta de comunicaci\u00f3n entre el Mediterr\u00e1neo y el Atl\u00e1ntico, esta provincia fue y es un territorio de gran inter\u00e9s comercial. Tierra luminosa, sabrosa y alegre: \u00a1\u00fanica!<\/p>\n\n\n\n<p>Los fenicios ocuparon la provincia de C\u00e1diz por su inmejorable posici\u00f3n para sus viajes comerciales. Estas tierras fueron cobrando vida y su poblaci\u00f3n se volc\u00f3 al mar y al pescado. Se sentaron en ese entonces las bases de los productos de la zona: descubrieron en la producci\u00f3n de sal una posibilidad para elaborar las salazones, como soluci\u00f3n a una necesidad. Esa manera de conservar el pescado ha perdurado en el tiempo, d\u00e1ndole a la salaz\u00f3n de C\u00e1diz una huella propia y un gran prestigio en los mercados.<\/p>\n\n\t<\/div>\n\n<\/div>\n\n\n<div class=\"wp-bootstrap-blocks-row row linea\">\n\t\n\n<div class=\"col-12 col-sm-12 col-md-4 col-lg-4 col-xl-4 offset-md-1 offset-lg-1 offset-xl-1\">\n\t\t\t\n\n<figure class=\"wp-block-image size-full img-fluid\"><img loading=\"lazy\" decoding=\"async\" width=\"626\" height=\"871\" src=\"https:\/\/www.gustocadiz.com\/wp-content\/uploads\/2021\/12\/historia.jpg\" alt=\"\" class=\"wp-image-1977\" srcset=\"https:\/\/www.gustocadiz.com\/wp-content\/uploads\/2021\/12\/historia.jpg 626w, https:\/\/www.gustocadiz.com\/wp-content\/uploads\/2021\/12\/historia-216x300.jpg 216w\" sizes=\"auto, (max-width: 626px) 100vw, 626px\" \/><\/figure>\n\n\t<\/div>\n\n\n\n<div class=\"col-12 col-sm-12 col-md-5 col-lg-5 col-xl-5 offset-md-2 offset-lg-2 offset-xl-2\">\n\t\t\t\n\n<p>Siglos despu\u00e9s, en la \u00e9poca cl\u00e1sica, estas tierras fueron ocupadas por los romanos tras su llegada a la Pen\u00ednsula Ib\u00e9rica. La provincia ya era rica, estaba muy poblada y se conoc\u00eda por sus expertos navegantes y comerciantes, pero fue en esta \u00e9poca romana en la que alcanz\u00f3 un gran apogeo, contando incluso con una moneda propia para el comercio, y con fuertes relaciones comerciales, especialmente con Roma. Su pescado y sus productos derivados tuvieron un tiempo de esplendor y reconocimiento, del que es claro ejemplo el garum, sazonador favorito de la \u00e9poca, elaborado a base de v\u00edsceras de pescado, que dio gran fama a la regi\u00f3n.<br><br>Se desarroll\u00f3 la pesca y la puesta en marcha del sistema de pesca de las almadrabas. Tambi\u00e9n comenz\u00f3 la producci\u00f3n de la vid, la aceituna y el trigo, dando origen a los primeros vinos, aceites y panes gaditanos. Existen tambi\u00e9n datos que reconocen esta \u00e9poca como el tiempo de inicio de las primeras producciones queseras en la Bah\u00eda de C\u00e1diz. Sin embargo, con el declive del Imperio Romano, C\u00e1diz caer\u00eda en una \u00e9poca de declive y abandono.<\/p>\n\n\t<\/div>\n\n<\/div>\n\n<\/div>\n\n\n\n<div class=\"wp-block-group bg-amarillo\"><div class=\"wp-block-group__inner-container is-layout-flow wp-block-group-is-layout-flow\"><div class=\"wp-bootstrap-blocks-container container mb-0\">\n\t\n<div class=\"wp-bootstrap-blocks-row row\">\n\t\n\n<div class=\"col-12 col-sm-12 col-md-8 col-lg-8 col-xl-8 text-center offset-md-2 offset-lg-2 offset-xl-2\">\n\t\t\t\n\n<h6 class=\"fichas wp-block-heading\">La llegada de la civilizaci\u00f3n \u00e1rabe a la provincia aporta a sus productos y a su gastronom\u00eda delicadeza y un toque sibarita. Los musulmanes introducen las especias en la cocina y comienzan el desarrollo de la famosa pasteler\u00eda andalus\u00ed. A este momento hist\u00f3rico se debe la invenci\u00f3n de una de las joyas gastron\u00f3micas de la provincia: los Alfajores de Medina, un dulce de almendras con miel y especias, muy arom\u00e1tico. Durante seis siglos fue C\u00e1diz un territorio musulm\u00e1n.<\/h6>\n\n\t<\/div>\n\n<\/div>\n\n<\/div>\n<\/div><\/div>\n\n\n<div class=\"wp-bootstrap-blocks-container container mb-0 sec-1\">\n\t\n<div class=\"wp-bootstrap-blocks-row row linea\">\n\t\n\n<div class=\"col-12 col-sm-12 col-md-5 col-lg-5 col-xl-5\">\n\t\t\t\n\n<p>Es en el siglo XIII cuando pasa a ser reconquistada por las tropas cristianas, incorpor\u00e1ndose al Reino de Castilla. Con la conquista de Am\u00e9rica, C\u00e1diz vivir\u00e1 un antes y un despu\u00e9s, en su historia y en el desarrollo de su gastronom\u00eda.<br><br>De sus puertos parti\u00f3 Crist\u00f3bal Col\u00f3n en alguno de sus viajes rumbo a Am\u00e9rica y C\u00e1diz capital tuvo el monopolio comercial con las Indias. Fue sede de la Casa de Contrataci\u00f3n y Flota de Indias en el siglo XVIII. La ciudad y otras localidades de su entorno como Sanl\u00facar de Barrameda y El Puerto de Santa Mar\u00eda, se beneficiaron incesantemente de una gran actividad mercantil con el nuevo continente. Llegaron as\u00ed ingredientes que fueron y son imprescindibles desde entonces en la cocina andaluza, como las patatas, los tomates, el cacao, el ma\u00edz, la calabaza, la vainilla, entre muchos otros.<\/p>\n\n\t<\/div>\n\n\n\n<div class=\"col-12 col-sm-12 col-md-4 col-lg-4 col-xl-4 offset-md-2 offset-lg-2 offset-xl-2\">\n\t\t\t\n\n<figure class=\"wp-block-image size-full img-fluid\"><img loading=\"lazy\" decoding=\"async\" width=\"743\" height=\"542\" src=\"https:\/\/www.gustocadiz.com\/wp-content\/uploads\/2021\/12\/siglo-xiii.jpg\" alt=\"\" class=\"wp-image-1983\" srcset=\"https:\/\/www.gustocadiz.com\/wp-content\/uploads\/2021\/12\/siglo-xiii.jpg 743w, https:\/\/www.gustocadiz.com\/wp-content\/uploads\/2021\/12\/siglo-xiii-300x219.jpg 300w\" sizes=\"auto, (max-width: 743px) 100vw, 743px\" \/><\/figure>\n\n\t<\/div>\n\n<\/div>\n\n\n<div class=\"wp-bootstrap-blocks-row row\">\n\t\n\n<div class=\"col-12 col-sm-12 col-md-10 col-lg-10 col-xl-10 text-center offset-md-1 offset-lg-1 offset-xl-1\">\n\t\t\t\n\n<p class=\"amarillo_oscuro\">El desarrollo de C\u00e1diz durante la era moderna y contempor\u00e1nea es continuo. Por se\u00f1alar algunos hitos hist\u00f3ricos para su cultura agroalimentaria, resaltaremos los siguientes:<\/p>\n\n\t<\/div>\n\n<\/div>\n\n\n<div class=\"wp-bootstrap-blocks-row row\">\n\t\n\n<div class=\"col-12 col-sm-12 col-md-6 col-lg-6 col-xl-6\">\n\t\t\t\n\n<figure class=\"wp-block-image size-full img-fluid\"><img loading=\"lazy\" decoding=\"async\" width=\"911\" height=\"634\" src=\"https:\/\/www.gustocadiz.com\/wp-content\/uploads\/2021\/12\/bodegon-historia.jpg\" alt=\"\" class=\"wp-image-1973\" srcset=\"https:\/\/www.gustocadiz.com\/wp-content\/uploads\/2021\/12\/bodegon-historia.jpg 911w, https:\/\/www.gustocadiz.com\/wp-content\/uploads\/2021\/12\/bodegon-historia-300x209.jpg 300w, https:\/\/www.gustocadiz.com\/wp-content\/uploads\/2021\/12\/bodegon-historia-768x534.jpg 768w\" sizes=\"auto, (max-width: 911px) 100vw, 911px\" \/><\/figure>\n\n\t<\/div>\n\n\n\n<div class=\"col-12 col-sm-12 col-md-6 col-lg-6 col-xl-6\">\n\t\t\t\n\n<p>En el siglo XVIII se consolida la crianza de los vinos de Jerez por el m\u00e9todo actual de criaderas y soleras, convirti\u00e9ndose entonces en uno de los vinos m\u00e1s apreciados en el mundo. A partir de este momento, las influencias en la gastronom\u00eda gaditana comienzan a llegar sobre todo de Francia y el Reino Unido, imit\u00e1ndose muchos de los platos y postres de estos pa\u00edses.<br>En el siglo XIX se constata, seg\u00fan los estudios realizados por el gastr\u00f3nomo Manuel Ruiz Torres, la existencia en la Bah\u00eda de C\u00e1diz de numerosos establecimientos donde se fre\u00eda el pescado, una de las elaboraciones m\u00e1s emblem\u00e1ticas de la cocina local, la fritura de piezas recubiertas de harina y fritas en aceite de oliva a alta temperatura.<br>El siglo XX trae como novedad el desarrollo de una importante actividad conservera en torno al pescado azul en la zona costera de C\u00e1diz. Cabe tambi\u00e9n destacar que a finales de este siglo, las tapas como estilo andaluz de comida informal, muy presente en la gastronom\u00eda gaditana, se ha convertido en una tendencia culinaria muy apreciada en el resto del mundo.<\/p>\n\n\t<\/div>\n\n<\/div>\n\n\n<div class=\"wp-bootstrap-blocks-row row\">\n\t\n\n<div class=\"col-12 col-sm-12 col-md-10 col-lg-10 col-xl-10 text-center offset-md-1 offset-lg-1 offset-xl-1\">\n\t\t\t\n\n<h6 class=\"fichas wp-block-heading\">Esta historia de culturas que se han ido fusionando en estos tres milenios, moldeando sus costumbres y su gente, son la base de la diversa y riqu\u00edsima impronta gastron\u00f3mica de la provincia de C\u00e1diz, que se conoce hoy por su distinci\u00f3n, gusto y calidad en mucho lugares del mundo.<\/h6>\n\n\t<\/div>\n\n<\/div>\n\n<\/div>\n\n\n<div class=\"wp-bootstrap-blocks-container container mb-0\">\n\t\n<div class=\"wp-bootstrap-blocks-row row\">\n\t\n\n<div class=\"col-12 col-sm-12 col-md-12 col-lg-12 col-xl-12\">\n\t\t\t\n\n<div class=\"wp-block-group banner\"><div class=\"wp-block-group__inner-container is-layout-flow wp-block-group-is-layout-flow\">\n<figure class=\"wp-block-image size-full img-fluid\"><img loading=\"lazy\" decoding=\"async\" width=\"1230\" height=\"300\" src=\"https:\/\/www.gustocadiz.com\/wp-content\/uploads\/2021\/08\/banner-alimentos-1.jpg\" alt=\"\" class=\"wp-image-1651\" srcset=\"https:\/\/www.gustocadiz.com\/wp-content\/uploads\/2021\/08\/banner-alimentos-1.jpg 1230w, https:\/\/www.gustocadiz.com\/wp-content\/uploads\/2021\/08\/banner-alimentos-1-300x73.jpg 300w, https:\/\/www.gustocadiz.com\/wp-content\/uploads\/2021\/08\/banner-alimentos-1-1024x250.jpg 1024w, https:\/\/www.gustocadiz.com\/wp-content\/uploads\/2021\/08\/banner-alimentos-1-768x187.jpg 768w\" sizes=\"auto, (max-width: 1230px) 100vw, 1230px\" \/><\/figure>\n\n\n\n<div class=\"wp-block-group texto\"><div class=\"wp-block-group__inner-container is-layout-flow wp-block-group-is-layout-flow\">\n<h2 class=\"wp-block-heading\">Descubre nuestros productos<\/h2>\n\n\n\n<a href=\"https:\/\/www.gustocadiz.com\/es\/alimentos\/\" class=\"cta white\">Alimentos<\/a>\n<\/div><\/div>\n<\/div><\/div>\n\n\n\n<div class=\"wp-block-group banner\"><div class=\"wp-block-group__inner-container is-layout-flow wp-block-group-is-layout-flow\">\n<figure class=\"wp-block-image size-full img-fluid\"><img loading=\"lazy\" decoding=\"async\" width=\"1230\" height=\"300\" src=\"http:\/\/www.gustocadiz.com\/wp-content\/uploads\/2021\/08\/banner-vinos-1.jpg\" alt=\"\" class=\"wp-image-1657\" srcset=\"https:\/\/www.gustocadiz.com\/wp-content\/uploads\/2021\/08\/banner-vinos-1.jpg 1230w, https:\/\/www.gustocadiz.com\/wp-content\/uploads\/2021\/08\/banner-vinos-1-300x73.jpg 300w, https:\/\/www.gustocadiz.com\/wp-content\/uploads\/2021\/08\/banner-vinos-1-1024x250.jpg 1024w, https:\/\/www.gustocadiz.com\/wp-content\/uploads\/2021\/08\/banner-vinos-1-768x187.jpg 768w\" sizes=\"auto, (max-width: 1230px) 100vw, 1230px\" \/><\/figure>\n\n\n\n<div class=\"wp-block-group texto\"><div class=\"wp-block-group__inner-container is-layout-flow wp-block-group-is-layout-flow\">\n<h2 class=\"wp-block-heading\">Descubre nuestros vinos<\/h2>\n\n\n\n<a href=\"https:\/\/www.gustocadiz.com\/es\/vinos\/\" class=\"cta white\">Vinos<\/a>\n<\/div><\/div>\n<\/div><\/div>\n\n\t<\/div>\n\n<\/div>\n\n<\/div>\n","protected":false},"excerpt":{"rendered":"","protected":false},"author":7,"featured_media":0,"parent":0,"menu_order":0,"comment_status":"closed","ping_status":"closed","template":"page-templates\/content-full-width.php","meta":{"inline_featured_image":false,"_monsterinsights_skip_tracking":false,"_monsterinsights_sitenote_active":false,"_monsterinsights_sitenote_note":"","_monsterinsights_sitenote_category":0,"footnotes":""},"class_list":["post-1066","page","type-page","status-publish","hentry"],"yoast_head":"<!-- This site is optimized with the Yoast SEO plugin v19.9 - https:\/\/yoast.com\/wordpress\/plugins\/seo\/ -->\n<title>Historia - Gusto C\u00e1diz<\/title>\n<meta name=\"robots\" content=\"index, follow, max-snippet:-1, max-image-preview:large, max-video-preview:-1\" \/>\n<link rel=\"canonical\" href=\"https:\/\/www.gustocadiz.com\/es\/historia\/\" \/>\n<meta property=\"og:locale\" content=\"es_ES\" \/>\n<meta property=\"og:type\" content=\"article\" \/>\n<meta property=\"og:title\" content=\"Historia - Gusto C\u00e1diz\" \/>\n<meta property=\"og:url\" content=\"https:\/\/www.gustocadiz.com\/es\/historia\/\" \/>\n<meta property=\"og:site_name\" content=\"Gusto C\u00e1diz\" \/>\n<meta property=\"article:modified_time\" content=\"2022-01-04T13:03:36+00:00\" \/>\n<meta property=\"og:image\" content=\"https:\/\/www.gustocadiz.com\/wp-content\/uploads\/2021\/12\/historia.jpg\" \/>\n<meta name=\"twitter:card\" content=\"summary_large_image\" \/>\n<meta name=\"twitter:label1\" content=\"Tiempo de lectura\" \/>\n\t<meta name=\"twitter:data1\" content=\"5 minutos\" \/>\n<script type=\"application\/ld+json\" class=\"yoast-schema-graph\">{\"@context\":\"https:\/\/schema.org\",\"@graph\":[{\"@type\":\"WebPage\",\"@id\":\"https:\/\/www.gustocadiz.com\/es\/historia\/\",\"url\":\"https:\/\/www.gustocadiz.com\/es\/historia\/\",\"name\":\"Historia - Gusto C\u00e1diz\",\"isPartOf\":{\"@id\":\"https:\/\/www.gustocadiz.com\/#website\"},\"datePublished\":\"2021-08-27T10:08:00+00:00\",\"dateModified\":\"2022-01-04T13:03:36+00:00\",\"breadcrumb\":{\"@id\":\"https:\/\/www.gustocadiz.com\/es\/historia\/#breadcrumb\"},\"inLanguage\":\"es\",\"potentialAction\":[{\"@type\":\"ReadAction\",\"target\":[\"https:\/\/www.gustocadiz.com\/es\/historia\/\"]}]},{\"@type\":\"BreadcrumbList\",\"@id\":\"https:\/\/www.gustocadiz.com\/es\/historia\/#breadcrumb\",\"itemListElement\":[{\"@type\":\"ListItem\",\"position\":1,\"name\":\"Home\",\"item\":\"https:\/\/www.gustocadiz.com\/es\/\"},{\"@type\":\"ListItem\",\"position\":2,\"name\":\"Historia\"}]},{\"@type\":\"WebSite\",\"@id\":\"https:\/\/www.gustocadiz.com\/#website\",\"url\":\"https:\/\/www.gustocadiz.com\/\",\"name\":\"Gusto C\u00e1diz\",\"description\":\"Alimentos y vinos originales del Sur de Espa\u00f1a\",\"potentialAction\":[{\"@type\":\"SearchAction\",\"target\":{\"@type\":\"EntryPoint\",\"urlTemplate\":\"https:\/\/www.gustocadiz.com\/?s={search_term_string}\"},\"query-input\":\"required name=search_term_string\"}],\"inLanguage\":\"es\"}]}<\/script>\n<!-- \/ Yoast SEO plugin. -->","yoast_head_json":{"title":"Historia - Gusto C\u00e1diz","robots":{"index":"index","follow":"follow","max-snippet":"max-snippet:-1","max-image-preview":"max-image-preview:large","max-video-preview":"max-video-preview:-1"},"canonical":"https:\/\/www.gustocadiz.com\/es\/historia\/","og_locale":"es_ES","og_type":"article","og_title":"Historia - Gusto C\u00e1diz","og_url":"https:\/\/www.gustocadiz.com\/es\/historia\/","og_site_name":"Gusto C\u00e1diz","article_modified_time":"2022-01-04T13:03:36+00:00","og_image":[{"url":"https:\/\/www.gustocadiz.com\/wp-content\/uploads\/2021\/12\/historia.jpg"}],"twitter_card":"summary_large_image","twitter_misc":{"Tiempo de lectura":"5 minutos"},"schema":{"@context":"https:\/\/schema.org","@graph":[{"@type":"WebPage","@id":"https:\/\/www.gustocadiz.com\/es\/historia\/","url":"https:\/\/www.gustocadiz.com\/es\/historia\/","name":"Historia - Gusto C\u00e1diz","isPartOf":{"@id":"https:\/\/www.gustocadiz.com\/#website"},"datePublished":"2021-08-27T10:08:00+00:00","dateModified":"2022-01-04T13:03:36+00:00","breadcrumb":{"@id":"https:\/\/www.gustocadiz.com\/es\/historia\/#breadcrumb"},"inLanguage":"es","potentialAction":[{"@type":"ReadAction","target":["https:\/\/www.gustocadiz.com\/es\/historia\/"]}]},{"@type":"BreadcrumbList","@id":"https:\/\/www.gustocadiz.com\/es\/historia\/#breadcrumb","itemListElement":[{"@type":"ListItem","position":1,"name":"Home","item":"https:\/\/www.gustocadiz.com\/es\/"},{"@type":"ListItem","position":2,"name":"Historia"}]},{"@type":"WebSite","@id":"https:\/\/www.gustocadiz.com\/#website","url":"https:\/\/www.gustocadiz.com\/","name":"Gusto C\u00e1diz","description":"Alimentos y vinos originales del Sur de Espa\u00f1a","potentialAction":[{"@type":"SearchAction","target":{"@type":"EntryPoint","urlTemplate":"https:\/\/www.gustocadiz.com\/?s={search_term_string}"},"query-input":"required name=search_term_string"}],"inLanguage":"es"}]}},"_links":{"self":[{"href":"https:\/\/www.gustocadiz.com\/es\/wp-json\/wp\/v2\/pages\/1066","targetHints":{"allow":["GET"]}}],"collection":[{"href":"https:\/\/www.gustocadiz.com\/es\/wp-json\/wp\/v2\/pages"}],"about":[{"href":"https:\/\/www.gustocadiz.com\/es\/wp-json\/wp\/v2\/types\/page"}],"author":[{"embeddable":true,"href":"https:\/\/www.gustocadiz.com\/es\/wp-json\/wp\/v2\/users\/7"}],"replies":[{"embeddable":true,"href":"https:\/\/www.gustocadiz.com\/es\/wp-json\/wp\/v2\/comments?post=1066"}],"version-history":[{"count":4,"href":"https:\/\/www.gustocadiz.com\/es\/wp-json\/wp\/v2\/pages\/1066\/revisions"}],"predecessor-version":[{"id":2028,"href":"https:\/\/www.gustocadiz.com\/es\/wp-json\/wp\/v2\/pages\/1066\/revisions\/2028"}],"wp:attachment":[{"href":"https:\/\/www.gustocadiz.com\/es\/wp-json\/wp\/v2\/media?parent=1066"}],"curies":[{"name":"wp","href":"https:\/\/api.w.org\/{rel}","templated":true}]}}