{"id":1020,"date":"2021-08-27T08:51:30","date_gmt":"2021-08-27T08:51:30","guid":{"rendered":"http:\/\/www.gustocadiz.com\/?page_id=1020"},"modified":"2021-12-02T16:36:44","modified_gmt":"2021-12-02T14:36:44","slug":"langostinos-de-sanlucar","status":"publish","type":"page","link":"https:\/\/www.gustocadiz.com\/es\/territorios\/la-costa\/langostinos-de-sanlucar\/","title":{"rendered":"Langostinos de Sanl\u00facar"},"content":{"rendered":"\n<div class=\"wp-block-group cabecera\"><div class=\"wp-block-group__inner-container is-layout-flow wp-block-group-is-layout-flow\"><div class=\"wp-bootstrap-blocks-container container mb-0 sec-1\">\n\t\n<div class=\"wp-bootstrap-blocks-row row\">\n\t\n\n<div class=\"col-12 col-sm-12 col-md-8 col-lg-8 col-xl-8 text-center offset-md-2 offset-lg-2 offset-xl-2\">\n\t\t\t\n\n<h1 class=\"wp-block-heading\">El marisco m\u00e1s preciado<\/h1>\n\n\n\n<p>Los langostinos de Sanl\u00facar son uno de los tesoros gastron\u00f3micos m\u00e1s renombrados de C\u00e1diz. Aut\u00e9ntico marisco salvaje de mar, se ha dado a conocer como producto gourmet para los paladares m\u00e1s selectos de toda Espa\u00f1a. Sus caracter\u00edsticas singulares los convierten en un tipo muy distinguido: las cualidades del entorno privilegiado en que se cr\u00eda y el tipo de alimentaci\u00f3n que sostiene, basada en algas y peque\u00f1os crust\u00e1ceos, le aportan una intensidad y una particularidad en su gusto. \u00a1Un bocado exquisito!<\/p>\n\n\t<\/div>\n\n<\/div>\n\n<\/div>\n<\/div><\/div>\n\n\n<div class=\"wp-bootstrap-blocks-container container mb-0 sec-1\">\n\t\n<div class=\"wp-bootstrap-blocks-row row\">\n\t\n\n<div class=\"col-12 col-sm-12 col-md-5 col-lg-5 col-xl-5\">\n\t\t\t\n\n<p>Los langostinos son un crust\u00e1ceo de la misma familia de las gambas. De hecho su apariencia es muy similar aunque cocidos, se diferencian en que los colores de sus bandas horizontales se van alternando entre las de un color m\u00e1s blanquecino y las de un naranja cercano al rojo. Crudos presentan estas rayas horizontales en gamas de marr\u00f3n claro y beige.<br>El tipo que se captura en la provincia es el melicertus kerathurus, parecido al langostino tigre y com\u00fan en otras zonas del Mediterr\u00e1neo. Sus marcas distintivas, que permiten reconocer su autenticidad, son sus gruesos y largos bigotes, sus rayas del lomo algo difuminadas y su colita de color azul tornasolado. Se cr\u00edan en un entorno privilegiado y con una rica biodiversidad, en la desembocadura del r\u00edo Guadalquivir, en los alrededores del Parque Natural de Do\u00f1ana.<br>Se comercializan frescos o congelados, y su consumo permanece en alza. De la lonja sanluque\u00f1a (cuya flota es la mayor y la que m\u00e1s vende), salen anualmente unos 90.000 kilos de langostinos de Sanl\u00facar.<\/p>\n\n\t<\/div>\n\n\n\n<div class=\"col-12 col-sm-12 col-md-6 col-lg-6 col-xl-6 offset-md-1 offset-lg-1 offset-xl-1\">\n\t\t\t\n\n<figure class=\"wp-block-image size-full\"><img loading=\"lazy\" decoding=\"async\" width=\"630\" height=\"458\" src=\"http:\/\/www.gustocadiz.com\/wp-content\/uploads\/2021\/12\/langostino-img-1.jpg\" alt=\"\" class=\"wp-image-1775\" title=\"img-fluid\" srcset=\"https:\/\/www.gustocadiz.com\/wp-content\/uploads\/2021\/12\/langostino-img-1.jpg 630w, https:\/\/www.gustocadiz.com\/wp-content\/uploads\/2021\/12\/langostino-img-1-300x218.jpg 300w\" sizes=\"auto, (max-width: 630px) 100vw, 630px\" \/><\/figure>\n\n\t<\/div>\n\n<\/div>\n\n\n<div class=\"wp-bootstrap-blocks-row row\">\n\t\n\n<div class=\"col-12 col-sm-12 col-md-10 col-lg-10 col-xl-10 text-center offset-md-1 offset-lg-1 offset-xl-1\">\n\t\t\t\n\n<h6 class=\"fichas azul wp-block-heading\">En el a\u00f1o 2015 La Cofrad\u00eda de Pescadores de Sanl\u00facar de Barrameda registr\u00f3 la marca de calidad \u201cLangostino de Sanl\u00facar\u201d para el langostino que se captura en la costa del Bajo Guadalquivir. Esta marca protege a los \u00ablangostinos melicertus kerathurus\u00bb procedentes del caladero del Golfo de C\u00e1diz (costas de Sanl\u00facar de Barrameda, Chipiona y Rota). \u00a1El langostino con gusto a C\u00e1diz!<\/h6>\n\n\t<\/div>\n\n<\/div>\n\n<\/div>\n\n\n<div class=\"wp-bootstrap-blocks-container container mb-2\">\n\t\n<div class=\"wp-bootstrap-blocks-row row\">\n\t\n\n<div class=\"col-12 col-sm-12 col-md-12 col-lg-12 col-xl-12\">\n\t\t\t\n\n<div class=\"wp-block-group banner\"><div class=\"wp-block-group__inner-container is-layout-flow wp-block-group-is-layout-flow\">\n<figure class=\"wp-block-image size-full img-fluid\"><img loading=\"lazy\" decoding=\"async\" width=\"1230\" height=\"300\" src=\"https:\/\/www.gustocadiz.com\/wp-content\/uploads\/2021\/08\/banner-alimentos-1.jpg\" alt=\"\" class=\"wp-image-1651\" srcset=\"https:\/\/www.gustocadiz.com\/wp-content\/uploads\/2021\/08\/banner-alimentos-1.jpg 1230w, https:\/\/www.gustocadiz.com\/wp-content\/uploads\/2021\/08\/banner-alimentos-1-300x73.jpg 300w, https:\/\/www.gustocadiz.com\/wp-content\/uploads\/2021\/08\/banner-alimentos-1-1024x250.jpg 1024w, https:\/\/www.gustocadiz.com\/wp-content\/uploads\/2021\/08\/banner-alimentos-1-768x187.jpg 768w\" sizes=\"auto, (max-width: 1230px) 100vw, 1230px\" \/><\/figure>\n\n\n\n<div class=\"wp-block-group texto\"><div class=\"wp-block-group__inner-container is-layout-flow wp-block-group-is-layout-flow\">\n<h2 class=\"wp-block-heading\">Descubre nuestros productos<\/h2>\n\n\n\n<a href=\"https:\/\/www.gustocadiz.com\/es\/alimentos\/\" class=\"cta white\">Alimentos<\/a>\n<\/div><\/div>\n<\/div><\/div>\n\n\n\n<div class=\"wp-block-group banner\"><div class=\"wp-block-group__inner-container is-layout-flow wp-block-group-is-layout-flow\">\n<figure class=\"wp-block-image size-full img-fluid\"><img loading=\"lazy\" decoding=\"async\" width=\"1230\" height=\"300\" src=\"http:\/\/www.gustocadiz.com\/wp-content\/uploads\/2021\/08\/banner-vinos-1.jpg\" alt=\"\" class=\"wp-image-1657\" srcset=\"https:\/\/www.gustocadiz.com\/wp-content\/uploads\/2021\/08\/banner-vinos-1.jpg 1230w, https:\/\/www.gustocadiz.com\/wp-content\/uploads\/2021\/08\/banner-vinos-1-300x73.jpg 300w, https:\/\/www.gustocadiz.com\/wp-content\/uploads\/2021\/08\/banner-vinos-1-1024x250.jpg 1024w, https:\/\/www.gustocadiz.com\/wp-content\/uploads\/2021\/08\/banner-vinos-1-768x187.jpg 768w\" sizes=\"auto, (max-width: 1230px) 100vw, 1230px\" \/><\/figure>\n\n\n\n<div class=\"wp-block-group texto\"><div class=\"wp-block-group__inner-container is-layout-flow wp-block-group-is-layout-flow\">\n<h2 class=\"wp-block-heading\">Descubre nuestros vinos<\/h2>\n\n\n\n<a href=\"https:\/\/www.gustocadiz.com\/es\/vinos\/\" class=\"cta white\">Vinos<\/a>\n<\/div><\/div>\n<\/div><\/div>\n\n\t<\/div>\n\n<\/div>\n\n<\/div>\n","protected":false},"excerpt":{"rendered":"","protected":false},"author":7,"featured_media":0,"parent":208,"menu_order":0,"comment_status":"closed","ping_status":"closed","template":"page-templates\/content-full-width.php","meta":{"inline_featured_image":false,"_monsterinsights_skip_tracking":false,"_monsterinsights_sitenote_active":false,"_monsterinsights_sitenote_note":"","_monsterinsights_sitenote_category":0,"footnotes":""},"class_list":["post-1020","page","type-page","status-publish","hentry"],"yoast_head":"<!-- This site is optimized with the Yoast SEO plugin v19.9 - https:\/\/yoast.com\/wordpress\/plugins\/seo\/ -->\n<title>Langostinos de Sanl\u00facar - Gusto C\u00e1diz<\/title>\n<meta name=\"robots\" content=\"index, follow, max-snippet:-1, max-image-preview:large, max-video-preview:-1\" \/>\n<link rel=\"canonical\" href=\"https:\/\/www.gustocadiz.com\/es\/territorios\/la-costa\/langostinos-de-sanlucar\/\" \/>\n<meta property=\"og:locale\" content=\"es_ES\" \/>\n<meta property=\"og:type\" content=\"article\" \/>\n<meta property=\"og:title\" content=\"Langostinos de Sanl\u00facar - Gusto C\u00e1diz\" \/>\n<meta property=\"og:url\" content=\"https:\/\/www.gustocadiz.com\/es\/territorios\/la-costa\/langostinos-de-sanlucar\/\" \/>\n<meta property=\"og:site_name\" content=\"Gusto C\u00e1diz\" \/>\n<meta property=\"article:modified_time\" content=\"2021-12-02T14:36:44+00:00\" \/>\n<meta property=\"og:image\" content=\"http:\/\/www.gustocadiz.com\/wp-content\/uploads\/2021\/12\/langostino-img-1.jpg\" \/>\n<meta name=\"twitter:card\" content=\"summary_large_image\" \/>\n<meta name=\"twitter:label1\" content=\"Tiempo de lectura\" \/>\n\t<meta name=\"twitter:data1\" content=\"2 minutos\" \/>\n<script type=\"application\/ld+json\" class=\"yoast-schema-graph\">{\"@context\":\"https:\/\/schema.org\",\"@graph\":[{\"@type\":\"WebPage\",\"@id\":\"https:\/\/www.gustocadiz.com\/es\/territorios\/la-costa\/langostinos-de-sanlucar\/\",\"url\":\"https:\/\/www.gustocadiz.com\/es\/territorios\/la-costa\/langostinos-de-sanlucar\/\",\"name\":\"Langostinos de Sanl\u00facar - Gusto C\u00e1diz\",\"isPartOf\":{\"@id\":\"https:\/\/www.gustocadiz.com\/#website\"},\"datePublished\":\"2021-08-27T08:51:30+00:00\",\"dateModified\":\"2021-12-02T14:36:44+00:00\",\"breadcrumb\":{\"@id\":\"https:\/\/www.gustocadiz.com\/es\/territorios\/la-costa\/langostinos-de-sanlucar\/#breadcrumb\"},\"inLanguage\":\"es\",\"potentialAction\":[{\"@type\":\"ReadAction\",\"target\":[\"https:\/\/www.gustocadiz.com\/es\/territorios\/la-costa\/langostinos-de-sanlucar\/\"]}]},{\"@type\":\"BreadcrumbList\",\"@id\":\"https:\/\/www.gustocadiz.com\/es\/territorios\/la-costa\/langostinos-de-sanlucar\/#breadcrumb\",\"itemListElement\":[{\"@type\":\"ListItem\",\"position\":1,\"name\":\"Home\",\"item\":\"https:\/\/www.gustocadiz.com\/es\/\"},{\"@type\":\"ListItem\",\"position\":2,\"name\":\"Territorios\",\"item\":\"https:\/\/www.gustocadiz.com\/es\/territorios\/\"},{\"@type\":\"ListItem\",\"position\":3,\"name\":\"La Costa\",\"item\":\"https:\/\/www.gustocadiz.com\/es\/territorios\/la-costa\/\"},{\"@type\":\"ListItem\",\"position\":4,\"name\":\"Langostinos de Sanl\u00facar\"}]},{\"@type\":\"WebSite\",\"@id\":\"https:\/\/www.gustocadiz.com\/#website\",\"url\":\"https:\/\/www.gustocadiz.com\/\",\"name\":\"Gusto C\u00e1diz\",\"description\":\"Alimentos y vinos originales del Sur de Espa\u00f1a\",\"potentialAction\":[{\"@type\":\"SearchAction\",\"target\":{\"@type\":\"EntryPoint\",\"urlTemplate\":\"https:\/\/www.gustocadiz.com\/?s={search_term_string}\"},\"query-input\":\"required name=search_term_string\"}],\"inLanguage\":\"es\"}]}<\/script>\n<!-- \/ Yoast SEO plugin. -->","yoast_head_json":{"title":"Langostinos de Sanl\u00facar - Gusto C\u00e1diz","robots":{"index":"index","follow":"follow","max-snippet":"max-snippet:-1","max-image-preview":"max-image-preview:large","max-video-preview":"max-video-preview:-1"},"canonical":"https:\/\/www.gustocadiz.com\/es\/territorios\/la-costa\/langostinos-de-sanlucar\/","og_locale":"es_ES","og_type":"article","og_title":"Langostinos de Sanl\u00facar - Gusto C\u00e1diz","og_url":"https:\/\/www.gustocadiz.com\/es\/territorios\/la-costa\/langostinos-de-sanlucar\/","og_site_name":"Gusto C\u00e1diz","article_modified_time":"2021-12-02T14:36:44+00:00","og_image":[{"url":"http:\/\/www.gustocadiz.com\/wp-content\/uploads\/2021\/12\/langostino-img-1.jpg"}],"twitter_card":"summary_large_image","twitter_misc":{"Tiempo de lectura":"2 minutos"},"schema":{"@context":"https:\/\/schema.org","@graph":[{"@type":"WebPage","@id":"https:\/\/www.gustocadiz.com\/es\/territorios\/la-costa\/langostinos-de-sanlucar\/","url":"https:\/\/www.gustocadiz.com\/es\/territorios\/la-costa\/langostinos-de-sanlucar\/","name":"Langostinos de Sanl\u00facar - Gusto C\u00e1diz","isPartOf":{"@id":"https:\/\/www.gustocadiz.com\/#website"},"datePublished":"2021-08-27T08:51:30+00:00","dateModified":"2021-12-02T14:36:44+00:00","breadcrumb":{"@id":"https:\/\/www.gustocadiz.com\/es\/territorios\/la-costa\/langostinos-de-sanlucar\/#breadcrumb"},"inLanguage":"es","potentialAction":[{"@type":"ReadAction","target":["https:\/\/www.gustocadiz.com\/es\/territorios\/la-costa\/langostinos-de-sanlucar\/"]}]},{"@type":"BreadcrumbList","@id":"https:\/\/www.gustocadiz.com\/es\/territorios\/la-costa\/langostinos-de-sanlucar\/#breadcrumb","itemListElement":[{"@type":"ListItem","position":1,"name":"Home","item":"https:\/\/www.gustocadiz.com\/es\/"},{"@type":"ListItem","position":2,"name":"Territorios","item":"https:\/\/www.gustocadiz.com\/es\/territorios\/"},{"@type":"ListItem","position":3,"name":"La Costa","item":"https:\/\/www.gustocadiz.com\/es\/territorios\/la-costa\/"},{"@type":"ListItem","position":4,"name":"Langostinos de Sanl\u00facar"}]},{"@type":"WebSite","@id":"https:\/\/www.gustocadiz.com\/#website","url":"https:\/\/www.gustocadiz.com\/","name":"Gusto C\u00e1diz","description":"Alimentos y vinos originales del Sur de Espa\u00f1a","potentialAction":[{"@type":"SearchAction","target":{"@type":"EntryPoint","urlTemplate":"https:\/\/www.gustocadiz.com\/?s={search_term_string}"},"query-input":"required name=search_term_string"}],"inLanguage":"es"}]}},"_links":{"self":[{"href":"https:\/\/www.gustocadiz.com\/es\/wp-json\/wp\/v2\/pages\/1020","targetHints":{"allow":["GET"]}}],"collection":[{"href":"https:\/\/www.gustocadiz.com\/es\/wp-json\/wp\/v2\/pages"}],"about":[{"href":"https:\/\/www.gustocadiz.com\/es\/wp-json\/wp\/v2\/types\/page"}],"author":[{"embeddable":true,"href":"https:\/\/www.gustocadiz.com\/es\/wp-json\/wp\/v2\/users\/7"}],"replies":[{"embeddable":true,"href":"https:\/\/www.gustocadiz.com\/es\/wp-json\/wp\/v2\/comments?post=1020"}],"version-history":[{"count":4,"href":"https:\/\/www.gustocadiz.com\/es\/wp-json\/wp\/v2\/pages\/1020\/revisions"}],"predecessor-version":[{"id":1777,"href":"https:\/\/www.gustocadiz.com\/es\/wp-json\/wp\/v2\/pages\/1020\/revisions\/1777"}],"up":[{"embeddable":true,"href":"https:\/\/www.gustocadiz.com\/es\/wp-json\/wp\/v2\/pages\/208"}],"wp:attachment":[{"href":"https:\/\/www.gustocadiz.com\/es\/wp-json\/wp\/v2\/media?parent=1020"}],"curies":[{"name":"wp","href":"https:\/\/api.w.org\/{rel}","templated":true}]}}